{"id":5068,"date":"2026-03-16T04:09:36","date_gmt":"2026-03-16T04:09:36","guid":{"rendered":"https:\/\/nordicore.dk\/?post_type=product&#038;p=5068"},"modified":"2026-03-28T08:53:55","modified_gmt":"2026-03-28T08:53:55","slug":"corerun-advanced-r3000-loebebaand","status":"publish","type":"product","link":"https:\/\/nordicore.dk\/sv\/vare\/corerun-advanced-r3000-loebebaand\/","title":{"rendered":"CoreRun Advanced R3000 L\u00f8beb\u00e5nd"},"content":{"rendered":"<article class=\"text-token-text-primary w-full focus:outline-none [--shadow-height:45px] has-data-writing-block:pointer-events-none has-data-writing-block:-mt-(--shadow-height) has-data-writing-block:pt-(--shadow-height) [&amp;:has([data-writing-block])&gt;*]:pointer-events-auto scroll-mt-(--header-height)\" dir=\"auto\" tabindex=\"-1\" data-turn-id=\"f30b390d-d424-4e6e-a57a-7dbb198a38c2\" data-testid=\"conversation-turn-1\" data-scroll-anchor=\"false\" data-turn=\"user\"><\/article>\n<article class=\"text-token-text-primary w-full focus:outline-none [--shadow-height:45px] has-data-writing-block:pointer-events-none has-data-writing-block:-mt-(--shadow-height) has-data-writing-block:pt-(--shadow-height) [&amp;:has([data-writing-block])&gt;*]:pointer-events-auto scroll-mt-[calc(var(--header-height)+min(200px,max(70px,20svh)))]\" dir=\"auto\" tabindex=\"-1\" data-turn-id=\"request-WEB:a13f5f45-3d62-42ad-a879-6e55f9e52122-7\" data-testid=\"conversation-turn-2\" data-scroll-anchor=\"true\" data-turn=\"assistant\">\n<div class=\"text-base my-auto mx-auto pb-10 [--thread-content-margin:var(--thread-content-margin-xs,calc(var(--spacing)*4))] @w-sm\/main:[--thread-content-margin:var(--thread-content-margin-sm,calc(var(--spacing)*6))] @w-lg\/main:[--thread-content-margin:var(--thread-content-margin-lg,calc(var(--spacing)*16))] px-(--thread-content-margin)\">\n<div class=\"[--thread-content-max-width:40rem] @w-lg\/main:[--thread-content-max-width:48rem] mx-auto max-w-(--thread-content-max-width) flex-1 group\/turn-messages focus-visible:outline-hidden relative flex w-full min-w-0 flex-col agent-turn\" tabindex=\"-1\">\n<div class=\"flex max-w-full flex-col gap-4 grow\">\n<div class=\"min-h-8 text-message relative flex w-full flex-col items-end gap-2 text-start break-words whitespace-normal [.text-message+&amp;]:mt-1\" dir=\"auto\" data-message-author-role=\"assistant\" data-message-id=\"507b0b28-3261-44e2-a7d4-f652df0961ef\" data-message-model-slug=\"gpt-5-3\">\n<div class=\"flex w-full flex-col gap-1 empty:hidden\">\n<div class=\"markdown prose dark:prose-invert w-full wrap-break-word light markdown-new-styling\">\n<h3 data-start=\"0\" data-end=\"72\"><strong data-start=\"0\" data-end=\"72\">CoreRun Advanced R3000 \u2013 Moderne L\u00f8beb\u00e5nd til Effektiv Hjemmetr\u00e6ning<\/strong><\/h3>\n<p data-start=\"74\" data-end=\"456\">CoreRun Advanced R3000 er et moderne og funktionelt l\u00f8beb\u00e5nd designet til effektiv tr\u00e6ning i hjemmet. Med hastigheder op til 16 km\/t, elektronisk h\u00e6ldning op til 15% og en st\u00f8dabsorberende l\u00f8beflade p\u00e5 117\u00d742 cm f\u00e5r du en komfortabel og alsidig tr\u00e6ningsoplevelse. L\u00f8beb\u00e5ndet er ideelt til b\u00e5de gang, jogging og l\u00f8b \u2013 uanset om du tr\u00e6ner for kondition, v\u00e6gttab eller generel fitness.<\/p>\n<h4 data-start=\"458\" data-end=\"496\"><strong data-start=\"458\" data-end=\"496\">St\u00e6rk Ydelse &amp; Komfortabel Tr\u00e6ning<\/strong><\/h4>\n<ul>\n<li data-start=\"498\" data-end=\"539\">St\u00e6rk og driftssikker 2 hk motor (4 peak)<\/li>\n<li data-start=\"541\" data-end=\"602\">Hastighed fra 1\u201316 km\/t \u2013 perfekt til b\u00e5de begyndere og \u00f8vede<\/li>\n<li data-start=\"604\" data-end=\"676\">Elektronisk h\u00e6ldning op til 15% giver mulighed for effektiv bakketr\u00e6ning<\/li>\n<li data-start=\"678\" data-end=\"746\">St\u00f8dabsorberende l\u00f8beflade p\u00e5 117\u00d742 cm for mere sk\u00e5nsom l\u00f8betr\u00e6ning<\/li>\n<li data-start=\"748\" data-end=\"802\">Foldbart design g\u00f8r det nemt at spare plads efter brug<\/li>\n<\/ul>\n<h4 data-start=\"804\" data-end=\"845\"><strong data-start=\"804\" data-end=\"845\">Smart Teknologi &amp; Motiverende Tr\u00e6ning<\/strong><\/h4>\n<ul>\n<li>Stor LED-sk\u00e6rm giver et klart og overskueligt overblik over din tr\u00e6ning<\/li>\n<li data-start=\"847\" data-end=\"903\">Display viser hastighed, distance, tid, kalorier og puls<\/li>\n<li data-start=\"847\" data-end=\"903\">Skrueknap og kontrolpanel med hurtigjustering g\u00f8r det nemt hurtigt at tilpasse din tr\u00e6ning undervejs<\/li>\n<li data-start=\"905\" data-end=\"978\">Bluetooth og app-kompatibilitet (bl.a. KinoMap, Zwift og Fit Show)<\/li>\n<li data-start=\"980\" data-end=\"1048\">12 forudindstillede tr\u00e6ningsprogrammer og forskellige modes giver variation i din tr\u00e6ning<\/li>\n<li data-start=\"1050\" data-end=\"1095\">Uendelige tr\u00e6ningsmuligheder via tr\u00e6ningsapps<\/li>\n<li data-start=\"1097\" data-end=\"1156\">Pulsm\u00e5ling via h\u00e5ndtag samt mulighed for pulsb\u00e6lte (tilk\u00f8b)<\/li>\n<\/ul>\n<h4 data-start=\"1158\" data-end=\"1193\"><strong data-start=\"1158\" data-end=\"1193\">Praktisk Design &amp; H\u00f8j Sikkerhed<\/strong><\/h4>\n<ul>\n<li data-start=\"1195\" data-end=\"1250\">Integrerede transporthjul g\u00f8r l\u00f8beb\u00e5ndet nemt at flytte<\/li>\n<li data-start=\"1252\" data-end=\"1315\">N\u00f8dstop via sikkerhedssnor for maksimal sikkerhed under tr\u00e6ning<\/li>\n<li data-start=\"1317\" data-end=\"1382\">Solid konstruktion med en egenv\u00e6gt p\u00e5 44 kg sikrer stabil tr\u00e6ning<\/li>\n<li data-start=\"1317\" data-end=\"1382\">Maks. brugerv\u00e6gt p\u00e5 120 kg<\/li>\n<li data-start=\"1384\" data-end=\"1447\">Kompakt st\u00f8rrelse: 143 \u00d7 69 \u00d7 127 cm (foldet: 79 \u00d7 69 \u00d7 131 cm)<\/li>\n<\/ul>\n<p data-start=\"1449\" data-end=\"1646\" data-is-last-node=\"\" data-is-only-node=\"\">CoreRun Advanced R3000 kombinerer moderne design, praktiske funktioner og solid ydeevne. Det er et ideelt l\u00f8beb\u00e5nd til dig, der \u00f8nsker en fleksibel og motiverende tr\u00e6ningsoplevelse derhjemme.<\/p>\n<\/div>\n<\/div>\n<\/div>\n<\/div>\n<\/div>\n<\/div>\n<\/article>\n","protected":false},"excerpt":{"rendered":"<ul class=\"feature-list\">\n<li>\n    <svg xmlns=\"http:\/\/www.w3.org\/2000\/svg\" viewBox=\"0 0 16 16\" width=\"24\" height=\"24\" fill=\"green\" aria-hidden=\"true\">\n      <path d=\"M13.485 1.93a1 1 0 0 1 .06 1.415l-7.5 8a1 1 0 0 1-1.398.04L1.5 7.974a1 1 0 0 1 1.414-1.414l2.598 2.6 6.792-7.246a1 1 0 0 1 1.415-.06z\"\/>\n    <\/svg><br \/>\n    <span>16 km\/t<\/span>\n  <\/li>\n<li>\n    <svg xmlns=\"http:\/\/www.w3.org\/2000\/svg\" viewBox=\"0 0 16 16\" width=\"24\" height=\"24\" fill=\"green\" aria-hidden=\"true\">\n      <path d=\"M13.485 1.93a1 1 0 0 1 .06 1.415l-7.5 8a1 1 0 0 1-1.398.04L1.5 7.974a1 1 0 0 1 1.414-1.414l2.598 2.6 6.792-7.246a1 1 0 0 1 1.415-.06z\"\/>\n    <\/svg><br \/>\n    <span>15% elektronisk h\u00e6ldning<\/span>\n  <\/li>\n<li>\n    <svg xmlns=\"http:\/\/www.w3.org\/2000\/svg\" viewBox=\"0 0 16 16\" width=\"24\" height=\"24\" fill=\"green\" aria-hidden=\"true\">\n      <path d=\"M13.485 1.93a1 1 0 0 1 .06 1.415l-7.5 8a1 1 0 0 1-1.398.04L1.5 7.974a1 1 0 0 1 1.414-1.414l2.598 2.6 6.792-7.246a1 1 0 0 1 1.415-.06z\"\/>\n    <\/svg><br \/>\n    <span>2 hk (4 peak)<\/span>\n  <\/li>\n<li>\n    <svg xmlns=\"http:\/\/www.w3.org\/2000\/svg\" viewBox=\"0 0 16 16\" width=\"24\" height=\"24\" fill=\"green\" aria-hidden=\"true\">\n      <path d=\"M13.485 1.93a1 1 0 0 1 .06 1.415l-7.5 8a1 1 0 0 1-1.398.04L1.5 7.974a1 1 0 0 1 1.414-1.414l2.598 2.6 6.792-7.246a1 1 0 0 1 1.415-.06z\"\/>\n    <\/svg><br \/>\n    <span>App-funktion<\/span>\n  <\/li>\n<\/ul>\n","protected":false},"featured_media":5073,"comment_status":"open","ping_status":"closed","template":"","meta":[],"product_brand":[],"product_cat":[192,223],"product_tag":[],"class_list":{"0":"post-5068","1":"product","2":"type-product","3":"status-publish","4":"has-post-thumbnail","6":"product_cat-konditionstraening","7":"product_cat-loepband","8":"product_shipping_class-stora-leveranser","10":"first","11":"instock","12":"sale","13":"taxable","14":"shipping-taxable","15":"purchasable","16":"product-type-simple"},"_links":{"self":[{"href":"https:\/\/nordicore.dk\/sv\/wp-json\/wp\/v2\/product\/5068","targetHints":{"allow":["GET"]}}],"collection":[{"href":"https:\/\/nordicore.dk\/sv\/wp-json\/wp\/v2\/product"}],"about":[{"href":"https:\/\/nordicore.dk\/sv\/wp-json\/wp\/v2\/types\/product"}],"replies":[{"embeddable":true,"href":"https:\/\/nordicore.dk\/sv\/wp-json\/wp\/v2\/comments?post=5068"}],"wp:featuredmedia":[{"embeddable":true,"href":"https:\/\/nordicore.dk\/sv\/wp-json\/wp\/v2\/media\/5073"}],"wp:attachment":[{"href":"https:\/\/nordicore.dk\/sv\/wp-json\/wp\/v2\/media?parent=5068"}],"wp:term":[{"taxonomy":"product_brand","embeddable":true,"href":"https:\/\/nordicore.dk\/sv\/wp-json\/wp\/v2\/product_brand?post=5068"},{"taxonomy":"product_cat","embeddable":true,"href":"https:\/\/nordicore.dk\/sv\/wp-json\/wp\/v2\/product_cat?post=5068"},{"taxonomy":"product_tag","embeddable":true,"href":"https:\/\/nordicore.dk\/sv\/wp-json\/wp\/v2\/product_tag?post=5068"}],"curies":[{"name":"wp","href":"https:\/\/api.w.org\/{rel}","templated":true}]}}