{"id":3858,"date":"2025-10-23T19:43:36","date_gmt":"2025-10-23T19:43:36","guid":{"rendered":"https:\/\/nordicore.dk\/?post_type=product&#038;p=3858"},"modified":"2025-10-24T00:52:39","modified_gmt":"2025-10-24T00:52:39","slug":"mango","status":"publish","type":"product","link":"https:\/\/nordicore.dk\/sv\/vare\/mango\/","title":{"rendered":"Mango"},"content":{"rendered":"<h2 data-start=\"136\" data-end=\"200\">Opdag den perfekte blanding af n\u00e6ring og l\u00e6kker smag<\/h2>\n<p data-start=\"201\" data-end=\"585\">Fryset\u00f8rret mango bringer den fyldige, solkyssede smag af tropiske mangoer ind i en spr\u00f8d og bekvem snack. Mango er ber\u00f8mt for sin naturligt s\u00f8de, let syrlige smag og bl\u00f8de tekstur og er en elsket frugt verden over. Vores fryset\u00f8rringsproces bevarer alle de saftige goder og n\u00e6ringsstoffer fra frisk mango, hvilket giver dig en livlig, klar til at nyde godbid, der er perfekt n\u00e5r som helst og hvor som helst.<\/p>\n<h2 data-start=\"587\" data-end=\"625\">Enest\u00e5ende kvalitet, du kan stole p\u00e5<\/h2>\n<p data-start=\"626\" data-end=\"1058\">Vores fryset\u00f8rrede mango er lavet af h\u00e5ndplukkede, fuldt modne mangoer og omhyggeligt forarbejdet for at bevare deres kraftige smag og n\u00e6ringsv\u00e6rdi. Uden tilsat sukker, konserveringsmidler eller kunstige ingredienser leverer hvert stykke den rene, autentiske smag af \u00e6gte mango. Uanset om du blender den i smoothies, tils\u00e6tter den til salater eller nyder den direkte fra posen, tilbyder den et tilfredsstillende, tropisk udbrud i hver bid.<\/p>\n<h2 data-start=\"1060\" data-end=\"1091\">L\u00e5s op for sundhedsfordelene<\/h2>\n<p data-start=\"1092\" data-end=\"1419\">Mangoer er fyldt med essentielle vitaminer som A og C, samt antioxidanter og fibre, der underst\u00f8tter immunforsvaret, \u00f8jensundheden og ford\u00f8jelsen. Fryset\u00f8rringsprocessen sikrer, at disse n\u00e6ringsstoffer forbliver intakte, samtidig med at den forl\u00e6nger holdbarheden, s\u00e5 du kan nyde mangoens sundhedsfordele uden besv\u00e6ret med at skr\u00e6lle eller \u00f8del\u00e6gge dem.<\/p>\n<h2 data-start=\"1421\" data-end=\"1461\">Hvorfor v\u00e6lge fryset\u00f8rret frem for frisk?<\/h2>\n<p data-start=\"1462\" data-end=\"1833\">Friske mangoer er l\u00e6kre, men de kan v\u00e6re beskidte og kortlivede. Fryset\u00f8rret mango tilbyder den samme fantastiske smag med st\u00f8rre bekvemmelighed \u2013 ingen udsk\u00e6ring, ingen kl\u00e6brige h\u00e6nder og ingen k\u00f8ling n\u00f8dvendig. Let og nem at opbevare, det er den perfekte snack til arbejde, skole, rejser eller udend\u00f8rs eventyr. Dens intense naturlige s\u00f8dme og spr\u00f8dhed g\u00f8r den til en go-to-godbid for alle aldre.<\/p>\n<p data-start=\"1835\" data-end=\"1990\">Nyd den uimodst\u00e5elige smag af tropiske mangoer \u2013 spr\u00f8de, rene og naturligt s\u00f8de \u2013 med fryset\u00f8rret mango. En frugtagtig fork\u00e6lelse, du vil have det godt med.<\/p>\n","protected":false},"excerpt":{"rendered":"<p>Opdag den perfekte blanding af n\u00e6ring og l\u00e6kker smag Fryset\u00f8rret mango bringer den fyldige, solkyssede smag af tropiske mangoer ind i en spr\u00f8d og bekvem snack. Mango er ber\u00f8mt for sin naturligt s\u00f8de, let syrlige smag og bl\u00f8de tekstur og er en elsket frugt verden over. Vores fryset\u00f8rringsproces bevarer alle de saftige goder og n\u00e6ringsstoffer [&#8230;]\n","protected":false},"featured_media":3929,"comment_status":"open","ping_status":"closed","template":"","meta":[],"product_brand":[],"product_cat":[256,258,257],"product_tag":[],"class_list":{"0":"post-3858","1":"product","2":"type-product","3":"status-publish","4":"has-post-thumbnail","6":"product_cat-mellanmaal-foer-traening","7":"product_cat-frystorkade-frukter","8":"product_cat-frystorkade-snacks","10":"first","11":"instock","12":"sale","13":"taxable","14":"shipping-taxable","15":"purchasable","16":"product-type-variable","17":"wvs-archive-product-wrapper"},"_links":{"self":[{"href":"https:\/\/nordicore.dk\/sv\/wp-json\/wp\/v2\/product\/3858","targetHints":{"allow":["GET"]}}],"collection":[{"href":"https:\/\/nordicore.dk\/sv\/wp-json\/wp\/v2\/product"}],"about":[{"href":"https:\/\/nordicore.dk\/sv\/wp-json\/wp\/v2\/types\/product"}],"replies":[{"embeddable":true,"href":"https:\/\/nordicore.dk\/sv\/wp-json\/wp\/v2\/comments?post=3858"}],"wp:featuredmedia":[{"embeddable":true,"href":"https:\/\/nordicore.dk\/sv\/wp-json\/wp\/v2\/media\/3929"}],"wp:attachment":[{"href":"https:\/\/nordicore.dk\/sv\/wp-json\/wp\/v2\/media?parent=3858"}],"wp:term":[{"taxonomy":"product_brand","embeddable":true,"href":"https:\/\/nordicore.dk\/sv\/wp-json\/wp\/v2\/product_brand?post=3858"},{"taxonomy":"product_cat","embeddable":true,"href":"https:\/\/nordicore.dk\/sv\/wp-json\/wp\/v2\/product_cat?post=3858"},{"taxonomy":"product_tag","embeddable":true,"href":"https:\/\/nordicore.dk\/sv\/wp-json\/wp\/v2\/product_tag?post=3858"}],"curies":[{"name":"wp","href":"https:\/\/api.w.org\/{rel}","templated":true}]}}