{"id":3853,"date":"2025-10-23T19:43:02","date_gmt":"2025-10-23T19:43:02","guid":{"rendered":"https:\/\/nordicore.dk\/?post_type=product&#038;p=3853"},"modified":"2025-10-24T00:51:34","modified_gmt":"2025-10-24T00:51:34","slug":"figne","status":"publish","type":"product","link":"https:\/\/nordicore.dk\/sv\/vare\/figne\/","title":{"rendered":"Figne"},"content":{"rendered":"<h2 data-start=\"146\" data-end=\"212\">Opdag den perfekte blanding af n\u00e6ring og naturlig s\u00f8dme<\/h2>\n<p data-start=\"213\" data-end=\"610\">Fryset\u00f8rrede figner tilbyder den fyldige, jordagtige s\u00f8dme fra modne figner i en let og spr\u00f8d form. Figner er v\u00e6rdsat for deres unikke tekstur, honningsmag og n\u00e6ringst\u00e6thed og har l\u00e6nge v\u00e6ret v\u00e6rdsat som en naturligt m\u00e6ttende godbid. Vores sk\u00e5nsomme fryset\u00f8rringsproces indfanger essensen af \u200b\u200bfriske figner &#8211; og bevarer deres smag, fibre og antioxidanter i en bekvem og holdbar snack, du kan nyde overalt.<\/p>\n<h2 data-start=\"612\" data-end=\"650\">Enest\u00e5ende kvalitet, du kan stole p\u00e5<\/h2>\n<p data-start=\"651\" data-end=\"1073\">Vi starter med solmodne figner af premiumkvalitet og fryset\u00f8rrer dem, n\u00e5r de er friske nok, for at bevare deres karakteristiske smag og n\u00e6ringsv\u00e6rdi. Uden tilsat sukker, konserveringsmidler eller kunstige ingredienser leverer fryset\u00f8rrede figner en ren og autentisk frugtoplevelse. Perfekt som en selvst\u00e6ndig snack, blandet i granola eller brugt til at forbedre charcuterie-br\u00e6tter og bagv\u00e6rk \u2013 det er et smagfuldt og n\u00e6rende supplement til enhver rutine.<\/p>\n<h2 data-start=\"1075\" data-end=\"1106\">L\u00e5s op for sundhedsfordelene<\/h2>\n<p data-start=\"1107\" data-end=\"1448\">Figner er naturligt rige p\u00e5 kostfibre, kalium, calcium og antioxidanter \u2013 hvilket underst\u00f8tter ford\u00f8jelsessundhed, knoglestyrke og hjertesundhed. Fryset\u00f8rringsprocessen bevarer disse essentielle n\u00e6ringsstoffer, samtidig med at den forl\u00e6nger holdbarheden, hvilket g\u00f8r det nemt at nyde de sundhedsm\u00e6ssige fordele ved figner uden den letford\u00e6rvelige eller klistrede rod, som frisk frugt giver.<\/p>\n<h2 data-start=\"1450\" data-end=\"1490\">Hvorfor v\u00e6lge fryset\u00f8rret frem for frisk?<\/h2>\n<p data-start=\"1491\" data-end=\"1828\">Friske figner er l\u00e6kre, men sarte og har en kort holdbarhed. Fryset\u00f8rrede figner tilbyder al smagen og n\u00e6ringsindholdet uden besv\u00e6r. De er lette, rodfri og klar til at spise, og de er en smart l\u00f8sning til at snacke p\u00e5 farten eller forbedre opskrifter med en s\u00f8d, sej knas. Ingen k\u00f8ling, ingen udsk\u00e6ring &#8211; bare ren figensmag i hver bid.<\/p>\n<p data-start=\"1830\" data-end=\"1985\">Nyd fignernes tidl\u00f8se rigdom p\u00e5 en helt ny m\u00e5de med fryset\u00f8rrede figner \u2013 en naturligt s\u00f8d, fiberrig snack, der er lige s\u00e5 sund, som den er l\u00e6kker.<\/p>\n","protected":false},"excerpt":{"rendered":"<p>Opdag den perfekte blanding af n\u00e6ring og naturlig s\u00f8dme Fryset\u00f8rrede figner tilbyder den fyldige, jordagtige s\u00f8dme fra modne figner i en let og spr\u00f8d form. Figner er v\u00e6rdsat for deres unikke tekstur, honningsmag og n\u00e6ringst\u00e6thed og har l\u00e6nge v\u00e6ret v\u00e6rdsat som en naturligt m\u00e6ttende godbid. Vores sk\u00e5nsomme fryset\u00f8rringsproces indfanger essensen af \u200b\u200bfriske figner &#8211; og [&#8230;]\n","protected":false},"featured_media":3935,"comment_status":"open","ping_status":"closed","template":"","meta":[],"product_brand":[],"product_cat":[256,258,257],"product_tag":[],"class_list":{"0":"post-3853","1":"product","2":"type-product","3":"status-publish","4":"has-post-thumbnail","6":"product_cat-mellanmaal-foer-traening","7":"product_cat-frystorkade-frukter","8":"product_cat-frystorkade-snacks","10":"first","11":"instock","12":"sale","13":"taxable","14":"shipping-taxable","15":"purchasable","16":"product-type-variable","17":"wvs-archive-product-wrapper"},"_links":{"self":[{"href":"https:\/\/nordicore.dk\/sv\/wp-json\/wp\/v2\/product\/3853","targetHints":{"allow":["GET"]}}],"collection":[{"href":"https:\/\/nordicore.dk\/sv\/wp-json\/wp\/v2\/product"}],"about":[{"href":"https:\/\/nordicore.dk\/sv\/wp-json\/wp\/v2\/types\/product"}],"replies":[{"embeddable":true,"href":"https:\/\/nordicore.dk\/sv\/wp-json\/wp\/v2\/comments?post=3853"}],"wp:featuredmedia":[{"embeddable":true,"href":"https:\/\/nordicore.dk\/sv\/wp-json\/wp\/v2\/media\/3935"}],"wp:attachment":[{"href":"https:\/\/nordicore.dk\/sv\/wp-json\/wp\/v2\/media?parent=3853"}],"wp:term":[{"taxonomy":"product_brand","embeddable":true,"href":"https:\/\/nordicore.dk\/sv\/wp-json\/wp\/v2\/product_brand?post=3853"},{"taxonomy":"product_cat","embeddable":true,"href":"https:\/\/nordicore.dk\/sv\/wp-json\/wp\/v2\/product_cat?post=3853"},{"taxonomy":"product_tag","embeddable":true,"href":"https:\/\/nordicore.dk\/sv\/wp-json\/wp\/v2\/product_tag?post=3853"}],"curies":[{"name":"wp","href":"https:\/\/api.w.org\/{rel}","templated":true}]}}