{"id":3844,"date":"2025-10-23T19:43:01","date_gmt":"2025-10-23T19:43:01","guid":{"rendered":"https:\/\/nordicore.dk\/?post_type=product&#038;p=3844"},"modified":"2025-10-24T00:50:56","modified_gmt":"2025-10-24T00:50:56","slug":"jordbaer","status":"publish","type":"product","link":"https:\/\/nordicore.dk\/sv\/vare\/jordbaer\/","title":{"rendered":"Jordb\u00e6r"},"content":{"rendered":"<h2 data-start=\"164\" data-end=\"226\">Opdag den perfekte blanding af n\u00e6ring og frisk smag<\/h2>\n<p data-start=\"227\" data-end=\"643\">Fryset\u00f8rrede jordb\u00e6r bringer den elskede smag af modne, saftige jordb\u00e6r ind i en spr\u00f8d og bekvem snack. Jordb\u00e6r, der er kendt for deres livlige r\u00f8de farve, naturlige s\u00f8dme og forfriskende syrlighed, er en tidl\u00f8s favorit. Vores fryset\u00f8rringsproces fastholder al den friskplukkede smag og n\u00e6ringsv\u00e6rdi &#8211; hvilket giver en rodfri, klar til at nyde mulighed, der tilfredsstiller b\u00e5de dine cravings og dine wellness-m\u00e5l.<\/p>\n<h2 data-start=\"645\" data-end=\"683\">Enest\u00e5ende kvalitet, du kan stole p\u00e5<\/h2>\n<p data-start=\"684\" data-end=\"1079\">Vi starter med f\u00f8rsteklasses, vinmodne jordb\u00e6r og fryset\u00f8rrer dem omhyggeligt for at bevare deres fulde smag, tekstur og n\u00e6ringsstoffer. Hver bid er 100% naturlig uden tilsat sukker, konserveringsmidler eller kunstige tils\u00e6tningsstoffer. Uanset om det drysses p\u00e5 morgenmadsprodukter, blendes i smoothies eller nydes i en h\u00e5ndfuld, leverer fryset\u00f8rrede jordb\u00e6r en naturligt s\u00f8d og spr\u00f8d oplevelse, du kan have det godt med.<\/p>\n<h2 data-start=\"1081\" data-end=\"1112\">L\u00e5s op for sundhedsfordelene<\/h2>\n<p data-start=\"1113\" data-end=\"1475\">Jordb\u00e6r er fyldt med antioxidanter, C-vitamin, mangan og kostfibre \u2013 der underst\u00f8tter immunforsvaret, hudens sundhed og ford\u00f8jelsen. Fryset\u00f8rringsprocessen bevarer disse essentielle n\u00e6ringsstoffer, samtidig med at den forl\u00e6nger holdbarheden, hvilket g\u00f8r det nemmere end nogensinde at nyde fordelene ved rigtig frugt p\u00e5 farten. Det er en l\u00e6kker og smart m\u00e5de at \u00f8ge din daglige ern\u00e6ring p\u00e5.<\/p>\n<h2 data-start=\"1477\" data-end=\"1517\">Hvorfor v\u00e6lge fryset\u00f8rret frem for frisk?<\/h2>\n<p data-start=\"1518\" data-end=\"1835\">Friske jordb\u00e6r er s\u00e6sonbestemte og letford\u00e6rvelige, men fryset\u00f8rrede jordb\u00e6r tilbyder smag \u00e5ret rundt uden at blive ford\u00e6rvet eller blive tilberedt. De er lette og holdbare, perfekte til rejser, madpakker, vandreture eller opbevaring i spisekammeret. Den intense b\u00e6rsmag og m\u00e6ttende spr\u00f8dhed g\u00f8r det til en snack, du vil r\u00e6kke ud efter igen og igen.<\/p>\n<p data-start=\"1837\" data-end=\"1995\">Nyd jordb\u00e6rrenes tidl\u00f8se s\u00f8dme \u2013 spr\u00f8de, rene og bekvemme \u2013 med fryset\u00f8rrede jordb\u00e6r. En naturlig l\u00e6kkerbisken, du vil elske hver dag.<\/p>\n","protected":false},"excerpt":{"rendered":"<p>Opdag den perfekte blanding af n\u00e6ring og frisk smag Fryset\u00f8rrede jordb\u00e6r bringer den elskede smag af modne, saftige jordb\u00e6r ind i en spr\u00f8d og bekvem snack. Jordb\u00e6r, der er kendt for deres livlige r\u00f8de farve, naturlige s\u00f8dme og forfriskende syrlighed, er en tidl\u00f8s favorit. Vores fryset\u00f8rringsproces fastholder al den friskplukkede smag og n\u00e6ringsv\u00e6rdi &#8211; hvilket [&#8230;]\n","protected":false},"featured_media":3953,"comment_status":"open","ping_status":"closed","template":"","meta":[],"product_brand":[],"product_cat":[256,258,257],"product_tag":[],"class_list":{"0":"post-3844","1":"product","2":"type-product","3":"status-publish","4":"has-post-thumbnail","6":"product_cat-mellanmaal-foer-traening","7":"product_cat-frystorkade-frukter","8":"product_cat-frystorkade-snacks","10":"first","11":"instock","12":"sale","13":"taxable","14":"shipping-taxable","15":"purchasable","16":"product-type-variable","17":"wvs-archive-product-wrapper"},"_links":{"self":[{"href":"https:\/\/nordicore.dk\/sv\/wp-json\/wp\/v2\/product\/3844","targetHints":{"allow":["GET"]}}],"collection":[{"href":"https:\/\/nordicore.dk\/sv\/wp-json\/wp\/v2\/product"}],"about":[{"href":"https:\/\/nordicore.dk\/sv\/wp-json\/wp\/v2\/types\/product"}],"replies":[{"embeddable":true,"href":"https:\/\/nordicore.dk\/sv\/wp-json\/wp\/v2\/comments?post=3844"}],"wp:featuredmedia":[{"embeddable":true,"href":"https:\/\/nordicore.dk\/sv\/wp-json\/wp\/v2\/media\/3953"}],"wp:attachment":[{"href":"https:\/\/nordicore.dk\/sv\/wp-json\/wp\/v2\/media?parent=3844"}],"wp:term":[{"taxonomy":"product_brand","embeddable":true,"href":"https:\/\/nordicore.dk\/sv\/wp-json\/wp\/v2\/product_brand?post=3844"},{"taxonomy":"product_cat","embeddable":true,"href":"https:\/\/nordicore.dk\/sv\/wp-json\/wp\/v2\/product_cat?post=3844"},{"taxonomy":"product_tag","embeddable":true,"href":"https:\/\/nordicore.dk\/sv\/wp-json\/wp\/v2\/product_tag?post=3844"}],"curies":[{"name":"wp","href":"https:\/\/api.w.org\/{rel}","templated":true}]}}