{"id":3840,"date":"2025-10-23T19:43:00","date_gmt":"2025-10-23T19:43:00","guid":{"rendered":"https:\/\/nordicore.dk\/?post_type=product&#038;p=3840"},"modified":"2025-10-24T00:49:48","modified_gmt":"2025-10-24T00:49:48","slug":"dragefrugt","status":"publish","type":"product","link":"https:\/\/nordicore.dk\/sv\/vare\/dragefrugt\/","title":{"rendered":"Dragefrugt"},"content":{"rendered":"<h2>Opdag den perfekte blanding af n\u00e6ring og smag<\/h2>\n<p>Fryset\u00f8rret dragefrugt bringer den eksotiske smag af troperne ind i din daglige rutine. Dragefrugt er kendt for sin livlige farve, spr\u00f8de tekstur og dejlige s\u00f8dme og er ikke kun en fest for sanserne, men ogs\u00e5 et kraftv\u00e6rk af essentielle n\u00e6ringsstoffer. Ved fryset\u00f8rring bevarer denne superfrugt sin friskhed, binder vitaminer, antioxidanter og naturlige smagsstoffer, samtidig med at den tilbyder en bekvemmelighed, der er uovertruffen ved friske r\u00e5varer. Dette g\u00f8r den til den ideelle snack eller kulinariske ingrediens for dem, der s\u00f8ger sundhedsfokuserede muligheder p\u00e5 farten uden at g\u00e5 p\u00e5 kompromis med kvaliteten.<\/p>\n<h2>Enest\u00e5ende kvalitet, du kan stole p\u00e5<\/h2>\n<p>Vores fryset\u00f8rrede dragefrugt er udvundet af dragefrugter af f\u00f8rsteklasses kvalitet og gennemg\u00e5r en omhyggelig fryset\u00f8rringsproces for at bevare dens n\u00e6ringsv\u00e6rdi og karakteristiske smag. Hvert stykke er 100% naturligt uden tilsat sukker, konserveringsmidler eller kunstige smagsstoffer, hvilket giver dig en autentisk tropisk oplevelse. Uanset om du tils\u00e6tter den til smoothies, yoghurtbowls, salater eller blot nyder den som en spr\u00f8d snack, vil du s\u00e6tte pris p\u00e5 dens fyldige tekstur og uds\u00f8gte noter af s\u00f8dme.<\/p>\n<h2>L\u00e5s op for sundhedsfordelene<\/h2>\n<p>Dragefrugt er ber\u00f8mt for sine imponerende sundhedsm\u00e6ssige fordele. Pakket med essentielle vitaminer som C og B, sammen med et v\u00e6ld af antioxidanter, fremmer den immuniteten, underst\u00f8tter en gl\u00f8dende hud og fremmer ford\u00f8jelsen med sit fiberindhold. Fryset\u00f8rringsprocessen forl\u00e6nger holdbarheden, samtidig med at den bevarer den ern\u00e6ringsm\u00e6ssige integritet, hvilket giver dig en l\u00e6kker m\u00e5de at supplere din kost med en naturlig superfood.<\/p>\n<h2>Hvorfor v\u00e6lge fryset\u00f8rret frem for frisk?<\/h2>\n<p>I mods\u00e6tning til frisk dragefrugt er dens fryset\u00f8rrede modstykke let, holdbar og nem at opbevare, hvilket betyder ingen \u00f8del\u00e6ggelse eller spild. Den kompakte st\u00f8rrelse g\u00f8r den perfekt til rejser, vandreture eller daglige snacks. Derudover giver den intense knas og koncentrerede naturlige s\u00f8dme en vanedannende spiseoplevelse, der gl\u00e6der ganen. Omfavn alsidigheden ved fryset\u00f8rret dragefrugt, og gent\u00e6nk, hvordan du inkorporerer tropiske l\u00e6kkerier i din menu.<\/p>\n<p>L\u00f8ft din snackoplevelse i dag med fryset\u00f8rret dragefrugt \u2013 en skyldfri fork\u00e6lelse, der er lige s\u00e5 n\u00e6rende, som den er l\u00e6kker!<\/p>\n","protected":false},"excerpt":{"rendered":"<div class=\"selling-points-list-crunchlab\"><\/div>\n<p>&nbsp;<\/p>\n","protected":false},"featured_media":3915,"comment_status":"open","ping_status":"closed","template":"","meta":[],"product_brand":[],"product_cat":[256,258,257],"product_tag":[],"class_list":{"0":"post-3840","1":"product","2":"type-product","3":"status-publish","4":"has-post-thumbnail","6":"product_cat-mellanmaal-foer-traening","7":"product_cat-frystorkade-frukter","8":"product_cat-frystorkade-snacks","10":"first","11":"instock","12":"sale","13":"taxable","14":"shipping-taxable","15":"purchasable","16":"product-type-variable","17":"wvs-archive-product-wrapper"},"_links":{"self":[{"href":"https:\/\/nordicore.dk\/sv\/wp-json\/wp\/v2\/product\/3840","targetHints":{"allow":["GET"]}}],"collection":[{"href":"https:\/\/nordicore.dk\/sv\/wp-json\/wp\/v2\/product"}],"about":[{"href":"https:\/\/nordicore.dk\/sv\/wp-json\/wp\/v2\/types\/product"}],"replies":[{"embeddable":true,"href":"https:\/\/nordicore.dk\/sv\/wp-json\/wp\/v2\/comments?post=3840"}],"wp:featuredmedia":[{"embeddable":true,"href":"https:\/\/nordicore.dk\/sv\/wp-json\/wp\/v2\/media\/3915"}],"wp:attachment":[{"href":"https:\/\/nordicore.dk\/sv\/wp-json\/wp\/v2\/media?parent=3840"}],"wp:term":[{"taxonomy":"product_brand","embeddable":true,"href":"https:\/\/nordicore.dk\/sv\/wp-json\/wp\/v2\/product_brand?post=3840"},{"taxonomy":"product_cat","embeddable":true,"href":"https:\/\/nordicore.dk\/sv\/wp-json\/wp\/v2\/product_cat?post=3840"},{"taxonomy":"product_tag","embeddable":true,"href":"https:\/\/nordicore.dk\/sv\/wp-json\/wp\/v2\/product_tag?post=3840"}],"curies":[{"name":"wp","href":"https:\/\/api.w.org\/{rel}","templated":true}]}}