{"id":3834,"date":"2025-10-23T19:42:59","date_gmt":"2025-10-23T19:42:59","guid":{"rendered":"https:\/\/nordicore.dk\/?post_type=product&#038;p=3834"},"modified":"2025-10-24T00:49:10","modified_gmt":"2025-10-24T00:49:10","slug":"ananas","status":"publish","type":"product","link":"https:\/\/nordicore.dk\/sv\/vare\/ananas\/","title":{"rendered":"Ananas"},"content":{"rendered":"<h2 data-start=\"142\" data-end=\"209\">Opdag den perfekte blanding af n\u00e6ring og tropisk s\u00f8dme<\/h2>\n<p data-start=\"210\" data-end=\"599\">Fryset\u00f8rret ananas leverer den fyldige, saftige smag af troperne i en let og spr\u00f8d form. Ananas er kendt for sin gyldne farve, syrlige s\u00f8de smag og forfriskende pift og er en tropisk favorit, der \u00f8jeblikkeligt pifter enhver snack eller m\u00e5ltid op. Vores fryset\u00f8rringsproces bevarer dens naturlige smag og n\u00e6ringsstoffer, hvilket giver dig en l\u00e6kker og bekvem m\u00e5de at nyde ananas n\u00e5r som helst og hvor som helst.<\/p>\n<h2 data-start=\"601\" data-end=\"639\">Enest\u00e5ende kvalitet, du kan stole p\u00e5<\/h2>\n<p data-start=\"640\" data-end=\"1040\">Vi bruger kun f\u00f8rsteklasses, modne ananaser, der h\u00f8stes ved deres bedste s\u00f8dme og fryset\u00f8rres forsigtigt for at bevare deres smag, tekstur og n\u00e6ringsv\u00e6rdi. Hvert stykke er 100% naturligt uden tilsat sukker, konserveringsmidler eller kunstige smagsstoffer. Uanset om du blander det i en smoothie, topper din havregr\u00f8d eller nyder det direkte fra posen, bringer fryset\u00f8rret ananas et strejf af solskin til hver bid.<\/p>\n<h2 data-start=\"1042\" data-end=\"1073\">L\u00e5s op for sundhedsfordelene<\/h2>\n<p data-start=\"1074\" data-end=\"1431\">Ananas er rig p\u00e5 C-vitamin, mangan og bromelain \u2013 et enzym kendt for sine ford\u00f8jelses- og antiinflammatoriske egenskaber. Det indeholder ogs\u00e5 antioxidanter og fibre, hvilket g\u00f8r det til et smart valg til at underst\u00f8tte immunforsvar, ford\u00f8jelse og generel velv\u00e6re. Fryset\u00f8rring sikrer disse fordele, samtidig med at det giver en holdbar og rodfri l\u00f8sning til sunde snacks.<\/p>\n<h2 data-start=\"1433\" data-end=\"1473\">Hvorfor v\u00e6lge fryset\u00f8rret frem for frisk?<\/h2>\n<p data-start=\"1474\" data-end=\"1842\">Frisk ananas er saftig og l\u00e6kker \u2013 men ofte klistret, tyk og hurtigt til at ford\u00e6rve. Fryset\u00f8rret ananas tilbyder al smagen uden rod. Let, holdbar og perfekt b\u00e6rbar, ideel til rejser, skole, udend\u00f8rs eventyr eller blot til at fylde dit spisekammer op. Dens intense s\u00f8dme og tilfredsstillende spr\u00f8dhed g\u00f8r den til en snack, der er sv\u00e6r at modst\u00e5.<\/p>\n<p data-start=\"1844\" data-end=\"1961\">Lys din dag op med fryset\u00f8rret ananas \u2013 naturligt s\u00f8d, uendeligt l\u00e6kker som snack og fuld af tropiske l\u00e6kkerier.<\/p>\n","protected":false},"excerpt":{"rendered":"<p>Opdag den perfekte blanding af n\u00e6ring og tropisk s\u00f8dme Fryset\u00f8rret ananas leverer den fyldige, saftige smag af troperne i en let og spr\u00f8d form. Ananas er kendt for sin gyldne farve, syrlige s\u00f8de smag og forfriskende pift og er en tropisk favorit, der \u00f8jeblikkeligt pifter enhver snack eller m\u00e5ltid op. Vores fryset\u00f8rringsproces bevarer dens naturlige [&#8230;]\n","protected":false},"featured_media":3959,"comment_status":"open","ping_status":"closed","template":"","meta":[],"product_brand":[],"product_cat":[256,258,257],"product_tag":[],"class_list":{"0":"post-3834","1":"product","2":"type-product","3":"status-publish","4":"has-post-thumbnail","6":"product_cat-mellanmaal-foer-traening","7":"product_cat-frystorkade-frukter","8":"product_cat-frystorkade-snacks","10":"first","11":"instock","12":"sale","13":"taxable","14":"shipping-taxable","15":"purchasable","16":"product-type-variable","17":"wvs-archive-product-wrapper"},"_links":{"self":[{"href":"https:\/\/nordicore.dk\/sv\/wp-json\/wp\/v2\/product\/3834","targetHints":{"allow":["GET"]}}],"collection":[{"href":"https:\/\/nordicore.dk\/sv\/wp-json\/wp\/v2\/product"}],"about":[{"href":"https:\/\/nordicore.dk\/sv\/wp-json\/wp\/v2\/types\/product"}],"replies":[{"embeddable":true,"href":"https:\/\/nordicore.dk\/sv\/wp-json\/wp\/v2\/comments?post=3834"}],"wp:featuredmedia":[{"embeddable":true,"href":"https:\/\/nordicore.dk\/sv\/wp-json\/wp\/v2\/media\/3959"}],"wp:attachment":[{"href":"https:\/\/nordicore.dk\/sv\/wp-json\/wp\/v2\/media?parent=3834"}],"wp:term":[{"taxonomy":"product_brand","embeddable":true,"href":"https:\/\/nordicore.dk\/sv\/wp-json\/wp\/v2\/product_brand?post=3834"},{"taxonomy":"product_cat","embeddable":true,"href":"https:\/\/nordicore.dk\/sv\/wp-json\/wp\/v2\/product_cat?post=3834"},{"taxonomy":"product_tag","embeddable":true,"href":"https:\/\/nordicore.dk\/sv\/wp-json\/wp\/v2\/product_tag?post=3834"}],"curies":[{"name":"wp","href":"https:\/\/api.w.org\/{rel}","templated":true}]}}