{"id":3832,"date":"2025-10-23T19:42:58","date_gmt":"2025-10-23T19:42:58","guid":{"rendered":"https:\/\/nordicore.dk\/?post_type=product&#038;p=3832"},"modified":"2025-11-11T11:42:31","modified_gmt":"2025-11-11T11:42:31","slug":"kiwi","status":"publish","type":"product","link":"https:\/\/nordicore.dk\/sv\/vare\/kiwi\/","title":{"rendered":"Kiwi"},"content":{"rendered":"<h2 data-start=\"138\" data-end=\"676\"><strong data-start=\"138\" data-end=\"190\">Opdag den perfekte blanding af n\u00e6ring og livsgl\u00e6de<\/strong><\/h2>\n<p data-start=\"138\" data-end=\"676\">Fryset\u00f8rret kiwi leverer et fyldigt udbrud af syrlig-s\u00f8d smag i en spr\u00f8d og bekvem form. Kiwi er kendt for sin lysegr\u00f8nne farve, forfriskende syrlighed og unikke tekstur og er b\u00e5de en sensorisk fryd og et ern\u00e6ringsm\u00e6ssigt kraftv\u00e6rk. Fryset\u00f8rringsprocessen bevarer dens livlige smag og vitale n\u00e6ringsstoffer og l\u00e5ser den naturlige godhed ved frisk kiwi inde uden rod eller ford\u00e6rv. Perfekt til mindful snacks eller kreativ madlavning \u2013 det er en frisk opgradering til din daglige sundhedsrutine.<\/p>\n<h2 data-start=\"678\" data-end=\"1196\"><strong data-start=\"678\" data-end=\"715\">Enest\u00e5ende kvalitet, du kan stole p\u00e5<\/strong><\/h2>\n<p data-start=\"678\" data-end=\"1196\">Vores fryset\u00f8rrede kiwi er lavet af omhyggeligt udvalgte, modne kiwier, der gennemg\u00e5r en omhyggelig fryset\u00f8rringsproces for at bevare deres karakteristiske smag og n\u00e6ringsv\u00e6rdi. Hver skive er 100% naturlig \u2013 fri for tilsat sukker, konserveringsmidler eller kunstige ingredienser \u2013 s\u00e5 du kan nyde den autentiske smag af \u00e6gte frugt i hver bid. Ideel til smoothies, morgenmadssk\u00e5le, bagv\u00e6rk eller direkte fra pakken, den tilbyder b\u00e5de alsidighed og levende smag i \u00e9n sund snack.<\/p>\n<h2 data-start=\"1198\" data-end=\"1583\"><strong data-start=\"1198\" data-end=\"1228\">L\u00e5s op for sundhedsfordelene<\/strong><\/h2>\n<p data-start=\"1198\" data-end=\"1583\">Kiwi er fyldt med essentielle n\u00e6ringsstoffer, herunder C-vitamin, K-vitamin og kalium, hvilket g\u00f8r den til et fremragende valg til immunforsvar, hudsundhed og ford\u00f8jelsessundhed takket v\u00e6re dens h\u00f8je fiberindhold. Fryset\u00f8rringsprocessen forl\u00e6nger holdbarheden, samtidig med at alle disse fordele bevares, s\u00e5 du kan nyde en ren, n\u00e6ringsrig snack n\u00e5r som helst og hvor som helst.<\/p>\n<h2 data-start=\"1585\" data-end=\"2003\"><strong data-start=\"1585\" data-end=\"1624\">Hvorfor v\u00e6lge fryset\u00f8rret frem for frisk?<\/strong><\/h2>\n<p data-start=\"1585\" data-end=\"2003\">I mods\u00e6tning til frisk kiwi er den fryset\u00f8rrede version let, ikke-letford\u00e6rvelig og rejsevenlig \u2013 ingen skr\u00e6lning, sk\u00e6ring eller k\u00f8ling n\u00f8dvendig. Dens naturligt intense smag og tilfredsstillende knas g\u00f8r den til en sjov og skyldfri nydelse. Uanset om du er p\u00e5 vandretur, pakker skolemad eller forbedrer dine opskrifter, tilf\u00f8jer fryset\u00f8rret kiwi et friskt og sundt twist, uanset hvor den er.<\/p>\n","protected":false},"excerpt":{"rendered":"<p>Opdag den perfekte blanding af n\u00e6ring og livsgl\u00e6de Fryset\u00f8rret kiwi leverer et fyldigt udbrud af syrlig-s\u00f8d smag i en spr\u00f8d og bekvem form. Kiwi er kendt for sin lysegr\u00f8nne farve, forfriskende syrlighed og unikke tekstur og er b\u00e5de en sensorisk fryd og et ern\u00e6ringsm\u00e6ssigt kraftv\u00e6rk. Fryset\u00f8rringsprocessen bevarer dens livlige smag og vitale n\u00e6ringsstoffer og l\u00e5ser [&#8230;]\n","protected":false},"featured_media":3947,"comment_status":"open","ping_status":"closed","template":"","meta":[],"product_brand":[],"product_cat":[256,258,257],"product_tag":[],"class_list":{"0":"post-3832","1":"product","2":"type-product","3":"status-publish","4":"has-post-thumbnail","6":"product_cat-mellanmaal-foer-traening","7":"product_cat-frystorkade-frukter","8":"product_cat-frystorkade-snacks","10":"first","11":"outofstock","12":"taxable","13":"shipping-taxable","14":"product-type-variable","15":"wvs-archive-product-wrapper"},"_links":{"self":[{"href":"https:\/\/nordicore.dk\/sv\/wp-json\/wp\/v2\/product\/3832","targetHints":{"allow":["GET"]}}],"collection":[{"href":"https:\/\/nordicore.dk\/sv\/wp-json\/wp\/v2\/product"}],"about":[{"href":"https:\/\/nordicore.dk\/sv\/wp-json\/wp\/v2\/types\/product"}],"replies":[{"embeddable":true,"href":"https:\/\/nordicore.dk\/sv\/wp-json\/wp\/v2\/comments?post=3832"}],"wp:featuredmedia":[{"embeddable":true,"href":"https:\/\/nordicore.dk\/sv\/wp-json\/wp\/v2\/media\/3947"}],"wp:attachment":[{"href":"https:\/\/nordicore.dk\/sv\/wp-json\/wp\/v2\/media?parent=3832"}],"wp:term":[{"taxonomy":"product_brand","embeddable":true,"href":"https:\/\/nordicore.dk\/sv\/wp-json\/wp\/v2\/product_brand?post=3832"},{"taxonomy":"product_cat","embeddable":true,"href":"https:\/\/nordicore.dk\/sv\/wp-json\/wp\/v2\/product_cat?post=3832"},{"taxonomy":"product_tag","embeddable":true,"href":"https:\/\/nordicore.dk\/sv\/wp-json\/wp\/v2\/product_tag?post=3832"}],"curies":[{"name":"wp","href":"https:\/\/api.w.org\/{rel}","templated":true}]}}