{"id":3821,"date":"2025-10-23T18:26:01","date_gmt":"2025-10-23T18:26:01","guid":{"rendered":"https:\/\/nordicore.dk\/vare\/persika\/"},"modified":"2025-11-20T09:55:26","modified_gmt":"2025-11-20T09:55:26","slug":"persika","status":"publish","type":"product","link":"https:\/\/nordicore.dk\/sv\/vare\/persika\/","title":{"rendered":"Persika"},"content":{"rendered":"<h2 data-start=\"117\" data-end=\"175\">Uppt\u00e4ck den perfekta blandningen av n\u00e4ring och s\u00f6tma<\/h2>\n<p data-start=\"176\" data-end=\"606\">Freeze Dried Peach f\u00e5ngar den solmogna essensen av f\u00e4rska persikor fr\u00e5n frukttr\u00e4dg\u00e5rden i en l\u00e4tt och krispig form. Naturligt saftiga och v\u00e4ldoftande persikor \u00e4r \u00e4lskade f\u00f6r sin sammetslena konsistens och delikata s\u00f6tma. Genom frystorkningsprocessen bevarar vi smaken och n\u00e4rings\u00e4mnena fr\u00e5n h\u00f6gs\u00e4songens persikor &#8211; och levererar ett h\u00e4lsosamt mellanm\u00e5l som \u00e4r lika gott som det \u00e4r bekv\u00e4mt. Det \u00e4r det perfekta s\u00e4ttet att njuta av smaken av sommar \u00e5ret runt.   <\/p>\n<h2 data-start=\"608\" data-end=\"646\">Enast\u00e5ende kvalitet som du kan lita p\u00e5<\/h2>\n<p data-start=\"647\" data-end=\"1037\">V\u00e5ra frystorkade persikor tillverkas av f\u00f6rstklassiga, handplockade persikor och bearbetas noggrant f\u00f6r att bevara deras naturligt rika smak och n\u00e4ringsprofil. Utan tillsatt socker, konserveringsmedel eller artificiella smaker ger varje tugga en ren, fruktig upplevelse. Oavsett om du blandar den i havregryn, yoghurt, trail mix eller njuter av den som den \u00e4r, kommer du att \u00e4lska dess tillfredsst\u00e4llande krispighet och milda s\u00f6tma.  <\/p>\n<h2 data-start=\"1039\" data-end=\"1070\">Uppt\u00e4ck h\u00e4lsof\u00f6rdelarna<\/h2>\n<p data-start=\"1071\" data-end=\"1426\">Persikor \u00e4r en rik k\u00e4lla till C-vitamin, A-vitamin och kostfiber, som fr\u00e4mjar immunf\u00f6rsvaret, en frisk hud och en balanserad matsm\u00e4ltning. Frystorkning s\u00e4kerst\u00e4ller att dessa f\u00f6rdelar bevaras, samtidigt som frukten f\u00e5r l\u00e5ng h\u00e5llbarhet och blir l\u00e4ttare att b\u00e4ra med sig. Det \u00e4r ett smart och v\u00e4lsmakande s\u00e4tt att ge din kropp n\u00e4ring n\u00e4r du \u00e4r p\u00e5 spr\u00e5ng &#8211; utan att g\u00f6ra avkall p\u00e5 f\u00e4rskhet eller n\u00e4ring.  <\/p>\n<h2 data-start=\"1428\" data-end=\"1468\">Varf\u00f6r v\u00e4lja frystorkat framf\u00f6r f\u00e4rskt?<\/h2>\n<p data-start=\"1469\" data-end=\"1797\">F\u00e4rska persikor f\u00e5r l\u00e4tt bl\u00e5m\u00e4rken och f\u00f6rst\u00f6rs snabbt, men deras frystorkade motsvarighet erbjuder l\u00e5ngvarig f\u00e4rskhet utan kr\u00e5ngel. Frystorkade persikor \u00e4r l\u00e4tta, h\u00e5llbara och redo att \u00e4tas, perfekt f\u00f6r resor, lunchl\u00e5dor eller f\u00f6rvaring i skafferiet. Den krispiga konsistensen och den naturligt s\u00f6ta smaken g\u00f6r den till ett tillfredsst\u00e4llande mellanm\u00e5l f\u00f6r alla \u00e5ldrar.  <\/p>\n<p data-start=\"1799\" data-end=\"1942\">Unna dig smaken av solmogna persikor &#8211; n\u00e4r som helst, var som helst &#8211; med frystorkade persikor. H\u00e4lsosamt, uts\u00f6kt och o\u00e4ndligt m\u00e5ngsidigt. <\/p>\n","protected":false},"excerpt":{"rendered":"<p>Uppt\u00e4ck den perfekta blandningen av n\u00e4ring och s\u00f6tma Freeze Dried Peach f\u00e5ngar den solmogna essensen av f\u00e4rska persikor fr\u00e5n frukttr\u00e4dg\u00e5rden i en l\u00e4tt och krispig form. Naturligt saftiga och v\u00e4ldoftande persikor \u00e4r \u00e4lskade f\u00f6r sin sammetslena konsistens och delikata s\u00f6tma. Genom frystorkningsprocessen bevarar vi smaken och n\u00e4rings\u00e4mnena fr\u00e5n h\u00f6gs\u00e4songens persikor &#8211; och levererar ett h\u00e4lsosamt [&#8230;]\n","protected":false},"featured_media":3990,"comment_status":"open","ping_status":"closed","template":"","meta":[],"product_brand":[],"product_cat":[258,257,256],"product_tag":[],"class_list":{"0":"post-3821","1":"product","2":"type-product","3":"status-publish","4":"has-post-thumbnail","6":"product_cat-frystorkade-frukter","7":"product_cat-frystorkade-snacks","8":"product_cat-mellanmaal-foer-traening","10":"first","11":"instock","12":"sale","13":"taxable","14":"shipping-taxable","15":"purchasable","16":"product-type-variable","17":"wvs-archive-product-wrapper"},"_links":{"self":[{"href":"https:\/\/nordicore.dk\/sv\/wp-json\/wp\/v2\/product\/3821","targetHints":{"allow":["GET"]}}],"collection":[{"href":"https:\/\/nordicore.dk\/sv\/wp-json\/wp\/v2\/product"}],"about":[{"href":"https:\/\/nordicore.dk\/sv\/wp-json\/wp\/v2\/types\/product"}],"replies":[{"embeddable":true,"href":"https:\/\/nordicore.dk\/sv\/wp-json\/wp\/v2\/comments?post=3821"}],"wp:featuredmedia":[{"embeddable":true,"href":"https:\/\/nordicore.dk\/sv\/wp-json\/wp\/v2\/media\/3990"}],"wp:attachment":[{"href":"https:\/\/nordicore.dk\/sv\/wp-json\/wp\/v2\/media?parent=3821"}],"wp:term":[{"taxonomy":"product_brand","embeddable":true,"href":"https:\/\/nordicore.dk\/sv\/wp-json\/wp\/v2\/product_brand?post=3821"},{"taxonomy":"product_cat","embeddable":true,"href":"https:\/\/nordicore.dk\/sv\/wp-json\/wp\/v2\/product_cat?post=3821"},{"taxonomy":"product_tag","embeddable":true,"href":"https:\/\/nordicore.dk\/sv\/wp-json\/wp\/v2\/product_tag?post=3821"}],"curies":[{"name":"wp","href":"https:\/\/api.w.org\/{rel}","templated":true}]}}