{"id":3762,"date":"2025-10-23T18:28:59","date_gmt":"2025-10-23T18:28:59","guid":{"rendered":"https:\/\/nordicore.dk\/?post_type=product&#038;p=3762"},"modified":"2025-10-24T00:47:41","modified_gmt":"2025-10-24T00:47:41","slug":"oreo-issandwich","status":"publish","type":"product","link":"https:\/\/nordicore.dk\/sv\/vare\/oreo-issandwich\/","title":{"rendered":"Oreo-issandwich"},"content":{"rendered":"<h2 data-start=\"254\" data-end=\"324\">Opdag den perfekte blanding af cremet nydelse og cookiecrunch<\/h2>\n<p data-start=\"325\" data-end=\"712\">Oreo-issandwichen er den ultimative fusion af to elskede klassikere: fyldig, fl\u00f8jlsbl\u00f8d is og ikoniske Oreo-cookies. Hver sandwich har et gener\u00f8st lag cookies and cream-is mellem to bl\u00f8de, chokoladeagtige Oreo-vafler \u2013 hvilket giver en bl\u00f8d, knasende fornemmelse i hver bid. Det er den perfekte frosne l\u00e6kkerbisken til dem, der higer efter fed smag og nostalgisk hygge.<\/p>\n<h2 data-start=\"714\" data-end=\"752\">Enest\u00e5ende kvalitet, du kan stole p\u00e5<\/h2>\n<p data-start=\"753\" data-end=\"1133\">Denne is-sandwich er lavet med \u00e6gte mejeriprodukter og autentiske Oreo-kagestykker og tilbyder en f\u00f8rsteklasses oplevelse uden genveje. Fra isens cremede konsistens til den perfekt seje kageoverflade er hver eneste detalje skabt til at gl\u00e6de. Uanset om den nydes alene eller deles med venner, er det en dessert, der tilfredsstiller din s\u00f8de tand med umiskendeligt Oreo-flair.<\/p>\n<h2 data-start=\"1135\" data-end=\"1169\">L\u00e5s op for den s\u00f8de tilfredsstillelse<\/h2>\n<p data-start=\"1170\" data-end=\"1484\">Med hver bid vil du nyde en fyldig blanding af chokoladekagesmag og k\u00f8lig, cremet l\u00e6kkerhed. Oreo-issandwiches er mere end bare en godbid \u2013 de er et \u00f8jeblik med gl\u00e6de, der tilbyder den perfekte balance mellem s\u00f8dme, tekstur og komfort. Du beh\u00f8ver ikke sk\u00e5le eller skeer \u2013 bare pak dem ud og nyd dekadencen, n\u00e5r du vil.<\/p>\n<h2 data-start=\"1486\" data-end=\"1529\">Hvorfor v\u00e6lge en Oreo-issandwich?<\/h2>\n<p data-start=\"1530\" data-end=\"1823\">I mods\u00e6tning til almindelige isbarer kombinerer Oreo Ice Cream Sandwich verdens yndlingssm\u00e5kage med bl\u00f8d og smagfuld is for en frossen dessertoplevelse p\u00e5 n\u00e6ste niveau. Den er b\u00e6rbar, individuelt indpakket og rodfri, hvilket g\u00f8r den til et oplagt valg til fork\u00e6lelse p\u00e5 farten eller afslapning derhjemme.<\/p>\n<p data-start=\"1825\" data-end=\"1961\">Giv efter for den uimodst\u00e5elige kombination af cookies og fl\u00f8de med Oreo-issandwichen \u2013 en tidl\u00f8s dessert lavet til sande Oreo-elskere.<\/p>\n","protected":false},"excerpt":{"rendered":"<p>Opdag den perfekte blanding af cremet nydelse og cookiecrunch Oreo-issandwichen er den ultimative fusion af to elskede klassikere: fyldig, fl\u00f8jlsbl\u00f8d is og ikoniske Oreo-cookies. Hver sandwich har et gener\u00f8st lag cookies and cream-is mellem to bl\u00f8de, chokoladeagtige Oreo-vafler \u2013 hvilket giver en bl\u00f8d, knasende fornemmelse i hver bid. Det er den perfekte frosne l\u00e6kkerbisken til [&#8230;]\n","protected":false},"featured_media":3971,"comment_status":"open","ping_status":"closed","template":"","meta":[],"product_brand":[],"product_cat":[250,254,251],"product_tag":[],"class_list":{"0":"post-3762","1":"product","2":"type-product","3":"status-publish","4":"has-post-thumbnail","6":"product_cat-fitness-snacks","7":"product_cat-frysetoerret-is","8":"product_cat-frysetoerret-snacks","10":"first","11":"instock","12":"sale","13":"taxable","14":"shipping-taxable","15":"purchasable","16":"product-type-variable","17":"wvs-archive-product-wrapper"},"_links":{"self":[{"href":"https:\/\/nordicore.dk\/sv\/wp-json\/wp\/v2\/product\/3762","targetHints":{"allow":["GET"]}}],"collection":[{"href":"https:\/\/nordicore.dk\/sv\/wp-json\/wp\/v2\/product"}],"about":[{"href":"https:\/\/nordicore.dk\/sv\/wp-json\/wp\/v2\/types\/product"}],"replies":[{"embeddable":true,"href":"https:\/\/nordicore.dk\/sv\/wp-json\/wp\/v2\/comments?post=3762"}],"wp:featuredmedia":[{"embeddable":true,"href":"https:\/\/nordicore.dk\/sv\/wp-json\/wp\/v2\/media\/3971"}],"wp:attachment":[{"href":"https:\/\/nordicore.dk\/sv\/wp-json\/wp\/v2\/media?parent=3762"}],"wp:term":[{"taxonomy":"product_brand","embeddable":true,"href":"https:\/\/nordicore.dk\/sv\/wp-json\/wp\/v2\/product_brand?post=3762"},{"taxonomy":"product_cat","embeddable":true,"href":"https:\/\/nordicore.dk\/sv\/wp-json\/wp\/v2\/product_cat?post=3762"},{"taxonomy":"product_tag","embeddable":true,"href":"https:\/\/nordicore.dk\/sv\/wp-json\/wp\/v2\/product_tag?post=3762"}],"curies":[{"name":"wp","href":"https:\/\/api.w.org\/{rel}","templated":true}]}}