{"id":3758,"date":"2025-10-23T18:28:59","date_gmt":"2025-10-23T18:28:59","guid":{"rendered":"https:\/\/nordicore.dk\/?post_type=product&#038;p=3758"},"modified":"2025-10-24T00:46:51","modified_gmt":"2025-10-24T00:46:51","slug":"kaki","status":"publish","type":"product","link":"https:\/\/nordicore.dk\/sv\/vare\/kaki\/","title":{"rendered":"Kaki"},"content":{"rendered":"<h2 data-start=\"166\" data-end=\"233\">Opdag den perfekte blanding af n\u00e6ring og delikat s\u00f8dme<\/h2>\n<p data-start=\"234\" data-end=\"636\">Fryset\u00f8rret persimmon indfanger den fyldige, honninglignende smag af denne efter\u00e5rsfavorit i en let og spr\u00f8d form. Persimmonen er kendt for sin glatte tekstur og naturligt s\u00f8de, mildt krydrede smag og tilbyder en unik frugtoplevelse, der f\u00f8les overd\u00e5dig, men ogs\u00e5 sund. Vores fryset\u00f8rringsproces bevarer den gyldne smag \u2013 og giver dig en bekvem, klar-til-at-spise snack, der smager pr\u00e6cis som naturen har tilt\u00e6nkt det.<\/p>\n<h2 data-start=\"638\" data-end=\"676\">Enest\u00e5ende kvalitet, du kan stole p\u00e5<\/h2>\n<p data-start=\"677\" data-end=\"1066\">Vi udv\u00e6lger kun modne kakifrugter af h\u00f8j kvalitet i h\u00f8js\u00e6sonen og fryset\u00f8rrer dem forsigtigt for at bevare deres naturlige s\u00f8dme, n\u00e6ringsstoffer og livlige farve. Vores fryset\u00f8rrede persimmon er fri for tilsat sukker, konserveringsmidler eller kunstige smagsstoffer og leverer ren frugtsmag i hver bid. Nyd den som en selvst\u00e6ndig snack, en smoothie-booster eller som et raffineret topping til salater, yoghurt eller desserter.<\/p>\n<h2 data-start=\"1068\" data-end=\"1099\">L\u00e5s op for sundhedsfordelene<\/h2>\n<p data-start=\"1100\" data-end=\"1426\">Kakifrugter er rige p\u00e5 A- og C-vitamin, mangan, antioxidanter og kostfibre \u2013 hvilket fremmer \u00f8jensundhed, immunitet og ford\u00f8jelsesbalance. Fryset\u00f8rringsprocessen bevarer disse n\u00e6ringsstoffer, samtidig med at den forl\u00e6nger holdbarheden, hvilket g\u00f8r det nemt at inkludere denne mindre kendte superfrugt i din kost uden at bekymre sig om ford\u00e6rv eller forberedelsestid.<\/p>\n<h2 data-start=\"1428\" data-end=\"1468\">Hvorfor v\u00e6lge fryset\u00f8rret frem for frisk?<\/h2>\n<p data-start=\"1469\" data-end=\"1788\">Friske kakifrugter er l\u00e6kre, men kan v\u00e6re rodede og have et kort modningsvindue. Fryset\u00f8rret persimmon tilbyder alle de naturlige fordele i et let og b\u00e6rbart format \u2013 ingen udsk\u00e6ring, ingen k\u00f8ling og intet spild. Den er perfekt til rejser, snacks p\u00e5 farten eller til at forbedre opskrifter med en s\u00f8d, diskret krydret knas.<\/p>\n<p data-start=\"1790\" data-end=\"1937\">Nyd den gyldne charme af kakifrugter p\u00e5 en helt ny m\u00e5de med fryset\u00f8rret kakifrugt \u2013 naturligt s\u00f8d, n\u00e6ringsrig og ubesv\u00e6ret tilfredsstillende.<\/p>\n","protected":false},"excerpt":{"rendered":"<p>Opdag den perfekte blanding af n\u00e6ring og delikat s\u00f8dme Fryset\u00f8rret persimmon indfanger den fyldige, honninglignende smag af denne efter\u00e5rsfavorit i en let og spr\u00f8d form. Persimmonen er kendt for sin glatte tekstur og naturligt s\u00f8de, mildt krydrede smag og tilbyder en unik frugtoplevelse, der f\u00f8les overd\u00e5dig, men ogs\u00e5 sund. Vores fryset\u00f8rringsproces bevarer den gyldne smag [&#8230;]\n","protected":false},"featured_media":3977,"comment_status":"open","ping_status":"closed","template":"","meta":[],"product_brand":[],"product_cat":[256,258,257],"product_tag":[],"class_list":{"0":"post-3758","1":"product","2":"type-product","3":"status-publish","4":"has-post-thumbnail","6":"product_cat-mellanmaal-foer-traening","7":"product_cat-frystorkade-frukter","8":"product_cat-frystorkade-snacks","10":"first","11":"instock","12":"sale","13":"taxable","14":"shipping-taxable","15":"purchasable","16":"product-type-variable","17":"wvs-archive-product-wrapper"},"_links":{"self":[{"href":"https:\/\/nordicore.dk\/sv\/wp-json\/wp\/v2\/product\/3758","targetHints":{"allow":["GET"]}}],"collection":[{"href":"https:\/\/nordicore.dk\/sv\/wp-json\/wp\/v2\/product"}],"about":[{"href":"https:\/\/nordicore.dk\/sv\/wp-json\/wp\/v2\/types\/product"}],"replies":[{"embeddable":true,"href":"https:\/\/nordicore.dk\/sv\/wp-json\/wp\/v2\/comments?post=3758"}],"wp:featuredmedia":[{"embeddable":true,"href":"https:\/\/nordicore.dk\/sv\/wp-json\/wp\/v2\/media\/3977"}],"wp:attachment":[{"href":"https:\/\/nordicore.dk\/sv\/wp-json\/wp\/v2\/media?parent=3758"}],"wp:term":[{"taxonomy":"product_brand","embeddable":true,"href":"https:\/\/nordicore.dk\/sv\/wp-json\/wp\/v2\/product_brand?post=3758"},{"taxonomy":"product_cat","embeddable":true,"href":"https:\/\/nordicore.dk\/sv\/wp-json\/wp\/v2\/product_cat?post=3758"},{"taxonomy":"product_tag","embeddable":true,"href":"https:\/\/nordicore.dk\/sv\/wp-json\/wp\/v2\/product_tag?post=3758"}],"curies":[{"name":"wp","href":"https:\/\/api.w.org\/{rel}","templated":true}]}}