{"id":3754,"date":"2025-10-23T18:28:58","date_gmt":"2025-10-23T18:28:58","guid":{"rendered":"https:\/\/nordicore.dk\/?post_type=product&#038;p=3754"},"modified":"2025-10-24T00:46:05","modified_gmt":"2025-10-24T00:46:05","slug":"melon","status":"publish","type":"product","link":"https:\/\/nordicore.dk\/sv\/vare\/melon\/","title":{"rendered":"Melon"},"content":{"rendered":"<h2 data-start=\"143\" data-end=\"207\">Opdag den perfekte blanding af n\u00e6ring og melonfriskhed<\/h2>\n<p data-start=\"208\" data-end=\"580\">Fryset\u00f8rret cantaloupemelon leverer den diskret s\u00f8de, forfriskende smag af moden melon i en spr\u00f8d og rodfri form. Kendt for sin saftige tekstur og delikate honningsmag er cantaloupemelon en sommerfavorit. Vores fryset\u00f8rringsproces indfanger essensen af \u200b\u200bperfekt moden frugt og l\u00e5ser n\u00e6ringsstoffer og smag inde i en let og m\u00e6ttende snack, du kan nyde n\u00e5r som helst p\u00e5 \u00e5ret.<\/p>\n<h2 data-start=\"582\" data-end=\"620\">Enest\u00e5ende kvalitet, du kan stole p\u00e5<\/h2>\n<p data-start=\"621\" data-end=\"1038\">Vores fryset\u00f8rrede cantaloupe er lavet af omhyggeligt udvalgte cantaloupemeloner i h\u00f8js\u00e6sonen og er sk\u00e5nsomt forarbejdet for at bevare dens naturlige s\u00f8dme og n\u00e6ringsm\u00e6ssige integritet. Fri for tilsat sukker, konserveringsmidler eller kunstige ingredienser er det en ren og sund snack. Uanset om den nydes alene, tilsat granola eller yoghurt eller bruges som en velsmagende topping, leverer hvert stykke en bl\u00f8d melonsmag med en tilfredsstillende knas.<\/p>\n<h2 data-start=\"1040\" data-end=\"1071\">L\u00e5s op for sundhedsfordelene<\/h2>\n<p data-start=\"1072\" data-end=\"1433\">Cantaloupemelon er rig p\u00e5 A- og C-vitamin, kalium og hydreringsst\u00f8ttende elektrolytter. Den fremmer sund hud, syn og immunfunktion, samtidig med at den er en kilde til naturlige fibre. Fryset\u00f8rringsprocessen bevarer disse vigtige n\u00e6ringsstoffer og forl\u00e6nger holdbarheden, hvilket g\u00f8r det nemt at integrere denne kalorielette og gavnlige frugt i din daglige rutine.<\/p>\n<h2 data-start=\"1435\" data-end=\"1475\">Hvorfor v\u00e6lge fryset\u00f8rret frem for frisk?<\/h2>\n<p data-start=\"1476\" data-end=\"1801\">Frisk cantaloupemelon er l\u00e6kker, men letford\u00e6rvelig og ofte rodet at sk\u00e6re og opbevare. Fryset\u00f8rret cantaloupemelon tilbyder al smagen og n\u00e6ringsindholdet fra den friske version i en let og b\u00e6rbar form uden behov for forberedelse. Fantastisk til rejser, skole, arbejde eller udend\u00f8rs eventyr \u2013 det er den perfekte m\u00e5de at nyde melon p\u00e5 n\u00e5r som helst og hvor som helst.<\/p>\n<p data-start=\"1803\" data-end=\"1963\">Opfrisk din snackoplevelse med fryset\u00f8rret cantaloupemelon \u2013 en naturligt s\u00f8d, ren og bekvem m\u00e5de at nyde smagen af \u200b\u200bfrisk melon uden besv\u00e6r.<\/p>\n","protected":false},"excerpt":{"rendered":"<p>Opdag den perfekte blanding af n\u00e6ring og melonfriskhed Fryset\u00f8rret cantaloupemelon leverer den diskret s\u00f8de, forfriskende smag af moden melon i en spr\u00f8d og rodfri form. Kendt for sin saftige tekstur og delikate honningsmag er cantaloupemelon en sommerfavorit. Vores fryset\u00f8rringsproces indfanger essensen af \u200b\u200bperfekt moden frugt og l\u00e5ser n\u00e6ringsstoffer og smag inde i en let og [&#8230;]\n","protected":false},"featured_media":3917,"comment_status":"open","ping_status":"closed","template":"","meta":[],"product_brand":[],"product_cat":[250,253,251],"product_tag":[],"class_list":{"0":"post-3754","1":"product","2":"type-product","3":"status-publish","4":"has-post-thumbnail","6":"product_cat-fitness-snacks","7":"product_cat-frysetoerret-frugter","8":"product_cat-frysetoerret-snacks","10":"first","11":"instock","12":"sale","13":"taxable","14":"shipping-taxable","15":"purchasable","16":"product-type-variable","17":"wvs-archive-product-wrapper"},"_links":{"self":[{"href":"https:\/\/nordicore.dk\/sv\/wp-json\/wp\/v2\/product\/3754","targetHints":{"allow":["GET"]}}],"collection":[{"href":"https:\/\/nordicore.dk\/sv\/wp-json\/wp\/v2\/product"}],"about":[{"href":"https:\/\/nordicore.dk\/sv\/wp-json\/wp\/v2\/types\/product"}],"replies":[{"embeddable":true,"href":"https:\/\/nordicore.dk\/sv\/wp-json\/wp\/v2\/comments?post=3754"}],"wp:featuredmedia":[{"embeddable":true,"href":"https:\/\/nordicore.dk\/sv\/wp-json\/wp\/v2\/media\/3917"}],"wp:attachment":[{"href":"https:\/\/nordicore.dk\/sv\/wp-json\/wp\/v2\/media?parent=3754"}],"wp:term":[{"taxonomy":"product_brand","embeddable":true,"href":"https:\/\/nordicore.dk\/sv\/wp-json\/wp\/v2\/product_brand?post=3754"},{"taxonomy":"product_cat","embeddable":true,"href":"https:\/\/nordicore.dk\/sv\/wp-json\/wp\/v2\/product_cat?post=3754"},{"taxonomy":"product_tag","embeddable":true,"href":"https:\/\/nordicore.dk\/sv\/wp-json\/wp\/v2\/product_tag?post=3754"}],"curies":[{"name":"wp","href":"https:\/\/api.w.org\/{rel}","templated":true}]}}