{"id":3750,"date":"2025-10-23T18:28:58","date_gmt":"2025-10-23T18:28:58","guid":{"rendered":"https:\/\/nordicore.dk\/?post_type=product&#038;p=3750"},"modified":"2025-10-24T00:45:24","modified_gmt":"2025-10-24T00:45:24","slug":"banan","status":"publish","type":"product","link":"https:\/\/nordicore.dk\/sv\/vare\/banan\/","title":{"rendered":"Banan"},"content":{"rendered":"<h2>Opdag den perfekte blanding af n\u00e6ring og cremet s\u00f8dme<\/h2>\n<div>Fryset\u00f8rret banan forvandler den behagelige smag af modne bananer til en let, spr\u00f8d snack, der er lige s\u00e5 tilfredsstillende, som den er sund. Bananer er elsket for deres naturlige s\u00f8dme og glatte tekstur og bliver en uimodst\u00e5elig spr\u00f8d godbid gennem vores sk\u00e5nsomme fryset\u00f8rringsproces &#8211; perfekt til alle tider af dagen.<\/div>\n<h2>Enest\u00e5ende kvalitet, du kan stole p\u00e5<\/h2>\n<div>Vi bruger kun premium, perfekt modne bananer og fryset\u00f8rrer dem, n\u00e5r de er friske nok til at bevare smag, tekstur og n\u00e6ringsstoffer. Hvert stykke er 100% naturligt uden tilsat sukker, konserveringsmidler eller kunstige ingredienser. Uanset om det tils\u00e6ttes en trail mix, r\u00f8res i yoghurt eller nydes direkte fra posen, leverer fryset\u00f8rret banan ren banan-nydelse med en tilfredsstillende spr\u00f8dhed.<\/div>\n<h2>F\u00e5 adgang til de sundhedsm\u00e6ssige fordele<\/h2>\n<div>Bananer er en fremragende kilde til kalium, vitamin B6, vitamin C og naturlige fibre &#8211; der underst\u00f8tter hjertesundhed, energimetabolisme og ford\u00f8jelse. Fryset\u00f8rring bevarer disse n\u00e6ringsstoffer, samtidig med at det fjerner fugt, hvilket g\u00f8r det nemt at nyde fordelene ved bananer i et rent, holdbart format.<\/div>\n<h2>Hvorfor v\u00e6lge fryset\u00f8rrede frem for friske?<\/h2>\n<div>Friske bananer er bl\u00f8de og ford\u00e6rves hurtigt, mens fryset\u00f8rrede bananer har en lang holdbarhed, ingen rod og er uovertruffen b\u00e6rbare. De er lette og praktiske, og de er fantastiske til rejser, skolemad, vandreture eller snacks n\u00e5r som helst \u2013 uden risiko for at f\u00e5 bl\u00e5 m\u00e6rker eller blive overmodne.<\/div>\n<div><\/div>\n<div>Nyd den naturligt s\u00f8de enkelhed ved fryset\u00f8rrede bananer \u2013 rene, spr\u00f8de og fyldt med kraften fra \u00e6gte frugt.<\/div>\n","protected":false},"excerpt":{"rendered":"<p>Opdag den perfekte blanding af n\u00e6ring og cremet s\u00f8dme Fryset\u00f8rret banan forvandler den behagelige smag af modne bananer til en let, spr\u00f8d snack, der er lige s\u00e5 tilfredsstillende, som den er sund. Bananer er elsket for deres naturlige s\u00f8dme og glatte tekstur og bliver en uimodst\u00e5elig spr\u00f8d godbid gennem vores sk\u00e5nsomme fryset\u00f8rringsproces &#8211; perfekt til [&#8230;]\n","protected":false},"featured_media":3923,"comment_status":"open","ping_status":"closed","template":"","meta":[],"product_brand":[],"product_cat":[256,258,257],"product_tag":[],"class_list":{"0":"post-3750","1":"product","2":"type-product","3":"status-publish","4":"has-post-thumbnail","6":"product_cat-mellanmaal-foer-traening","7":"product_cat-frystorkade-frukter","8":"product_cat-frystorkade-snacks","10":"first","11":"instock","12":"sale","13":"taxable","14":"shipping-taxable","15":"purchasable","16":"product-type-variable","17":"wvs-archive-product-wrapper"},"_links":{"self":[{"href":"https:\/\/nordicore.dk\/sv\/wp-json\/wp\/v2\/product\/3750","targetHints":{"allow":["GET"]}}],"collection":[{"href":"https:\/\/nordicore.dk\/sv\/wp-json\/wp\/v2\/product"}],"about":[{"href":"https:\/\/nordicore.dk\/sv\/wp-json\/wp\/v2\/types\/product"}],"replies":[{"embeddable":true,"href":"https:\/\/nordicore.dk\/sv\/wp-json\/wp\/v2\/comments?post=3750"}],"wp:featuredmedia":[{"embeddable":true,"href":"https:\/\/nordicore.dk\/sv\/wp-json\/wp\/v2\/media\/3923"}],"wp:attachment":[{"href":"https:\/\/nordicore.dk\/sv\/wp-json\/wp\/v2\/media?parent=3750"}],"wp:term":[{"taxonomy":"product_brand","embeddable":true,"href":"https:\/\/nordicore.dk\/sv\/wp-json\/wp\/v2\/product_brand?post=3750"},{"taxonomy":"product_cat","embeddable":true,"href":"https:\/\/nordicore.dk\/sv\/wp-json\/wp\/v2\/product_cat?post=3750"},{"taxonomy":"product_tag","embeddable":true,"href":"https:\/\/nordicore.dk\/sv\/wp-json\/wp\/v2\/product_tag?post=3750"}],"curies":[{"name":"wp","href":"https:\/\/api.w.org\/{rel}","templated":true}]}}