{"id":3722,"date":"2025-10-23T18:26:05","date_gmt":"2025-10-23T18:26:05","guid":{"rendered":"https:\/\/nordicore.dk\/?post_type=product&#038;p=3722"},"modified":"2025-10-24T00:43:30","modified_gmt":"2025-10-24T00:43:30","slug":"all-mix-sortiment-13-varianter","status":"publish","type":"product","link":"https:\/\/nordicore.dk\/sv\/vare\/all-mix-sortiment-13-varianter\/","title":{"rendered":"All Mix-sortiment (13 varianter)"},"content":{"rendered":"<h2 data-start=\"251\" data-end=\"319\">Opdag den ultimative blanding af variation, smag og bekvemmelighed<\/h2>\n<p data-start=\"320\" data-end=\"664\">Vores <strong data-start=\"324\" data-end=\"346\">All Mix-sortiment<\/strong> samler 13 omhyggeligt udvalgte, smagsoplevelser, der er v\u00e6rd at smage p\u00e5, i \u00e9n premium-kollektion \u2013 perfekt portioneret i dit valg af 50 g, 200 g eller 1000 g pakker. Fra spr\u00f8de fryset\u00f8rrede frugter til l\u00e6kre godbidder som Oreo-is og cremet yoghurt, er dette sortiment et smagseventyr for enhver smag og lejlighed.<\/p>\n<h2 data-start=\"666\" data-end=\"704\">Enest\u00e5ende kvalitet, du kan stole p\u00e5<\/h2>\n<p data-start=\"705\" data-end=\"1095\">Hver vare i dette sortiment er lavet af ingredienser af h\u00f8j kvalitet, h\u00f8stet og tilberedt med maksimal friskhed. Vores fryset\u00f8rrede frugter bevarer deres naturlige smag og n\u00e6ringsstoffer, mens Oreo-isen og yoghurten tilbyder en overd\u00e5dig tekstur og fylde. Alle produkter er fri for kunstige konserveringsmidler og un\u00f8dvendige tils\u00e6tningsstoffer, hvilket giver dig en ren, autentisk smag i hver bid.<\/p>\n<h2 data-start=\"1097\" data-end=\"1140\">En sund og l\u00e6kker varieret pakke<\/h2>\n<p data-start=\"1141\" data-end=\"1196\">Denne blanding indeholder f\u00f8lgende 13 l\u00e6kre muligheder:<\/p>\n<ul data-start=\"1197\" data-end=\"1441\">\n<li data-start=\"1197\" data-end=\"1211\">\n<p data-start=\"1199\" data-end=\"1211\"><strong data-start=\"1199\" data-end=\"1209\">Banan<\/strong><\/p>\n<\/li>\n<li data-start=\"1212\" data-end=\"1230\">\n<p data-start=\"1214\" data-end=\"1230\"><strong data-start=\"1214\" data-end=\"1228\">Cantaloupemelon<\/strong><\/p>\n<\/li>\n<li data-start=\"1231\" data-end=\"1251\">\n<p data-start=\"1233\" data-end=\"1251\"><strong data-start=\"1233\" data-end=\"1249\">Dragefrugt<\/strong><\/p>\n<\/li>\n<li data-start=\"1252\" data-end=\"1263\">\n<p data-start=\"1254\" data-end=\"1263\"><strong data-start=\"1254\" data-end=\"1261\">Fig.<\/strong><\/p>\n<\/li>\n<li data-start=\"1264\" data-end=\"1276\">\n<p data-start=\"1266\" data-end=\"1276\"><strong data-start=\"1266\" data-end=\"1274\">Kiwi<\/strong><\/p>\n<\/li>\n<li data-start=\"1277\" data-end=\"1290\">\n<p data-start=\"1279\" data-end=\"1290\"><strong data-start=\"1279\" data-end=\"1288\">Mango<\/strong><\/p>\n<\/li>\n<li data-start=\"1291\" data-end=\"1337\">\n<p data-start=\"1293\" data-end=\"1337\"><strong data-start=\"1293\" data-end=\"1320\">Oreo-issandwich<\/strong><\/p>\n<\/li>\n<li data-start=\"1338\" data-end=\"1359\">\n<p data-start=\"1340\" data-end=\"1359\"><strong data-start=\"1340\" data-end=\"1357\">Passionsfrugt<\/strong><\/p>\n<\/li>\n<li data-start=\"1360\" data-end=\"1373\">\n<p data-start=\"1362\" data-end=\"1373\"><strong data-start=\"1362\" data-end=\"1371\">Fersken<\/strong><\/p>\n<\/li>\n<li data-start=\"1374\" data-end=\"1391\">\n<p data-start=\"1376\" data-end=\"1391\"><strong data-start=\"1376\" data-end=\"1389\">Persimmon<\/strong><\/p>\n<\/li>\n<li data-start=\"1392\" data-end=\"1409\">\n<p data-start=\"1394\" data-end=\"1409\"><strong data-start=\"1394\" data-end=\"1407\">Ananas<\/strong><\/p>\n<\/li>\n<li data-start=\"1410\" data-end=\"1428\">\n<p data-start=\"1412\" data-end=\"1428\"><strong data-start=\"1412\" data-end=\"1426\">Jordb\u00e6r<\/strong><\/p>\n<\/li>\n<li data-start=\"1429\" data-end=\"1441\">\n<p data-start=\"1431\" data-end=\"1441\"><strong data-start=\"1431\" data-end=\"1441\">Yoghurt<\/strong><\/p>\n<\/li>\n<\/ul>\n<p data-start=\"1443\" data-end=\"1563\">Uanset om du har lyst til noget syrligt, s\u00f8dt, cremet eller spr\u00f8dt \u2013 dette udvalg leverer det hele i \u00e9t praktisk s\u00e6t.<\/p>\n<h2 data-start=\"1565\" data-end=\"1604\">Hvorfor v\u00e6lge All Mix-sortimentet?<\/h2>\n<p data-start=\"1605\" data-end=\"1932\">Du beh\u00f8ver ikke kun at v\u00e6lge \u00e9n \u2013 dette kuraterede udvalg giver dig en varieret snackoplevelse med b\u00e5de sunde frugter og l\u00e6kre dessertmuligheder. Ideel til at give som gave, dele eller opdage nye favoritter, og hver pakke er portionsinddelt, s\u00e5 den passer til din livsstil, uanset om du foretr\u00e6kker snackst\u00f8rrelse, familiest\u00f8rrelse eller opbevaring i store m\u00e6ngder.<\/p>\n<p data-start=\"1934\" data-end=\"2098\">L\u00f8ft din snackoplevelse med All Mix-sortimentet \u2013 en perfekt afbalanceret blanding af naturens bedste frugter og uimodst\u00e5elige godbidder, alt sammen i \u00e9n alsidig pakke.<\/p>\n","protected":false},"excerpt":{"rendered":"<p>Opdag den ultimative blanding af variation, smag og bekvemmelighed Vores All Mix-sortiment samler 13 omhyggeligt udvalgte, smagsoplevelser, der er v\u00e6rd at smage p\u00e5, i \u00e9n premium-kollektion \u2013 perfekt portioneret i dit valg af 50 g, 200 g eller 1000 g pakker. Fra spr\u00f8de fryset\u00f8rrede frugter til l\u00e6kre godbidder som Oreo-is og cremet yoghurt, er dette [&#8230;]\n","protected":false},"featured_media":3945,"comment_status":"open","ping_status":"closed","template":"","meta":[],"product_brand":[],"product_cat":[250,253,251],"product_tag":[],"class_list":{"0":"post-3722","1":"product","2":"type-product","3":"status-publish","4":"has-post-thumbnail","6":"product_cat-fitness-snacks","7":"product_cat-frysetoerret-frugter","8":"product_cat-frysetoerret-snacks","10":"first","11":"instock","12":"sale","13":"taxable","14":"shipping-taxable","15":"purchasable","16":"product-type-variable","17":"wvs-archive-product-wrapper"},"_links":{"self":[{"href":"https:\/\/nordicore.dk\/sv\/wp-json\/wp\/v2\/product\/3722","targetHints":{"allow":["GET"]}}],"collection":[{"href":"https:\/\/nordicore.dk\/sv\/wp-json\/wp\/v2\/product"}],"about":[{"href":"https:\/\/nordicore.dk\/sv\/wp-json\/wp\/v2\/types\/product"}],"replies":[{"embeddable":true,"href":"https:\/\/nordicore.dk\/sv\/wp-json\/wp\/v2\/comments?post=3722"}],"wp:featuredmedia":[{"embeddable":true,"href":"https:\/\/nordicore.dk\/sv\/wp-json\/wp\/v2\/media\/3945"}],"wp:attachment":[{"href":"https:\/\/nordicore.dk\/sv\/wp-json\/wp\/v2\/media?parent=3722"}],"wp:term":[{"taxonomy":"product_brand","embeddable":true,"href":"https:\/\/nordicore.dk\/sv\/wp-json\/wp\/v2\/product_brand?post=3722"},{"taxonomy":"product_cat","embeddable":true,"href":"https:\/\/nordicore.dk\/sv\/wp-json\/wp\/v2\/product_cat?post=3722"},{"taxonomy":"product_tag","embeddable":true,"href":"https:\/\/nordicore.dk\/sv\/wp-json\/wp\/v2\/product_tag?post=3722"}],"curies":[{"name":"wp","href":"https:\/\/api.w.org\/{rel}","templated":true}]}}