{"id":3698,"date":"2025-10-23T18:26:02","date_gmt":"2025-10-23T18:26:02","guid":{"rendered":"https:\/\/nordicore.dk\/?post_type=product&#038;p=3698"},"modified":"2025-10-24T00:42:43","modified_gmt":"2025-10-24T00:42:43","slug":"passionsfrugt","status":"publish","type":"product","link":"https:\/\/nordicore.dk\/sv\/vare\/passionsfrugt\/","title":{"rendered":"Passionsfrugt"},"content":{"rendered":"<h2 data-start=\"150\" data-end=\"210\">Opdag den perfekte blanding af n\u00e6ring og fyldig smag<\/h2>\n<p data-start=\"211\" data-end=\"605\">Fryset\u00f8rret passionsfrugt indfanger den eksotiske, syrlige, s\u00f8de smag af denne tropiske perle i en spr\u00f8d og bekvem form. Passionsfrugten er kendt for sin intenst aromatiske smag og livlige gyldne pulp og tilbyder en helt unik snackoplevelse. Ved at fryset\u00f8rre ved maksimal modenhed bevarer vi dens kraftige smag og v\u00e6rdifulde n\u00e6ringsstoffer, hvilket giver dig et kraftfuldt strejf af smag i hver bid &#8211; intet rod, intet spild.<\/p>\n<h2 data-start=\"607\" data-end=\"645\">Enest\u00e5ende kvalitet, du kan stole p\u00e5<\/h2>\n<p data-start=\"646\" data-end=\"1062\">Vores fryset\u00f8rrede passionsfrugt er lavet af passionsfrugter af h\u00f8j kvalitet, der h\u00f8stes, n\u00e5r de er mest smagfulde. Gennem omhyggelig fryset\u00f8rring bevarer vi deres karakteristiske syrlighed og n\u00e6ringsm\u00e6ssige integritet uden tilsat sukker, konserveringsmidler eller kunstige smagsstoffer. Uanset om det drysses over smoothie bowls, tils\u00e6ttes desserter eller nydes direkte fra posen, bringer hvert spr\u00f8de stykke et strejf af tropisk intensitet.<\/p>\n<h2 data-start=\"1064\" data-end=\"1095\">L\u00e5s op for sundhedsfordelene<\/h2>\n<p data-start=\"1096\" data-end=\"1457\">Passionsfrugt er en rig kilde til C-vitamin, A-vitamin, fibre og gavnlige planteforbindelser som antioxidanter og polyfenoler. Disse n\u00e6ringsstoffer hj\u00e6lper med at underst\u00f8tte immunforsvaret, hudens vitalitet og ford\u00f8jelsessystemets velv\u00e6re. Fryset\u00f8rring bevarer disse naturlige fordele, samtidig med at det giver en langtidsholdbar snack, der nemt passer ind i din sunde livsstil.<\/p>\n<h2 data-start=\"1459\" data-end=\"1499\">Hvorfor v\u00e6lge fryset\u00f8rret frem for frisk?<\/h2>\n<p data-start=\"1500\" data-end=\"1861\">Frisk passionsfrugt er l\u00e6kker, men delikat og ofte rodet at tilberede. Fryset\u00f8rret passionsfrugt tilbyder al smagen og n\u00e6ringsstofferne i et let, ikke-letford\u00e6rveligt format. Ingen udhuling, ingen kerner at b\u00f8vle med &#8211; bare ren, spr\u00f8d og syrlig godhed. Den er perfekt til snacks p\u00e5 farten, til madpakker eller til at forbedre dine yndlingsopskrifter med tropisk pr\u00e6g.<\/p>\n<p data-start=\"1863\" data-end=\"2023\">Oplev den pulserende og friske essens af troperne med fryset\u00f8rret passionsfrugt \u2013 en fed og n\u00e6rende godbid, der pirrer sanserne og n\u00e6rer kroppen.<\/p>\n","protected":false},"excerpt":{"rendered":"<p>Opdag den perfekte blanding af n\u00e6ring og fyldig smag Fryset\u00f8rret passionsfrugt indfanger den eksotiske, syrlige, s\u00f8de smag af denne tropiske perle i en spr\u00f8d og bekvem form. Passionsfrugten er kendt for sin intenst aromatiske smag og livlige gyldne pulp og tilbyder en helt unik snackoplevelse. Ved at fryset\u00f8rre ved maksimal modenhed bevarer vi dens kraftige [&#8230;]\n","protected":false},"featured_media":3983,"comment_status":"open","ping_status":"closed","template":"","meta":[],"product_brand":[],"product_cat":[256,258,257],"product_tag":[],"class_list":{"0":"post-3698","1":"product","2":"type-product","3":"status-publish","4":"has-post-thumbnail","6":"product_cat-mellanmaal-foer-traening","7":"product_cat-frystorkade-frukter","8":"product_cat-frystorkade-snacks","10":"first","11":"instock","12":"sale","13":"taxable","14":"shipping-taxable","15":"purchasable","16":"product-type-variable","17":"wvs-archive-product-wrapper"},"_links":{"self":[{"href":"https:\/\/nordicore.dk\/sv\/wp-json\/wp\/v2\/product\/3698","targetHints":{"allow":["GET"]}}],"collection":[{"href":"https:\/\/nordicore.dk\/sv\/wp-json\/wp\/v2\/product"}],"about":[{"href":"https:\/\/nordicore.dk\/sv\/wp-json\/wp\/v2\/types\/product"}],"replies":[{"embeddable":true,"href":"https:\/\/nordicore.dk\/sv\/wp-json\/wp\/v2\/comments?post=3698"}],"wp:featuredmedia":[{"embeddable":true,"href":"https:\/\/nordicore.dk\/sv\/wp-json\/wp\/v2\/media\/3983"}],"wp:attachment":[{"href":"https:\/\/nordicore.dk\/sv\/wp-json\/wp\/v2\/media?parent=3698"}],"wp:term":[{"taxonomy":"product_brand","embeddable":true,"href":"https:\/\/nordicore.dk\/sv\/wp-json\/wp\/v2\/product_brand?post=3698"},{"taxonomy":"product_cat","embeddable":true,"href":"https:\/\/nordicore.dk\/sv\/wp-json\/wp\/v2\/product_cat?post=3698"},{"taxonomy":"product_tag","embeddable":true,"href":"https:\/\/nordicore.dk\/sv\/wp-json\/wp\/v2\/product_tag?post=3698"}],"curies":[{"name":"wp","href":"https:\/\/api.w.org\/{rel}","templated":true}]}}