{"id":3320,"date":"2025-09-28T14:33:23","date_gmt":"2025-09-28T14:33:23","guid":{"rendered":"https:\/\/nordicore.dk\/vare\/corerun-pro-skyddsmatta\/"},"modified":"2026-03-18T18:14:37","modified_gmt":"2026-03-18T18:14:37","slug":"corerun-pro-skyddsmatta","status":"publish","type":"product","link":"https:\/\/nordicore.dk\/sv\/vare\/corerun-pro-skyddsmatta\/","title":{"rendered":"CoreRun Pro+ skyddsmatta"},"content":{"rendered":"<h3 data-start=\"125\" data-end=\"205\">CoreRun Pro+ skyddsmatta &#8211; skydda golvet och minska bullret<\/h3>\n<p data-start=\"206\" data-end=\"484\">CoreRun Pro+ Protection Mat \u00e4r s\u00e4rskilt utformad f\u00f6r CoreRun Pro+ R9000 och ger en solid bas med sina gener\u00f6sa m\u00e5tt p\u00e5 <strong data-start=\"334\" data-end=\"349\">184 x 90 cm.<\/strong> Den skyddar golvet fr\u00e5n repor och slitage, minskar buller och vibrationer och ger stabilitet \u00e4ven under de tuffaste tr\u00e4ningspassen. <\/p>\n<h3 data-start=\"486\" data-end=\"518\">Praktisk och t\u00e5lig design<\/h3>\n<ul data-start=\"519\" data-end=\"689\">\n<li data-start=\"519\" data-end=\"568\">\n<p data-start=\"521\" data-end=\"568\">Anpassad storlek f\u00f6r CoreRun Pro+ R9000<\/p>\n<\/li>\n<li data-start=\"569\" data-end=\"632\">\n<p data-start=\"571\" data-end=\"632\">Slitstarkt och halkfritt material f\u00f6r optimal stabilitet<\/p>\n<\/li>\n<li data-start=\"633\" data-end=\"689\">\n<p data-start=\"635\" data-end=\"689\">Vatten- och svettavvisande &#8211; l\u00e4tt att reng\u00f6ra och h\u00e5lla ren<\/p>\n<\/li>\n<\/ul>\n<h3 data-start=\"691\" data-end=\"742\">Det perfekta komplementet till ditt Pro+-l\u00f6pband<\/h3>\n<p data-start=\"743\" data-end=\"968\">Med CoreRun Pro+ Protection Mat f\u00e5r du en professionell yta som skyddar golvet och f\u00f6rh\u00f6jer tr\u00e4ningsupplevelsen. Den g\u00f6r l\u00f6pbandet tystare, h\u00e5ller det stabilt och ger ditt hemmagym en komplett look. <\/p>\n","protected":false},"excerpt":{"rendered":"<p>CoreRun Pro+ skyddsmatta &#8211; skydda golvet och minska bullret CoreRun Pro+ Protection Mat \u00e4r s\u00e4rskilt utformad f\u00f6r CoreRun Pro+ R9000 och ger en solid bas med sina gener\u00f6sa m\u00e5tt p\u00e5 184 x 90 cm. Den skyddar golvet fr\u00e5n repor och slitage, minskar buller och vibrationer och ger stabilitet \u00e4ven under de tuffaste tr\u00e4ningspassen. Praktisk och [&#8230;]\n","protected":false},"featured_media":5146,"comment_status":"closed","ping_status":"closed","template":"","meta":[],"product_brand":[],"product_cat":[171,241,198,240],"product_tag":[],"class_list":{"0":"post-3320","1":"product","2":"type-product","3":"status-publish","4":"has-post-thumbnail","6":"product_cat-tillbehoer","7":"product_cat-tillbehoer-till-loepband","8":"product_cat-underlaegg","9":"product_cat-underlaeggsmattor","11":"first","12":"instock","13":"sale","14":"taxable","15":"shipping-taxable","16":"purchasable","17":"product-type-simple"},"_links":{"self":[{"href":"https:\/\/nordicore.dk\/sv\/wp-json\/wp\/v2\/product\/3320","targetHints":{"allow":["GET"]}}],"collection":[{"href":"https:\/\/nordicore.dk\/sv\/wp-json\/wp\/v2\/product"}],"about":[{"href":"https:\/\/nordicore.dk\/sv\/wp-json\/wp\/v2\/types\/product"}],"replies":[{"embeddable":true,"href":"https:\/\/nordicore.dk\/sv\/wp-json\/wp\/v2\/comments?post=3320"}],"wp:featuredmedia":[{"embeddable":true,"href":"https:\/\/nordicore.dk\/sv\/wp-json\/wp\/v2\/media\/5146"}],"wp:attachment":[{"href":"https:\/\/nordicore.dk\/sv\/wp-json\/wp\/v2\/media?parent=3320"}],"wp:term":[{"taxonomy":"product_brand","embeddable":true,"href":"https:\/\/nordicore.dk\/sv\/wp-json\/wp\/v2\/product_brand?post=3320"},{"taxonomy":"product_cat","embeddable":true,"href":"https:\/\/nordicore.dk\/sv\/wp-json\/wp\/v2\/product_cat?post=3320"},{"taxonomy":"product_tag","embeddable":true,"href":"https:\/\/nordicore.dk\/sv\/wp-json\/wp\/v2\/product_tag?post=3320"}],"curies":[{"name":"wp","href":"https:\/\/api.w.org\/{rel}","templated":true}]}}