{"id":3306,"date":"2025-09-28T14:09:48","date_gmt":"2025-09-28T14:09:48","guid":{"rendered":"https:\/\/nordicore.dk\/vare\/corerun-skyddsmatta\/"},"modified":"2026-01-26T12:08:25","modified_gmt":"2026-01-26T12:08:25","slug":"corerun-skyddsmatta","status":"publish","type":"product","link":"https:\/\/nordicore.dk\/sv\/vare\/corerun-skyddsmatta\/","title":{"rendered":"CoreRun Lite\/Advanced skyddsmatta"},"content":{"rendered":"<h3 data-start=\"129\" data-end=\"206\">CoreRun Lite\/Advanced skyddsmatta &#8211; skydda golvet och minska bullret<\/h3>\n<p data-start=\"207\" data-end=\"459\">CoreRun Lite\/Advanced Protection Mat \u00e4r speciellt framtagen f\u00f6r modellerna CoreRun Lite och CoreRun Advanced. Den m\u00e4ter <strong>80 x 140 cm<\/strong> och \u00e4r den perfekta ytan f\u00f6r att b\u00e5de skydda ditt golv och minska ljud och vibrationer under tr\u00e4ningen. <\/p>\n<h3 data-start=\"461\" data-end=\"493\">Praktisk och t\u00e5lig design<\/h3>\n<ul data-start=\"494\" data-end=\"683\">\n<li data-start=\"494\" data-end=\"558\">\n<p data-start=\"496\" data-end=\"558\">Anpassad storlek f\u00f6r CoreRun Lite- och Advanced-l\u00f6pband<\/p>\n<\/li>\n<li data-start=\"559\" data-end=\"623\">\n<p data-start=\"561\" data-end=\"623\">Slitstarkt och halkfritt material f\u00f6r maximal stabilitet<\/p>\n<\/li>\n<li data-start=\"624\" data-end=\"683\">\n<p data-start=\"626\" data-end=\"683\">Vatten- och svettbest\u00e4ndig &#8211; l\u00e4tt att reng\u00f6ra och underh\u00e5lla<\/p>\n<\/li>\n<\/ul>\n<h3 data-start=\"685\" data-end=\"731\">Det perfekta komplementet till ditt l\u00f6pband<\/h3>\n<p data-start=\"732\" data-end=\"949\">Med CoreRun Lite\/Advanced Protection Mat f\u00e5r du ett bekv\u00e4mare och tystare tr\u00e4ningspass samtidigt som du skyddar ditt golv. Ett enkelt men oumb\u00e4rligt till\u00e4gg som ger ditt hemmagym en mer professionell look. <\/p>\n","protected":false},"excerpt":{"rendered":"<p>CoreRun Lite\/Advanced skyddsmatta &#8211; skydda golvet och minska bullret CoreRun Lite\/Advanced Protection Mat \u00e4r speciellt framtagen f\u00f6r modellerna CoreRun Lite och CoreRun Advanced. Den m\u00e4ter 80 x 140 cm och \u00e4r den perfekta ytan f\u00f6r att b\u00e5de skydda ditt golv och minska ljud och vibrationer under tr\u00e4ningen. Praktisk och t\u00e5lig design Anpassad storlek f\u00f6r CoreRun [&#8230;]\n","protected":false},"featured_media":5146,"comment_status":"closed","ping_status":"closed","template":"","meta":[],"product_brand":[],"product_cat":[171,241,198,240],"product_tag":[],"class_list":{"0":"post-3306","1":"product","2":"type-product","3":"status-publish","4":"has-post-thumbnail","6":"product_cat-tillbehoer","7":"product_cat-tillbehoer-till-loepband","8":"product_cat-underlaegg","9":"product_cat-underlaeggsmattor","11":"first","12":"instock","13":"sale","14":"taxable","15":"shipping-taxable","16":"purchasable","17":"product-type-simple"},"_links":{"self":[{"href":"https:\/\/nordicore.dk\/sv\/wp-json\/wp\/v2\/product\/3306","targetHints":{"allow":["GET"]}}],"collection":[{"href":"https:\/\/nordicore.dk\/sv\/wp-json\/wp\/v2\/product"}],"about":[{"href":"https:\/\/nordicore.dk\/sv\/wp-json\/wp\/v2\/types\/product"}],"replies":[{"embeddable":true,"href":"https:\/\/nordicore.dk\/sv\/wp-json\/wp\/v2\/comments?post=3306"}],"wp:featuredmedia":[{"embeddable":true,"href":"https:\/\/nordicore.dk\/sv\/wp-json\/wp\/v2\/media\/5146"}],"wp:attachment":[{"href":"https:\/\/nordicore.dk\/sv\/wp-json\/wp\/v2\/media?parent=3306"}],"wp:term":[{"taxonomy":"product_brand","embeddable":true,"href":"https:\/\/nordicore.dk\/sv\/wp-json\/wp\/v2\/product_brand?post=3306"},{"taxonomy":"product_cat","embeddable":true,"href":"https:\/\/nordicore.dk\/sv\/wp-json\/wp\/v2\/product_cat?post=3306"},{"taxonomy":"product_tag","embeddable":true,"href":"https:\/\/nordicore.dk\/sv\/wp-json\/wp\/v2\/product_tag?post=3306"}],"curies":[{"name":"wp","href":"https:\/\/api.w.org\/{rel}","templated":true}]}}