{"id":3242,"date":"2025-09-27T14:02:49","date_gmt":"2025-09-27T14:02:49","guid":{"rendered":"https:\/\/nordicore.dk\/vare\/corerun-avancerad-r2000\/"},"modified":"2025-11-20T09:55:28","modified_gmt":"2025-11-20T09:55:28","slug":"corerun-avancerad-r2000","status":"publish","type":"product","link":"https:\/\/nordicore.dk\/sv\/vare\/corerun-avancerad-r2000\/","title":{"rendered":"CoreRun Advanced R2000 &#8211; L\u00f6pband"},"content":{"rendered":"<p data-start=\"281\" data-end=\"576\">CoreRun Advanced R2000 \u00e4r ett kraftfullt 2-i-1-l\u00f6pband som kombinerar flexibilitet, komfort och avancerade funktioner. Med en kraftfull motor p\u00e5 2 hk (peak 4), en topphastighet p\u00e5 16 km\/h, elektronisk lutning p\u00e5 upp till 12 % och tyst drift \u00e4r det perfekt f\u00f6r allt fr\u00e5n l\u00e4tta promenader till intensiv l\u00f6pning. <\/p>\n<h3 data-start=\"578\" data-end=\"613\">2-i-1-design och flexibel anv\u00e4ndning<\/h3>\n<ul data-start=\"614\" data-end=\"918\">\n<li data-start=\"614\" data-end=\"676\">\n<p data-start=\"616\" data-end=\"676\">Anv\u00e4nds som rullator i upp till 6 km\/h n\u00e4r handtaget \u00e4r nedf\u00e4llt<\/p>\n<\/li>\n<li data-start=\"677\" data-end=\"748\">\n<p data-start=\"679\" data-end=\"748\">F\u00e4ll upp handtaget och f\u00e5 tillg\u00e5ng till fullt k\u00f6rl\u00e4ge upp till 16 km\/h<\/p>\n<\/li>\n<li data-start=\"749\" data-end=\"832\">\n<p data-start=\"751\" data-end=\"832\">Kompakt och hopf\u00e4llbar design med transporthjul f\u00f6r enkel f\u00f6rflyttning och f\u00f6rvaring<\/p>\n<\/li>\n<li data-start=\"833\" data-end=\"918\">\n<p data-start=\"835\" data-end=\"918\">Fj\u00e4rrkontroll ing\u00e5r &#8211; kontrollera enkelt hastighet och funktioner under tr\u00e4ning<\/p>\n<\/li>\n<\/ul>\n<h3 data-start=\"920\" data-end=\"953\">Komfort &amp; s\u00e4kerhet i fokus<\/h3>\n<ul data-start=\"954\" data-end=\"1241\">\n<li data-start=\"954\" data-end=\"1020\">\n<p data-start=\"956\" data-end=\"1020\">St\u00f6td\u00e4mpande 100&#215;40 cm l\u00f6pyta f\u00f6r skonsam tr\u00e4ning<\/p>\n<\/li>\n<li data-start=\"1021\" data-end=\"1112\">\n<p data-start=\"1023\" data-end=\"1112\">Elektronisk lutning p\u00e5 upp till 12 % f\u00f6r realistisk backtr\u00e4ning och extra utmaningar<\/p>\n<\/li>\n<li data-start=\"1113\" data-end=\"1180\">\n<p data-start=\"1115\" data-end=\"1180\">Flerf\u00e4rgade LED-lampor (bl\u00e5, r\u00f6d, orange, gr\u00f6n) f\u00f6r extra stil<\/p>\n<\/li>\n<li data-start=\"1181\" data-end=\"1241\">\n<p data-start=\"1183\" data-end=\"1241\">N\u00f6dstopp med s\u00e4kerhetslina f\u00f6r maximal s\u00e4kerhet<\/p>\n<\/li>\n<\/ul>\n<h3 data-start=\"1243\" data-end=\"1285\">Smart teknik och utbildningsprogram<\/h3>\n<ul data-start=\"1286\" data-end=\"1608\">\n<li data-start=\"1286\" data-end=\"1344\">\n<p data-start=\"1288\" data-end=\"1344\">LED-displayen visar hastighet, distans, tid och kalorier<\/p>\n<\/li>\n<li data-start=\"1345\" data-end=\"1415\">\n<p data-start=\"1347\" data-end=\"1415\">Bluetooth- och appkompatibilitet (inklusive KinoMap, Zwift och Fit Show)<\/p>\n<\/li>\n<li data-start=\"1416\" data-end=\"1478\">\n<p data-start=\"1418\" data-end=\"1478\">4 f\u00f6rinst\u00e4llda program och olika tr\u00e4ningsl\u00e4gen<\/p>\n<\/li>\n<li data-start=\"1416\" data-end=\"1478\">\n<p data-start=\"1418\" data-end=\"1478\">O\u00e4ndliga utbildningsprogram via appar &#8211; skr\u00e4ddarsy din utbildning efter dina behov<\/p>\n<\/li>\n<li data-start=\"1563\" data-end=\"1608\">\n<p data-start=\"1565\" data-end=\"1608\">Pulsm\u00e4tare via br\u00f6stb\u00e4lte (tillval) f\u00f6r exakt m\u00e4tning<\/p>\n<\/li>\n<\/ul>\n<h3 data-start=\"1610\" data-end=\"1652\">Solid kvalitet och h\u00f6g anv\u00e4ndarv\u00e4nlighet<\/h3>\n<p data-start=\"1653\" data-end=\"2027\">CoreRun Advanced R2000 har en robust konstruktion och en maximal anv\u00e4ndarvikt p\u00e5 120 kg, vilket ger tillf\u00f6rlitlighet och stabilitet. Den levereras helt monterad och klar att anv\u00e4nda s\u00e5 att du kan b\u00f6rja tr\u00e4na direkt. Med funktioner som elektronisk lutning, fj\u00e4rrkontroll och en flexibel 2-i-1-design f\u00e5r du ett m\u00e5ngsidigt l\u00f6pband som passar alla fitnessniv\u00e5er.  <\/p>\n","protected":false},"excerpt":{"rendered":"<p>CoreRun Advanced R2000 \u00e4r ett kraftfullt 2-i-1-l\u00f6pband som kombinerar flexibilitet, komfort och avancerade funktioner. Med en kraftfull motor p\u00e5 2 hk (peak 4), en topphastighet p\u00e5 16 km\/h, elektronisk lutning p\u00e5 upp till 12 % och tyst drift \u00e4r det perfekt f\u00f6r allt fr\u00e5n l\u00e4tta promenader till intensiv l\u00f6pning. 2-i-1-design och flexibel anv\u00e4ndning Anv\u00e4nds som [&#8230;]\n","protected":false},"featured_media":3225,"comment_status":"open","ping_status":"closed","template":"","meta":[],"product_brand":[],"product_cat":[192,223],"product_tag":[],"class_list":{"0":"post-3242","1":"product","2":"type-product","3":"status-publish","4":"has-post-thumbnail","6":"product_cat-konditionstraening","7":"product_cat-loepband","8":"product_shipping_class-stora-leveranser","10":"first","11":"outofstock","12":"sale","13":"taxable","14":"shipping-taxable","15":"purchasable","16":"product-type-simple"},"_links":{"self":[{"href":"https:\/\/nordicore.dk\/sv\/wp-json\/wp\/v2\/product\/3242","targetHints":{"allow":["GET"]}}],"collection":[{"href":"https:\/\/nordicore.dk\/sv\/wp-json\/wp\/v2\/product"}],"about":[{"href":"https:\/\/nordicore.dk\/sv\/wp-json\/wp\/v2\/types\/product"}],"replies":[{"embeddable":true,"href":"https:\/\/nordicore.dk\/sv\/wp-json\/wp\/v2\/comments?post=3242"}],"wp:featuredmedia":[{"embeddable":true,"href":"https:\/\/nordicore.dk\/sv\/wp-json\/wp\/v2\/media\/3225"}],"wp:attachment":[{"href":"https:\/\/nordicore.dk\/sv\/wp-json\/wp\/v2\/media?parent=3242"}],"wp:term":[{"taxonomy":"product_brand","embeddable":true,"href":"https:\/\/nordicore.dk\/sv\/wp-json\/wp\/v2\/product_brand?post=3242"},{"taxonomy":"product_cat","embeddable":true,"href":"https:\/\/nordicore.dk\/sv\/wp-json\/wp\/v2\/product_cat?post=3242"},{"taxonomy":"product_tag","embeddable":true,"href":"https:\/\/nordicore.dk\/sv\/wp-json\/wp\/v2\/product_tag?post=3242"}],"curies":[{"name":"wp","href":"https:\/\/api.w.org\/{rel}","templated":true}]}}