{"id":3194,"date":"2025-09-26T19:56:27","date_gmt":"2025-09-26T19:56:27","guid":{"rendered":"https:\/\/nordicore.dk\/vare\/corerun-lite-r500\/"},"modified":"2025-11-20T09:55:29","modified_gmt":"2025-11-20T09:55:29","slug":"corerun-lite-r500","status":"publish","type":"product","link":"https:\/\/nordicore.dk\/sv\/vare\/corerun-lite-r500\/","title":{"rendered":"CoreRun Lite R500 &#8211; L\u00f6pband"},"content":{"rendered":"<h3 data-start=\"133\" data-end=\"189\">Upplev effektiv hemmatr\u00e4ning med CoreRun Lite R500<\/h3>\n<p data-start=\"203\" data-end=\"665\">CoreRun Lite R500 \u00e4r ett kompakt och l\u00e4ttanv\u00e4nt 2-i-1-l\u00f6pband som ger dig ett effektivt tr\u00e4ningspass direkt i vardagsrummet. N\u00e4r handtaget \u00e4r nedf\u00e4llt fungerar det som ett l\u00f6pband med hastigheter upp till 6 km\/h, och n\u00e4r handtaget \u00e4r uppf\u00e4llt f\u00e5r du fullt l\u00f6pningsl\u00e4ge med en topphastighet p\u00e5 12 km\/h. Med en elektronisk lutning p\u00e5 upp till 8 % och en solid motor p\u00e5 1 hk (3 peak) \u00e4r det perfekt f\u00f6r b\u00e5de g\u00e5ng och l\u00f6pning, oavsett om du \u00e4r nyb\u00f6rjare eller vill h\u00e5lla dig i form.  <\/p>\n<h3 data-start=\"500\" data-end=\"541\">Smart design och praktiska funktioner<\/h3>\n<ul data-start=\"542\" data-end=\"809\">\n<li data-start=\"542\" data-end=\"598\">2-i-1-design &#8211; 6 km\/h med nedf\u00e4lld handtag, upp till 12 km\/h med uppf\u00e4lld handtag<\/li>\n<\/ul>\n<ul>\n<li>Vikbar design med transporthjul f\u00f6r enkel f\u00f6rvaring<\/li>\n<\/ul>\n<ul data-start=\"542\" data-end=\"809\">\n<li data-start=\"599\" data-end=\"660\">\n<p data-start=\"601\" data-end=\"660\">L\u00e4ttviktskonstruktion p\u00e5 endast 20,5 kg &#8211; perfekt f\u00f6r hemmet<\/p>\n<\/li>\n<li data-start=\"661\" data-end=\"726\">\n<p data-start=\"663\" data-end=\"726\">St\u00f6td\u00e4mpande 100&#215;40 cm l\u00f6pyta f\u00f6r en bekv\u00e4m tr\u00e4ningsupplevelse<\/p>\n<\/li>\n<li data-start=\"727\" data-end=\"809\">\n<p data-start=\"729\" data-end=\"809\">Elektronisk lutning p\u00e5 8 % f\u00f6r extra utmaning och realistisk backtr\u00e4ning<\/p>\n<\/li>\n<li data-start=\"819\" data-end=\"916\">\n<p data-start=\"821\" data-end=\"916\">Fj\u00e4rrkontroll ing\u00e5r &#8211; g\u00f6r det enkelt att styra hastighet och funktioner under tr\u00e4ning<\/p>\n<\/li>\n<\/ul>\n<h3 data-start=\"811\" data-end=\"850\">Kompatibilitet med utbildningsdata och appar<\/h3>\n<ul data-start=\"851\" data-end=\"1043\">\n<li data-start=\"851\" data-end=\"909\">\n<p data-start=\"853\" data-end=\"909\">LED-displayen visar hastighet, distans, tid och kalorier<\/p>\n<\/li>\n<\/ul>\n<ul>\n<li>Inbyggd Bluetooth och appkompatibilitet f\u00f6r motiverande tr\u00e4ning<\/li>\n<\/ul>\n<ul data-start=\"851\" data-end=\"1043\">\n<li data-start=\"851\" data-end=\"909\">6 f\u00f6rinst\u00e4llda program och olika l\u00e4gen<\/li>\n<li data-start=\"1416\" data-end=\"1478\">\n<p data-start=\"1418\" data-end=\"1478\">O\u00e4ndliga utbildningsprogram via appar &#8211; skr\u00e4ddarsy din utbildning efter dina behov<\/p>\n<\/li>\n<li data-start=\"980\" data-end=\"1043\">\n<p data-start=\"982\" data-end=\"1043\">Pulsm\u00e4tare via br\u00f6stb\u00e4lte (tillval) f\u00f6r exakt tr\u00e4ningsuppf\u00f6ljning<\/p>\n<\/li>\n<\/ul>\n<h3 data-start=\"1045\" data-end=\"1085\">Enkel, effektiv och redo att anv\u00e4ndas<\/h3>\n<p data-start=\"1113\" data-end=\"1488\">CoreRun Lite R500 \u00e4r utformad f\u00f6r dig som vill ha enkelhet i kombination med funktionalitet. Den levereras helt monterad och klar att anv\u00e4nda, s\u00e5 att du kan komma ig\u00e5ng med din tr\u00e4ning direkt. Med funktioner som 2-i-1-design, elektronisk lutning och fj\u00e4rrkontroll f\u00e5r du en flexibel, varierad och anv\u00e4ndarv\u00e4nlig tr\u00e4ningsupplevelse &#8211; och ett l\u00f6pband som \u00e4r l\u00e4tt att anv\u00e4nda och lika l\u00e4tt att packa undan.  <\/p>\n","protected":false},"excerpt":{"rendered":"<p>Upplev effektiv hemmatr\u00e4ning med CoreRun Lite R500 CoreRun Lite R500 \u00e4r ett kompakt och l\u00e4ttanv\u00e4nt 2-i-1-l\u00f6pband som ger dig ett effektivt tr\u00e4ningspass direkt i vardagsrummet. N\u00e4r handtaget \u00e4r nedf\u00e4llt fungerar det som ett l\u00f6pband med hastigheter upp till 6 km\/h, och n\u00e4r handtaget \u00e4r uppf\u00e4llt f\u00e5r du fullt l\u00f6pningsl\u00e4ge med en topphastighet p\u00e5 12 km\/h. [&#8230;]\n","protected":false},"featured_media":3397,"comment_status":"open","ping_status":"closed","template":"","meta":[],"product_brand":[],"product_cat":[192,223],"product_tag":[],"class_list":{"0":"post-3194","1":"product","2":"type-product","3":"status-publish","4":"has-post-thumbnail","6":"product_cat-konditionstraening","7":"product_cat-loepband","9":"first","10":"outofstock","11":"sale","12":"taxable","13":"shipping-taxable","14":"purchasable","15":"product-type-simple"},"_links":{"self":[{"href":"https:\/\/nordicore.dk\/sv\/wp-json\/wp\/v2\/product\/3194","targetHints":{"allow":["GET"]}}],"collection":[{"href":"https:\/\/nordicore.dk\/sv\/wp-json\/wp\/v2\/product"}],"about":[{"href":"https:\/\/nordicore.dk\/sv\/wp-json\/wp\/v2\/types\/product"}],"replies":[{"embeddable":true,"href":"https:\/\/nordicore.dk\/sv\/wp-json\/wp\/v2\/comments?post=3194"}],"wp:featuredmedia":[{"embeddable":true,"href":"https:\/\/nordicore.dk\/sv\/wp-json\/wp\/v2\/media\/3397"}],"wp:attachment":[{"href":"https:\/\/nordicore.dk\/sv\/wp-json\/wp\/v2\/media?parent=3194"}],"wp:term":[{"taxonomy":"product_brand","embeddable":true,"href":"https:\/\/nordicore.dk\/sv\/wp-json\/wp\/v2\/product_brand?post=3194"},{"taxonomy":"product_cat","embeddable":true,"href":"https:\/\/nordicore.dk\/sv\/wp-json\/wp\/v2\/product_cat?post=3194"},{"taxonomy":"product_tag","embeddable":true,"href":"https:\/\/nordicore.dk\/sv\/wp-json\/wp\/v2\/product_tag?post=3194"}],"curies":[{"name":"wp","href":"https:\/\/api.w.org\/{rel}","templated":true}]}}