{"id":2796,"date":"2025-04-25T22:43:02","date_gmt":"2025-04-25T22:43:02","guid":{"rendered":"https:\/\/nordicore.dk\/vare\/allt-i-ett-multimaskin-9000x-pro\/"},"modified":"2026-03-18T19:00:31","modified_gmt":"2026-03-18T19:00:31","slug":"allt-i-ett-multimaskin-9000x-pro","status":"publish","type":"product","link":"https:\/\/nordicore.dk\/sv\/vare\/allt-i-ett-multimaskin-9000x-pro\/","title":{"rendered":"Allt-i-ett multimaskin 9000X Pro"},"content":{"rendered":"<h3 class=\"\" data-start=\"98\" data-end=\"163\">Effektiv helkroppstr\u00e4ning i en kompakt, semikommersiell design<\/h3>\n<p>En semikommersiell multimaskin skapad f\u00f6r b\u00e5de hemmatr\u00e4ning och gemensamma tr\u00e4ningsutrymmen som f\u00f6retagsfitnesscenter, sportklubbar, l\u00e4genhetskomplex och hotellfitness. Perfekt f\u00f6r dig som vill ha h\u00f6g kvalitet, flexibilitet och maximalt utnyttjande av utrymmet. <\/p>\n<p class=\"\" data-start=\"74\" data-end=\"289\">9000X Pro m\u00f6jligg\u00f6r effektiv helkroppstr\u00e4ning i en kompakt och robust design. Med tv\u00e5 viktmagasin i massivt st\u00e5l och en stabil st\u00e5lkonstruktion \u00e4r maskinen idealisk f\u00f6r b\u00e5de solotr\u00e4ning och flera anv\u00e4ndare samtidigt. <\/p>\n<hr class=\"\" data-start=\"989\" data-end=\"992\">\n<h4 data-start=\"641\" data-end=\"665\">Viktiga funktioner<\/h4>\n<ul data-start=\"666\" data-end=\"1218\">\n<li class=\"\" data-start=\"666\" data-end=\"801\">\n<p class=\"\" data-start=\"668\" data-end=\"801\"><strong data-start=\"668\" data-end=\"697\">Tv\u00e5 viktmagasin<\/strong> i st\u00e5l p\u00e5 <strong data-start=\"668\" data-end=\"697\">100 kg<\/strong>, justerbara via pinne &#8211; med m\u00f6jlighet att l\u00e4gga till ytterligare vikt via Smith-st\u00e5ngen.<\/p>\n<\/li>\n<li class=\"\" data-start=\"802\" data-end=\"893\">\n<p class=\"\" data-start=\"804\" data-end=\"893\"><strong data-start=\"804\" data-end=\"836\">Smith-stativ och tr\u00e4ningsst\u00e4llning<\/strong> f\u00f6r s\u00e4kra och fria lyft &#8211; inklusive benpressst\u00f6d.<\/p>\n<\/li>\n<li class=\"\" data-start=\"894\" data-end=\"1014\">\n<p class=\"\" data-start=\"896\" data-end=\"1014\"><strong data-start=\"90\" data-end=\"246\">Kabelkryss <\/strong>med tv\u00e5 justerbara handtag (16 niv\u00e5er).<\/p>\n<\/li>\n<li class=\"\" data-start=\"894\" data-end=\"1014\">\n<p class=\"\" data-start=\"90\" data-end=\"246\"><strong data-start=\"90\" data-end=\"246\">Br\u00f6ststation <\/strong>med dubbla kabeldrag &#8211; perfekt f\u00f6r varierade \u00f6vningar som flyes, curls och br\u00f6stpress.<\/p>\n<\/li>\n<li class=\"\" data-start=\"1015\" data-end=\"1101\">\n<p class=\"\" data-start=\"1017\" data-end=\"1101\"><strong>Pull-up-station<\/strong> med flera olika greppalternativ.<\/p>\n<\/li>\n<li class=\"\" data-start=\"1102\" data-end=\"1218\">\n<p class=\"\" data-start=\"1104\" data-end=\"1218\"><strong data-start=\"1104\" data-end=\"1123\">Platsbesparande<\/strong>: Maskinen tar endast upp 2,21 m\u00b2 och erbjuder smarta f\u00f6rvaringsl\u00f6sningar f\u00f6r viktskivor och tillbeh\u00f6r.<\/p>\n<\/li>\n<\/ul>\n<hr class=\"\" data-start=\"989\" data-end=\"992\">\n<h4 class=\"\" data-start=\"1220\" data-end=\"1248\">Medf\u00f6ljande tillbeh\u00f6r<\/h4>\n<ul data-start=\"1249\" data-end=\"1468\">\n<li class=\"\" data-start=\"1249\" data-end=\"1273\">\n<p class=\"\" data-start=\"1251\" data-end=\"1273\">Landmine &amp; T-bar rodd<\/p>\n<\/li>\n<li class=\"\" data-start=\"1274\" data-end=\"1324\">\n<p class=\"\" data-start=\"1276\" data-end=\"1324\">Smith-st\u00e5ng med snabbl\u00e5s, fj\u00e4derl\u00e5s och skivst\u00e5ngsdynor<\/p>\n<\/li>\n<li class=\"\" data-start=\"1325\" data-end=\"1393\">\n<p class=\"\" data-start=\"1327\" data-end=\"1393\">Kort och l\u00e5ng dragst\u00e5ng, tricepsrep, fotledsrem och parallella st\u00e4nger<\/p>\n<\/li>\n<li class=\"\" data-start=\"1394\" data-end=\"1434\">\n<p class=\"\" data-start=\"1396\" data-end=\"1434\">St\u00f6d f\u00f6r benpress, benst\u00f6d, fotst\u00f6d<\/p>\n<\/li>\n<li class=\"\" data-start=\"1435\" data-end=\"1468\">\n<p class=\"\" data-start=\"1437\" data-end=\"1468\">J-krokar och l\u00e5nga s\u00e4kerhetsarmar<\/p>\n<\/li>\n<\/ul>\n<hr class=\"\" data-start=\"989\" data-end=\"992\">\n<h4 class=\"\" data-start=\"1470\" data-end=\"1493\">Bygg ut maskinen<\/h4>\n<p class=\"\" data-start=\"1494\" data-end=\"1689\">Anpassa 9000X Pro med extrautrustning och f\u00e5 ut \u00e4nnu mer av din tr\u00e4ning.<br data-start=\"1564\" data-end=\"1567\">K\u00f6p utvalda tillbeh\u00f6r tillsammans med maskinen och spara pengar samtidigt som du f\u00e5r en l\u00f6sning som t\u00e4cker alla dina behov.<\/p>\n<p class=\"\" data-start=\"1691\" data-end=\"1701\">L\u00e4gg till t.ex:<\/p>\n<ul data-start=\"1702\" data-end=\"1802\">\n<li class=\"\" data-start=\"1702\" data-end=\"1728\">\n<p class=\"\" data-start=\"1704\" data-end=\"1728\">Multi Weight Bench Pro<\/p>\n<\/li>\n<li class=\"\" data-start=\"1729\" data-end=\"1750\">\n<p class=\"\" data-start=\"1731\" data-end=\"1750\">Fitnessgolv av gummi<\/p>\n<\/li>\n<li class=\"\" data-start=\"1751\" data-end=\"1772\">\n<p class=\"\" data-start=\"1753\" data-end=\"1772\">Skivor med st\u00f6tf\u00e5ngarvikt<\/p>\n<\/li>\n<li class=\"\" data-start=\"1773\" data-end=\"1802\">\n<p class=\"\" data-start=\"1775\" data-end=\"1802\">Extra olympisk skivst\u00e5ng<\/p>\n<\/li>\n<\/ul>\n<hr class=\"\" data-start=\"989\" data-end=\"992\">\n<h4 class=\"\" data-start=\"1804\" data-end=\"1832\">9000X Pro j\u00e4mf\u00f6rt med 6000X<\/h4>\n<p class=\"\" data-start=\"144\" data-end=\"390\">D\u00e4r 6000X \u00e4r prisv\u00e4rd med cementmagasin och plattladdning, \u00e4r 9000X Pro byggd f\u00f6r semikommersiell anv\u00e4ndning med st\u00e5lvikter, slutet viktmagasin och en utrymmesbesparande design. Ett b\u00e4ttre val f\u00f6r professionella milj\u00f6er och utrymmen med begr\u00e4nsat utrymme. <\/p>\n","protected":false},"excerpt":{"rendered":"<p>Effektiv helkroppstr\u00e4ning i en kompakt, semikommersiell design En semikommersiell multimaskin skapad f\u00f6r b\u00e5de hemmatr\u00e4ning och gemensamma tr\u00e4ningsutrymmen som f\u00f6retagsfitnesscenter, sportklubbar, l\u00e4genhetskomplex och hotellfitness. Perfekt f\u00f6r dig som vill ha h\u00f6g kvalitet, flexibilitet och maximalt utnyttjande av utrymmet. 9000X Pro m\u00f6jligg\u00f6r effektiv helkroppstr\u00e4ning i en kompakt och robust design. Med tv\u00e5 viktmagasin i massivt st\u00e5l och [&#8230;]\n","protected":false},"featured_media":2348,"comment_status":"open","ping_status":"closed","template":"","meta":[],"product_brand":[],"product_cat":[228,227,164],"product_tag":[],"class_list":{"0":"post-2796","1":"product","2":"type-product","3":"status-publish","4":"has-post-thumbnail","6":"product_cat-allt-i-ett-multimaskiner","7":"product_cat-flera-maskiner","8":"product_cat-styrketraening-sv","9":"product_shipping_class-stora-leveranser","11":"first","12":"onbackorder","13":"sale","14":"taxable","15":"shipping-taxable","16":"purchasable","17":"product-type-variable","18":"wvs-archive-product-wrapper"},"_links":{"self":[{"href":"https:\/\/nordicore.dk\/sv\/wp-json\/wp\/v2\/product\/2796","targetHints":{"allow":["GET"]}}],"collection":[{"href":"https:\/\/nordicore.dk\/sv\/wp-json\/wp\/v2\/product"}],"about":[{"href":"https:\/\/nordicore.dk\/sv\/wp-json\/wp\/v2\/types\/product"}],"replies":[{"embeddable":true,"href":"https:\/\/nordicore.dk\/sv\/wp-json\/wp\/v2\/comments?post=2796"}],"wp:featuredmedia":[{"embeddable":true,"href":"https:\/\/nordicore.dk\/sv\/wp-json\/wp\/v2\/media\/2348"}],"wp:attachment":[{"href":"https:\/\/nordicore.dk\/sv\/wp-json\/wp\/v2\/media?parent=2796"}],"wp:term":[{"taxonomy":"product_brand","embeddable":true,"href":"https:\/\/nordicore.dk\/sv\/wp-json\/wp\/v2\/product_brand?post=2796"},{"taxonomy":"product_cat","embeddable":true,"href":"https:\/\/nordicore.dk\/sv\/wp-json\/wp\/v2\/product_cat?post=2796"},{"taxonomy":"product_tag","embeddable":true,"href":"https:\/\/nordicore.dk\/sv\/wp-json\/wp\/v2\/product_tag?post=2796"}],"curies":[{"name":"wp","href":"https:\/\/api.w.org\/{rel}","templated":true}]}}