{"id":2795,"date":"2025-04-26T20:48:07","date_gmt":"2025-04-26T20:48:07","guid":{"rendered":"https:\/\/nordicore.dk\/vare\/plaatbelastad-multimaskin-800e\/"},"modified":"2025-11-07T20:08:09","modified_gmt":"2025-11-07T20:08:09","slug":"plaatbelastad-multimaskin-800e","status":"publish","type":"product","link":"https:\/\/nordicore.dk\/sv\/vare\/plaatbelastad-multimaskin-800e\/","title":{"rendered":"Pl\u00e5tbelastad multimaskin 800E"},"content":{"rendered":"<h3 data-start=\"163\" data-end=\"522\">En kompakt och funktionell multimaskin f\u00f6r hemmet<strong data-start=\"163\" data-end=\"216\"><br \/>\n<\/strong><\/h3>\n<p data-start=\"163\" data-end=\"522\">NordiCore Plate Loaded MultiMachine 800E \u00e4r ett bra val f\u00f6r hemmatr\u00e4ning om du vill ha en enklare l\u00f6sning \u00e4n de st\u00f6rre All-In-One-modellerna. Maskinen t\u00e4cker de viktigaste \u00f6vningarna och kombinerar funktionalitet, s\u00e4kerhet och kompakt design &#8211; perfekt f\u00f6r effektiv helkroppstr\u00e4ning p\u00e5 begr\u00e4nsat utrymme. <\/p>\n<p class=\"\" data-start=\"454\" data-end=\"701\">800E anv\u00e4nder viktskivor som belastning, vilket g\u00f6r det enkelt att anpassa vikten efter dina behov och m\u00e5l. Skapad f\u00f6r b\u00e5de nyb\u00f6rjare och erfarna anv\u00e4ndare som vill ha en p\u00e5litlig tr\u00e4ningsmaskin med smarta f\u00f6rvaringsl\u00f6sningar och utrymme f\u00f6r utveckling. <\/p>\n<hr class=\"\" data-start=\"989\" data-end=\"992\">\n<h4 data-start=\"732\" data-end=\"759\">Viktiga funktioner<\/h4>\n<ul data-start=\"760\" data-end=\"1285\">\n<li class=\"\" data-start=\"760\" data-end=\"871\">\n<p class=\"\" data-start=\"762\" data-end=\"871\">Smith-stativ med lutning f\u00f6r en mer naturlig r\u00f6relse &#8211; inklusive s\u00e4kerhetskrok och s\u00e4kra lyftalternativ.<\/p>\n<\/li>\n<li class=\"\" data-start=\"872\" data-end=\"942\">\n<p class=\"\" data-start=\"874\" data-end=\"942\">Tr\u00e4ningsst\u00e4ll f\u00f6r frivikts\u00f6vningar som kn\u00e4b\u00f6j, b\u00e4nkpress och marklyft.<\/p>\n<\/li>\n<li class=\"\" data-start=\"943\" data-end=\"1022\">\n<p class=\"\" data-start=\"945\" data-end=\"1022\">Br\u00f6ststation med dubbla kabeldrag &#8211; perfekt f\u00f6r flyes, curls och br\u00f6stpress.<\/p>\n<\/li>\n<li class=\"\" data-start=\"1023\" data-end=\"1105\">\n<p class=\"\" data-start=\"1025\" data-end=\"1105\">Pull-up-station med flera greppalternativ f\u00f6r effektiv rygg- och b\u00e5ltr\u00e4ning.<\/p>\n<\/li>\n<li class=\"\" data-start=\"1106\" data-end=\"1196\">\n<p class=\"\" data-start=\"1108\" data-end=\"1196\">Plateloading-system: Anv\u00e4nd dina egna viktskivor f\u00f6r att flexibelt anpassa lasten.<\/p>\n<\/li>\n<li class=\"\" data-start=\"1197\" data-end=\"1285\">\n<p class=\"\" data-start=\"1199\" data-end=\"1285\">Kompakt design med platsbesparande f\u00f6rvaring av viktskivor, skivst\u00e4nger och tillbeh\u00f6r.<\/p>\n<\/li>\n<\/ul>\n<hr class=\"\" data-start=\"989\" data-end=\"992\">\n<h4 data-start=\"1287\" data-end=\"1312\">Medf\u00f6ljande tillbeh\u00f6r<\/h4>\n<ul data-start=\"1313\" data-end=\"1554\">\n<li class=\"\" data-start=\"1313\" data-end=\"1390\">\n<p class=\"\" data-start=\"1315\" data-end=\"1390\">Olympisk skivst\u00e5ng f\u00f6r Smith-rack (inkl. snabbl\u00e5sbyglar och skivst\u00e5ngsdyna)<\/p>\n<\/li>\n<li class=\"\" data-start=\"1391\" data-end=\"1427\">\n<p class=\"\" data-start=\"1393\" data-end=\"1427\">Curl-dragst\u00e5ng och kort dragst\u00e5ng<\/p>\n<\/li>\n<li class=\"\" data-start=\"1428\" data-end=\"1502\">\n<p class=\"\" data-start=\"1430\" data-end=\"1502\">Tricepsrep, fotledsrem och parallella st\u00e4nger<\/p>\n<\/li>\n<li class=\"\" data-start=\"1503\" data-end=\"1527\">\n<p class=\"\" data-start=\"1505\" data-end=\"1527\">Fotst\u00f6d f\u00f6r rodd<\/p>\n<\/li>\n<li class=\"\" data-start=\"1528\" data-end=\"1554\">\n<p class=\"\" data-start=\"1530\" data-end=\"1554\">J-krokar f\u00f6r tr\u00e4ningsst\u00e4ll<\/p>\n<\/li>\n<\/ul>\n<hr class=\"\" data-start=\"989\" data-end=\"992\">\n<h4 data-start=\"1556\" data-end=\"1589\">Bygg ut maskinen<\/h4>\n<p data-start=\"1556\" data-end=\"1589\">Anpassa din NordiCore Plate Loaded MultiMachine 800E med extrautrustning och f\u00e5 ut \u00e4nnu mer av din tr\u00e4ning. K\u00f6p utvalda tillbeh\u00f6r tillsammans med maskinen och spara pengar samtidigt som du f\u00e5r en l\u00f6sning som t\u00e4cker alla dina behov. <\/p>\n<ul data-start=\"1590\" data-end=\"1856\">\n<li class=\"\" data-start=\"1590\" data-end=\"1652\">\n<p class=\"\" data-start=\"1592\" data-end=\"1652\">Multi Weight Bench Pro &#8211; f\u00f6r \u00e4nnu fler tr\u00e4ningsm\u00f6jligheter<\/p>\n<\/li>\n<li class=\"\" data-start=\"1653\" data-end=\"1717\">\n<p class=\"\" data-start=\"1655\" data-end=\"1717\">Fitnessgolv i kraftigt gummi &#8211; skyddar golvet och minskar bullret<\/p>\n<\/li>\n<li class=\"\" data-start=\"1718\" data-end=\"1780\">\n<p class=\"\" data-start=\"1720\" data-end=\"1780\">Bumper Viktplattor &#8211; idealiska f\u00f6r tunga lyft och tyngdlyftning<\/p>\n<\/li>\n<li class=\"\" data-start=\"1781\" data-end=\"1856\">\n<p class=\"\" data-start=\"1783\" data-end=\"1856\">Extra olympisk skivst\u00e5ng &#8211; perfekt f\u00f6r \u00f6vningar med fri vikt och f\u00f6r flera anv\u00e4ndare<\/p>\n<\/li>\n<\/ul>\n<p class=\"\" data-start=\"1858\" data-end=\"1982\">NordiCore Plate Loaded MultiMachine 800E \u00e4r en p\u00e5litlig, funktionell och platsbesparande tr\u00e4ningsl\u00f6sning f\u00f6r hemmet.<\/p>\n","protected":false},"excerpt":{"rendered":"<p>En kompakt och funktionell multimaskin f\u00f6r hemmet NordiCore Plate Loaded MultiMachine 800E \u00e4r ett bra val f\u00f6r hemmatr\u00e4ning om du vill ha en enklare l\u00f6sning \u00e4n de st\u00f6rre All-In-One-modellerna. Maskinen t\u00e4cker de viktigaste \u00f6vningarna och kombinerar funktionalitet, s\u00e4kerhet och kompakt design &#8211; perfekt f\u00f6r effektiv helkroppstr\u00e4ning p\u00e5 begr\u00e4nsat utrymme. 800E anv\u00e4nder viktskivor som belastning, vilket [&#8230;]\n","protected":false},"featured_media":2359,"comment_status":"open","ping_status":"closed","template":"","meta":[],"product_brand":[],"product_cat":[227,235,164],"product_tag":[],"class_list":{"0":"post-2795","1":"product","2":"type-product","3":"status-publish","4":"has-post-thumbnail","6":"product_cat-flera-maskiner","7":"product_cat-plattlastade-multimaskiner","8":"product_cat-styrketraening-sv","9":"product_shipping_class-stora-leveranser","11":"first","12":"instock","13":"sale","14":"taxable","15":"shipping-taxable","16":"purchasable","17":"product-type-variable","18":"wvs-archive-product-wrapper"},"_links":{"self":[{"href":"https:\/\/nordicore.dk\/sv\/wp-json\/wp\/v2\/product\/2795","targetHints":{"allow":["GET"]}}],"collection":[{"href":"https:\/\/nordicore.dk\/sv\/wp-json\/wp\/v2\/product"}],"about":[{"href":"https:\/\/nordicore.dk\/sv\/wp-json\/wp\/v2\/types\/product"}],"replies":[{"embeddable":true,"href":"https:\/\/nordicore.dk\/sv\/wp-json\/wp\/v2\/comments?post=2795"}],"wp:featuredmedia":[{"embeddable":true,"href":"https:\/\/nordicore.dk\/sv\/wp-json\/wp\/v2\/media\/2359"}],"wp:attachment":[{"href":"https:\/\/nordicore.dk\/sv\/wp-json\/wp\/v2\/media?parent=2795"}],"wp:term":[{"taxonomy":"product_brand","embeddable":true,"href":"https:\/\/nordicore.dk\/sv\/wp-json\/wp\/v2\/product_brand?post=2795"},{"taxonomy":"product_cat","embeddable":true,"href":"https:\/\/nordicore.dk\/sv\/wp-json\/wp\/v2\/product_cat?post=2795"},{"taxonomy":"product_tag","embeddable":true,"href":"https:\/\/nordicore.dk\/sv\/wp-json\/wp\/v2\/product_tag?post=2795"}],"curies":[{"name":"wp","href":"https:\/\/api.w.org\/{rel}","templated":true}]}}