{"id":2794,"date":"2025-04-26T22:52:04","date_gmt":"2025-04-26T22:52:04","guid":{"rendered":"https:\/\/nordicore.dk\/vare\/baenkpress-set-multi-pro-130-kg\/"},"modified":"2026-02-05T19:16:05","modified_gmt":"2026-02-05T19:16:05","slug":"baenkpress-set-multi-pro-130-kg","status":"publish","type":"product","link":"https:\/\/nordicore.dk\/sv\/vare\/baenkpress-set-multi-pro-130-kg\/","title":{"rendered":"B\u00e4nkpress set Multi Pro &#8211; 130 kg"},"content":{"rendered":"<h3 class=\"\" data-start=\"157\" data-end=\"203\">Ett komplett b\u00e4nkpress-set f\u00f6r tr\u00e4ning av hela kroppen<\/h3>\n<p class=\"\" data-start=\"205\" data-end=\"435\">NordiCore Bench Press Set Multi Pro &#8211; 130 kg \u00e4r gjord f\u00f6r seri\u00f6s hemmatr\u00e4ning. Med en multifunktionell b\u00e4nk, justerbart st\u00e4ll och en total viktupps\u00e4ttning p\u00e5 130 kg f\u00e5r du allt du beh\u00f6ver f\u00f6r att tr\u00e4na hela kroppen effektivt och s\u00e4kert. <\/p>\n<hr class=\"\" data-start=\"989\" data-end=\"992\">\n<h4 data-start=\"437\" data-end=\"456\">Viktiga funktioner<\/h4>\n<ul data-start=\"458\" data-end=\"809\">\n<li class=\"\" data-start=\"458\" data-end=\"528\">\n<p class=\"\" data-start=\"460\" data-end=\"528\">Multifunktionsb\u00e4nk med funktion f\u00f6r br\u00f6stlyft, benstr\u00e4ckare och curl.<\/p>\n<\/li>\n<li class=\"\" data-start=\"529\" data-end=\"589\">\n<p class=\"\" data-start=\"531\" data-end=\"589\">Justerbart kn\u00e4b\u00f6js- och b\u00e4nkpressst\u00e4ll (maxh\u00f6jd 125 cm).<\/p>\n<\/li>\n<li class=\"\" data-start=\"590\" data-end=\"633\">\n<p class=\"\" data-start=\"592\" data-end=\"633\">H\u00e5llare f\u00f6r viktskivor f\u00f6r praktisk f\u00f6rvaring.<\/p>\n<\/li>\n<li class=\"\" data-start=\"634\" data-end=\"697\">\n<p class=\"\" data-start=\"636\" data-end=\"697\">Stark st\u00e5lkonstruktion med slitstarka skumkuddar i konstl\u00e4der.<\/p>\n<\/li>\n<li class=\"\" data-start=\"698\" data-end=\"732\">\n<p class=\"\" data-start=\"700\" data-end=\"732\">Maximal viktbelastning:<\/p>\n<ul data-start=\"918\" data-end=\"1020\">\n<li class=\"\" data-start=\"918\" data-end=\"933\">\n<p class=\"\" data-start=\"920\" data-end=\"933\">B\u00e4nk: 300 kg<\/p>\n<\/li>\n<li class=\"\" data-start=\"968\" data-end=\"981\">\n<p class=\"\" data-start=\"970\" data-end=\"981\">Rack: 150 kg<\/p>\n<\/li>\n<\/ul>\n<\/li>\n<li class=\"\" data-start=\"733\" data-end=\"809\">\n<p class=\"\" data-start=\"735\" data-end=\"809\">Komplett viktset med 130 kg &#8211; 105 kg cementviktskivor med plastbel\u00e4ggning + skivst\u00e4nger.<\/p>\n<\/li>\n<\/ul>\n<hr class=\"\" data-start=\"989\" data-end=\"992\">\n<h4 data-start=\"811\" data-end=\"834\">Ing\u00e5r i satsen<\/h4>\n<ul>\n<li><strong>MT500 multi-viktb\u00e4nk<\/strong><\/li>\n<li class=\"\" data-start=\"887\" data-end=\"1020\">\n<p class=\"\" data-start=\"889\" data-end=\"915\"><strong data-start=\"889\" data-end=\"903\">Viktskivor<\/strong> (105 kg):<\/p>\n<ul data-start=\"918\" data-end=\"1020\">\n<li class=\"\" data-start=\"918\" data-end=\"933\">\n<p class=\"\" data-start=\"920\" data-end=\"933\">4 \u00d7 1,25 kg<\/p>\n<\/li>\n<li class=\"\" data-start=\"936\" data-end=\"950\">\n<p class=\"\" data-start=\"938\" data-end=\"950\">4 \u00d7 2,5 kg<\/p>\n<\/li>\n<li class=\"\" data-start=\"953\" data-end=\"965\">\n<p class=\"\" data-start=\"955\" data-end=\"965\">4 \u00d7 5 kg<\/p>\n<\/li>\n<li class=\"\" data-start=\"968\" data-end=\"981\">\n<p class=\"\" data-start=\"970\" data-end=\"981\">4 \u00d7 10 kg<\/p>\n<\/li>\n<li class=\"\" data-start=\"984\" data-end=\"997\">\n<p class=\"\" data-start=\"986\" data-end=\"997\">2 \u00d7 15 kg<\/p>\n<\/li>\n<li class=\"\" data-start=\"1000\" data-end=\"1020\">\n<p class=\"\" data-start=\"1002\" data-end=\"1020\">H\u00e5ldiameter: 26 mm<\/p>\n<\/li>\n<\/ul>\n<\/li>\n<li class=\"\" data-start=\"1021\" data-end=\"1107\">\n<p class=\"\" data-start=\"1023\" data-end=\"1107\"><strong data-start=\"1023\" data-end=\"1043\">180 cm skivst\u00e5ng<\/strong> &#8211; 7 kg, \u00d825 mm, max. belastning: 150 kg (inkl. 2 stj\u00e4rnl\u00e5s).<\/p>\n<\/li>\n<li class=\"\" data-start=\"1108\" data-end=\"1194\">\n<p class=\"\" data-start=\"1110\" data-end=\"1194\"><strong data-start=\"1110\" data-end=\"1130\">120 cm curlst\u00e5ng<\/strong> &#8211; 5 kg, \u00d825 mm, max. belastning: 120 kg (inkl. 2 stj\u00e4rnl\u00e5s).<\/p>\n<\/li>\n<li class=\"\" data-start=\"1195\" data-end=\"1302\">\n<p class=\"\" data-start=\"1197\" data-end=\"1302\"><strong data-start=\"1197\" data-end=\"1227\">2 \u00d7 35 cm hantelst\u00e4nger<\/strong> &#8211; 1,5 kg vardera, \u00d825 mm, maxbelastning: 50 kg (inkl. 2 stj\u00e4rnl\u00e5s).<\/p>\n<\/li>\n<\/ul>\n<hr class=\"\" data-start=\"989\" data-end=\"992\">\n<h4 data-start=\"1304\" data-end=\"1327\">Multi vs. Multi Pro <\/h4>\n<p class=\"\" data-start=\"1329\" data-end=\"1561\">Multi Pro-modellen utm\u00e4rker sig genom att erbjuda tr\u00e4ningsalternativ f\u00f6r hela kroppen, fler isolerings\u00f6vningar f\u00f6r ben, br\u00f6st och armar och h\u00f6gre viktkapacitet &#8211; perfekt f\u00f6r dem som vill ha extra tunga lyft och st\u00f6rre tr\u00e4ningsflexibilitet.<\/p>\n","protected":false},"excerpt":{"rendered":"<p>Ett komplett b\u00e4nkpress-set f\u00f6r tr\u00e4ning av hela kroppen NordiCore Bench Press Set Multi Pro &#8211; 130 kg \u00e4r gjord f\u00f6r seri\u00f6s hemmatr\u00e4ning. Med en multifunktionell b\u00e4nk, justerbart st\u00e4ll och en total viktupps\u00e4ttning p\u00e5 130 kg f\u00e5r du allt du beh\u00f6ver f\u00f6r att tr\u00e4na hela kroppen effektivt och s\u00e4kert. Viktiga funktioner Multifunktionsb\u00e4nk med funktion f\u00f6r br\u00f6stlyft, [&#8230;]\n","protected":false},"featured_media":3563,"comment_status":"open","ping_status":"closed","template":"","meta":[],"product_brand":[],"product_cat":[229,164],"product_tag":[],"class_list":{"0":"post-2794","1":"product","2":"type-product","3":"status-publish","4":"has-post-thumbnail","6":"product_cat-baenkpress-set","7":"product_cat-styrketraening-sv","8":"product_shipping_class-stora-leveranser","10":"first","11":"instock","12":"sale","13":"taxable","14":"shipping-taxable","15":"purchasable","16":"product-type-simple"},"_links":{"self":[{"href":"https:\/\/nordicore.dk\/sv\/wp-json\/wp\/v2\/product\/2794","targetHints":{"allow":["GET"]}}],"collection":[{"href":"https:\/\/nordicore.dk\/sv\/wp-json\/wp\/v2\/product"}],"about":[{"href":"https:\/\/nordicore.dk\/sv\/wp-json\/wp\/v2\/types\/product"}],"replies":[{"embeddable":true,"href":"https:\/\/nordicore.dk\/sv\/wp-json\/wp\/v2\/comments?post=2794"}],"wp:featuredmedia":[{"embeddable":true,"href":"https:\/\/nordicore.dk\/sv\/wp-json\/wp\/v2\/media\/3563"}],"wp:attachment":[{"href":"https:\/\/nordicore.dk\/sv\/wp-json\/wp\/v2\/media?parent=2794"}],"wp:term":[{"taxonomy":"product_brand","embeddable":true,"href":"https:\/\/nordicore.dk\/sv\/wp-json\/wp\/v2\/product_brand?post=2794"},{"taxonomy":"product_cat","embeddable":true,"href":"https:\/\/nordicore.dk\/sv\/wp-json\/wp\/v2\/product_cat?post=2794"},{"taxonomy":"product_tag","embeddable":true,"href":"https:\/\/nordicore.dk\/sv\/wp-json\/wp\/v2\/product_tag?post=2794"}],"curies":[{"name":"wp","href":"https:\/\/api.w.org\/{rel}","templated":true}]}}