{"id":2793,"date":"2025-04-21T02:33:54","date_gmt":"2025-04-21T02:33:54","guid":{"rendered":"https:\/\/nordicore.dk\/vare\/adjustpro-nc40-justerbar-hantel-40kg\/"},"modified":"2025-11-20T09:52:57","modified_gmt":"2025-11-20T09:52:57","slug":"adjustpro-nc40-justerbar-hantel-40kg","status":"publish","type":"product","link":"https:\/\/nordicore.dk\/sv\/vare\/adjustpro-nc40-justerbar-hantel-40kg\/","title":{"rendered":"AdjustPro NC40 &#8211; Justerbar hantel 40kg"},"content":{"rendered":"<p class=\"\" data-start=\"88\" data-end=\"410\">Adjust Pro NC40 samlar hela din hantelupps\u00e4ttning i en kompakt och h\u00e5llbar design. Med justerbara vikter fr\u00e5n 5 till 40 kg f\u00e5r du flexibilitet f\u00f6r b\u00e5de styrketr\u00e4ning och funktionella \u00f6vningar. Hanteln \u00e4r av kommersiell kvalitet och l\u00e4mpar sig f\u00f6r b\u00e5de hemmabruk och professionell anv\u00e4ndning.<\/p>\n<p class=\"\" data-start=\"412\" data-end=\"646\">Vikten justeras enkelt med det integrerade sv\u00e4nghjulet. V\u00e4lj \u00f6nskad vikt, lyft hanteln och p\u00e5b\u00f6rja tr\u00e4ningen. N\u00e4r det \u00e4r dags att byta till en ny \u00f6vning \u00e4r det bara att s\u00e4tta tillbaka hanteln i h\u00e5llaren, justera &#8211; och forts\u00e4tta utan avbrott.<\/p>\n<p class=\"\" data-start=\"648\" data-end=\"846\">Handtaget \u00e4r tillverkat av massivt st\u00e5l med vred f\u00f6r b\u00e4ttre grepp och kontroll.  <strong data-start=\"848\" data-end=\"937\">Vi rekommenderar att du anv\u00e4nder tr\u00e4ningshandskar f\u00f6r \u00f6kad komfort och grepp under tr\u00e4ningen.  <\/strong>Viktskivorna \u00e4r belagda med slitstark termoplast, som skyddar mot st\u00f6tar och repor och g\u00f6r hanteln tyst vid anv\u00e4ndning.<\/p>\n<p class=\"\" data-start=\"939\" data-end=\"1048\">En effektiv och professionell l\u00f6sning f\u00f6r dig som kr\u00e4ver h\u00f6g kvalitet &#8211; och maximal funktion p\u00e5 minimalt utrymme.<\/p>\n","protected":false},"excerpt":{"rendered":"<p>Adjust Pro NC40 samlar hela din hantelupps\u00e4ttning i en kompakt och h\u00e5llbar design. Med justerbara vikter fr\u00e5n 5 till 40 kg f\u00e5r du flexibilitet f\u00f6r b\u00e5de styrketr\u00e4ning och funktionella \u00f6vningar. Hanteln \u00e4r av kommersiell kvalitet och l\u00e4mpar sig f\u00f6r b\u00e5de hemmabruk och professionell anv\u00e4ndning. Vikten justeras enkelt med det integrerade sv\u00e4nghjulet. V\u00e4lj \u00f6nskad vikt, lyft [&#8230;]\n","protected":false},"featured_media":2332,"comment_status":"open","ping_status":"closed","template":"","meta":[],"product_brand":[],"product_cat":[165,166,164],"product_tag":[],"class_list":{"0":"post-2793","1":"product","2":"type-product","3":"status-publish","4":"has-post-thumbnail","6":"product_cat-hantlar","7":"product_cat-justerbara-hantlar","8":"product_cat-styrketraening-sv","10":"first","11":"instock","12":"sale","13":"taxable","14":"shipping-taxable","15":"purchasable","16":"product-type-variable","17":"wvs-archive-product-wrapper"},"_links":{"self":[{"href":"https:\/\/nordicore.dk\/sv\/wp-json\/wp\/v2\/product\/2793","targetHints":{"allow":["GET"]}}],"collection":[{"href":"https:\/\/nordicore.dk\/sv\/wp-json\/wp\/v2\/product"}],"about":[{"href":"https:\/\/nordicore.dk\/sv\/wp-json\/wp\/v2\/types\/product"}],"replies":[{"embeddable":true,"href":"https:\/\/nordicore.dk\/sv\/wp-json\/wp\/v2\/comments?post=2793"}],"wp:featuredmedia":[{"embeddable":true,"href":"https:\/\/nordicore.dk\/sv\/wp-json\/wp\/v2\/media\/2332"}],"wp:attachment":[{"href":"https:\/\/nordicore.dk\/sv\/wp-json\/wp\/v2\/media?parent=2793"}],"wp:term":[{"taxonomy":"product_brand","embeddable":true,"href":"https:\/\/nordicore.dk\/sv\/wp-json\/wp\/v2\/product_brand?post=2793"},{"taxonomy":"product_cat","embeddable":true,"href":"https:\/\/nordicore.dk\/sv\/wp-json\/wp\/v2\/product_cat?post=2793"},{"taxonomy":"product_tag","embeddable":true,"href":"https:\/\/nordicore.dk\/sv\/wp-json\/wp\/v2\/product_tag?post=2793"}],"curies":[{"name":"wp","href":"https:\/\/api.w.org\/{rel}","templated":true}]}}