{"id":2792,"date":"2025-04-26T23:41:02","date_gmt":"2025-04-26T23:41:02","guid":{"rendered":"https:\/\/nordicore.dk\/vare\/baenkpress-set-multi-130-kg\/"},"modified":"2025-09-10T11:05:48","modified_gmt":"2025-09-10T11:05:48","slug":"baenkpress-set-multi-130-kg","status":"publish","type":"product","link":"https:\/\/nordicore.dk\/sv\/vare\/baenkpress-set-multi-130-kg\/","title":{"rendered":"B\u00e4nkpress set Multi &#8211; 130 kg"},"content":{"rendered":"<h3 class=\"\" data-start=\"143\" data-end=\"198\">En solid b\u00e4nkpressupps\u00e4ttning f\u00f6r effektiv hemmatr\u00e4ning<\/h3>\n<p class=\"\" data-start=\"98\" data-end=\"362\">NordiCore Bench Press Set Multi &#8211; 130 kg kombinerar funktionalitet, styrka och utrymmesoptimering. Ett bra val f\u00f6r dig som vill ha m\u00e5ngsidig styrketr\u00e4ning hemma &#8211; oavsett om du \u00e4r nyb\u00f6rjare eller erfaren lyftare. <\/p>\n<hr class=\"\" data-start=\"989\" data-end=\"992\">\n<h4 data-start=\"404\" data-end=\"425\">Viktiga funktioner<\/h4>\n<ul data-start=\"426\" data-end=\"949\">\n<li class=\"\" data-start=\"426\" data-end=\"530\">\n<p class=\"\" data-start=\"428\" data-end=\"530\"><strong data-start=\"428\" data-end=\"460\">Multifunktionell tr\u00e4ningsb\u00e4nk<\/strong> &#8211; Justerbar b\u00e4nk med dipstation och benrem f\u00f6r lutande situps.<\/p>\n<\/li>\n<li class=\"\" data-start=\"531\" data-end=\"628\">\n<p class=\"\" data-start=\"533\" data-end=\"628\"><strong data-start=\"533\" data-end=\"552\">Justerbart st\u00e4ll<\/strong> &#8211; Passar olika h\u00f6jder och m\u00f6jligg\u00f6r kn\u00e4b\u00f6j och b\u00e4nkpress.<\/p>\n<\/li>\n<li class=\"\" data-start=\"629\" data-end=\"713\">\n<p class=\"\" data-start=\"631\" data-end=\"713\"><strong data-start=\"631\" data-end=\"652\">Skivst\u00e5ngsh\u00e5llare<\/strong> &#8211; Praktisk f\u00f6rvaring av curlst\u00e4nger eller hantlar.<\/p>\n<\/li>\n<li class=\"\" data-start=\"714\" data-end=\"826\">\n<p class=\"\" data-start=\"716\" data-end=\"826\"><strong data-start=\"716\" data-end=\"738\">Solid konstruktion<\/strong> &#8211; Stark st\u00e5lkonstruktion med bekv\u00e4ma skumkuddar kl\u00e4dda i slitstarkt konstl\u00e4der.<\/p>\n<\/li>\n<li class=\"\" data-start=\"827\" data-end=\"892\">\n<p class=\"\" data-start=\"829\" data-end=\"892\"><strong data-start=\"829\" data-end=\"848\">Vikbar design<\/strong> &#8211; Perfekt f\u00f6r hemmet med enkel f\u00f6rvaring.<\/p>\n<\/li>\n<li class=\"\" data-start=\"893\" data-end=\"949\">\n<p class=\"\" data-start=\"895\" data-end=\"949\"><strong data-start=\"895\" data-end=\"916\">H\u00f6g viktkapacitet<\/strong> &#8211; Maximal belastning p\u00e5 200 kg.<\/p>\n<\/li>\n<\/ul>\n<hr class=\"\" data-start=\"989\" data-end=\"992\">\n<h4 data-start=\"951\" data-end=\"973\">Inneh\u00e5ll i satsen<\/h4>\n<ul data-start=\"974\" data-end=\"1376\">\n<li class=\"\" data-start=\"974\" data-end=\"1001\">\n<p class=\"\" data-start=\"976\" data-end=\"1001\">MT200 multi-viktb\u00e4nk<\/p>\n<\/li>\n<li class=\"\" data-start=\"1002\" data-end=\"1161\">\n<p class=\"\" data-start=\"1004\" data-end=\"1054\">Cementviktsskivor med plastbel\u00e4ggning (105 kg):<\/p>\n<ul data-start=\"1057\" data-end=\"1161\">\n<li class=\"\" data-start=\"1057\" data-end=\"1072\">\n<p class=\"\" data-start=\"1059\" data-end=\"1072\">4 x 1,25 kg<\/p>\n<\/li>\n<li class=\"\" data-start=\"1075\" data-end=\"1089\">\n<p class=\"\" data-start=\"1077\" data-end=\"1089\">4 x 2,5 kg<\/p>\n<\/li>\n<li class=\"\" data-start=\"1092\" data-end=\"1104\">\n<p class=\"\" data-start=\"1094\" data-end=\"1104\">4 x 5 kg<\/p>\n<\/li>\n<li class=\"\" data-start=\"1107\" data-end=\"1120\">\n<p class=\"\" data-start=\"1109\" data-end=\"1120\">4 x 10 kg<\/p>\n<\/li>\n<li class=\"\" data-start=\"1123\" data-end=\"1136\">\n<p class=\"\" data-start=\"1125\" data-end=\"1136\">2 x 15 kg<\/p>\n<\/li>\n<li class=\"\" data-start=\"1139\" data-end=\"1161\">\n<p class=\"\" data-start=\"1141\" data-end=\"1161\">H\u00e5ldiameter: 26 mm<\/p>\n<\/li>\n<\/ul>\n<\/li>\n<li class=\"\" data-start=\"1162\" data-end=\"1217\">\n<p class=\"\" data-start=\"1164\" data-end=\"1217\">180 cm skivst\u00e5ng (7 kg, \u00d825 mm) med 2 stj\u00e4rnl\u00e5s.<\/p>\n<\/li>\n<li class=\"\" data-start=\"1218\" data-end=\"1272\">\n<p class=\"\" data-start=\"1220\" data-end=\"1272\">120 cm curlst\u00e5ng (5 kg, \u00d825 mm) med 2 stj\u00e4rnl\u00e5s.<\/p>\n<\/li>\n<li class=\"\" data-start=\"1273\" data-end=\"1344\">\n<p class=\"\" data-start=\"1275\" data-end=\"1344\">2 x 35 cm hantelst\u00e4nger (1,5 kg vardera) med 2 x 2 stj\u00e4rnl\u00e5s.<\/p>\n<\/li>\n<li class=\"\" data-start=\"1345\" data-end=\"1376\">\n<p class=\"\" data-start=\"1347\" data-end=\"1376\">Rem f\u00f6r lutande situps.<\/p>\n<\/li>\n<\/ul>\n<hr class=\"\" data-start=\"989\" data-end=\"992\">\n<h4 data-start=\"1378\" data-end=\"1547\">Multi vs. Multi Pro <\/h4>\n<p data-start=\"1378\" data-end=\"1547\">Multi Pro-modellen erbjuder fler funktioner f\u00f6r ben, br\u00f6st och armar samt en h\u00f6gre viktkapacitet &#8211; perfekt f\u00f6r tunga lyft och avancerad tr\u00e4ning.<\/p>\n<p class=\"\" data-start=\"1549\" data-end=\"1731\">Med NordiCore B\u00e4nkpress Set Multi &#8211; 130 kg f\u00e5r du en p\u00e5litlig och m\u00e5ngsidig l\u00f6sning f\u00f6r effektiv styrketr\u00e4ning hemma &#8211; utan att kompromissa med kvalitet eller funktionalitet.<\/p>\n","protected":false},"excerpt":{"rendered":"<p>En solid b\u00e4nkpressupps\u00e4ttning f\u00f6r effektiv hemmatr\u00e4ning NordiCore Bench Press Set Multi &#8211; 130 kg kombinerar funktionalitet, styrka och utrymmesoptimering. Ett bra val f\u00f6r dig som vill ha m\u00e5ngsidig styrketr\u00e4ning hemma &#8211; oavsett om du \u00e4r nyb\u00f6rjare eller erfaren lyftare. Viktiga funktioner Multifunktionell tr\u00e4ningsb\u00e4nk &#8211; Justerbar b\u00e4nk med dipstation och benrem f\u00f6r lutande situps. Justerbart st\u00e4ll [&#8230;]\n","protected":false},"featured_media":3584,"comment_status":"open","ping_status":"closed","template":"","meta":[],"product_brand":[],"product_cat":[229,164],"product_tag":[],"class_list":{"0":"post-2792","1":"product","2":"type-product","3":"status-publish","4":"has-post-thumbnail","6":"product_cat-baenkpress-set","7":"product_cat-styrketraening-sv","8":"product_shipping_class-stora-leveranser","10":"first","11":"instock","12":"sale","13":"taxable","14":"shipping-taxable","15":"purchasable","16":"product-type-simple"},"_links":{"self":[{"href":"https:\/\/nordicore.dk\/sv\/wp-json\/wp\/v2\/product\/2792","targetHints":{"allow":["GET"]}}],"collection":[{"href":"https:\/\/nordicore.dk\/sv\/wp-json\/wp\/v2\/product"}],"about":[{"href":"https:\/\/nordicore.dk\/sv\/wp-json\/wp\/v2\/types\/product"}],"replies":[{"embeddable":true,"href":"https:\/\/nordicore.dk\/sv\/wp-json\/wp\/v2\/comments?post=2792"}],"wp:featuredmedia":[{"embeddable":true,"href":"https:\/\/nordicore.dk\/sv\/wp-json\/wp\/v2\/media\/3584"}],"wp:attachment":[{"href":"https:\/\/nordicore.dk\/sv\/wp-json\/wp\/v2\/media?parent=2792"}],"wp:term":[{"taxonomy":"product_brand","embeddable":true,"href":"https:\/\/nordicore.dk\/sv\/wp-json\/wp\/v2\/product_brand?post=2792"},{"taxonomy":"product_cat","embeddable":true,"href":"https:\/\/nordicore.dk\/sv\/wp-json\/wp\/v2\/product_cat?post=2792"},{"taxonomy":"product_tag","embeddable":true,"href":"https:\/\/nordicore.dk\/sv\/wp-json\/wp\/v2\/product_tag?post=2792"}],"curies":[{"name":"wp","href":"https:\/\/api.w.org\/{rel}","templated":true}]}}