{"id":2791,"date":"2025-04-22T00:45:41","date_gmt":"2025-04-22T00:45:41","guid":{"rendered":"https:\/\/nordicore.dk\/vare\/allt-i-ett-foer-flera-aendamaal-6000x\/"},"modified":"2026-03-18T18:57:35","modified_gmt":"2026-03-18T18:57:35","slug":"allt-i-ett-foer-flera-aendamaal-6000x","status":"publish","type":"product","link":"https:\/\/nordicore.dk\/sv\/vare\/allt-i-ett-foer-flera-aendamaal-6000x\/","title":{"rendered":"Allt-i-ett f\u00f6r flera \u00e4ndam\u00e5l 6000X"},"content":{"rendered":"<h3 class=\"\" data-start=\"189\" data-end=\"230\">En komplett multimaskin f\u00f6r hemmet<\/h3>\n<p class=\"\" data-start=\"231\" data-end=\"408\">NordiCore All-In-One MultiMachine 6000X g\u00f6r det enkelt att tr\u00e4na hela kroppen &#8211; utan att kompromissa med funktionen. Skapad f\u00f6r seri\u00f6sa tr\u00e4ningsentusiaster med fokus p\u00e5 kvalitet och utrymmesoptimering. <\/p>\n<h3 class=\"\" data-start=\"410\" data-end=\"435\">M\u00e5ngsidig och effektiv<\/h3>\n<p class=\"\" data-start=\"436\" data-end=\"614\">Motst\u00e5ndet justeras enkelt via det inbyggda viktmagasinet p\u00e5 126 kg. F\u00f6r extra belastning kan Smith-stativet ut\u00f6kas med viktskivor via plattladdning. <\/p>\n<h3 class=\"\" data-start=\"616\" data-end=\"640\">Allt p\u00e5 ett st\u00e4lle<\/h3>\n<p class=\"\" data-start=\"641\" data-end=\"798\">Cable cross, br\u00f6ststation, Smith-stativ, pull-up-grepp och tr\u00e4ningsst\u00e4ll &#8211; med denna maskin kan du tr\u00e4na hela kroppen. Och med sina m\u00e5nga funktioner kan flera personer enkelt tr\u00e4na samtidigt. <\/p>\n<h3 class=\"\" data-start=\"800\" data-end=\"841\">Snygg design med smarta detaljer<\/h3>\n<p class=\"\" data-start=\"842\" data-end=\"987\">Den eleganta och moderna designen har ocks\u00e5 smarta f\u00f6rvaringsl\u00f6sningar och st\u00f6td\u00e4mpande element som g\u00f6r tr\u00e4ningen s\u00e4krare och tystare.<\/p>\n<hr class=\"\" data-start=\"989\" data-end=\"992\">\n<h4 class=\"\" data-start=\"994\" data-end=\"1018\">Medf\u00f6ljande tillbeh\u00f6r<\/h4>\n<ul>\n<li class=\"\" data-start=\"92\" data-end=\"116\">\n<p class=\"\" data-start=\"94\" data-end=\"116\">Landmine &amp; T-bar rodd<\/p>\n<\/li>\n<li class=\"\" data-start=\"117\" data-end=\"178\">\n<p class=\"\" data-start=\"119\" data-end=\"178\">Smith-st\u00e5ng med snabbl\u00e5s, fj\u00e4derl\u00e5s och skivst\u00e5ngsdynor<\/p>\n<\/li>\n<li class=\"\" data-start=\"179\" data-end=\"263\">\n<p class=\"\" data-start=\"181\" data-end=\"263\">Kort och l\u00e5ng dragst\u00e5ng, curl-dragst\u00e5ng, tricepsrep, fotledsrem och parallella st\u00e4nger<\/p>\n<\/li>\n<li class=\"\" data-start=\"264\" data-end=\"304\">\n<p class=\"\" data-start=\"266\" data-end=\"304\">St\u00f6d f\u00f6r benpress, benst\u00f6d, fotst\u00f6d<\/p>\n<\/li>\n<li class=\"\" data-start=\"305\" data-end=\"340\">\n<p class=\"\" data-start=\"307\" data-end=\"340\">J-krokar och l\u00e5nga s\u00e4kerhetsarmar<\/p>\n<\/li>\n<\/ul>\n<hr class=\"\" data-start=\"1216\" data-end=\"1219\">\n<h4 class=\"\" data-start=\"1221\" data-end=\"1242\">Bygg ut maskinen<\/h4>\n<p class=\"\" data-start=\"87\" data-end=\"331\">Anpassa din NordiCore All-In-One MultiMachine 6000X med extrautrustning och f\u00e5 ut \u00e4nnu mer av din tr\u00e4ning. K\u00f6p utvalda tillbeh\u00f6r tillsammans med maskinen och spara pengar samtidigt som du f\u00e5r en l\u00f6sning som t\u00e4cker alla dina behov. <\/p>\n<p class=\"\" data-start=\"1243\" data-end=\"1255\">L\u00e4gg till t.ex:<\/p>\n<ul data-start=\"1256\" data-end=\"1356\">\n<li class=\"\" data-start=\"1256\" data-end=\"1282\">\n<p class=\"\" data-start=\"1258\" data-end=\"1282\">Multi Weight Bench Pro<\/p>\n<\/li>\n<li class=\"\" data-start=\"1283\" data-end=\"1304\">\n<p class=\"\" data-start=\"1285\" data-end=\"1304\">Fitnessgolv av gummi<\/p>\n<\/li>\n<li class=\"\" data-start=\"1305\" data-end=\"1326\">\n<p class=\"\" data-start=\"1307\" data-end=\"1326\">Skivor med st\u00f6tf\u00e5ngarvikt<\/p>\n<\/li>\n<li class=\"\" data-start=\"1327\" data-end=\"1356\">\n<p class=\"\" data-start=\"1329\" data-end=\"1356\">Extra olympisk skivst\u00e5ng<\/p>\n<\/li>\n<\/ul>\n<hr class=\"\" data-start=\"1358\" data-end=\"1361\">\n<h4 class=\"\" data-start=\"1363\" data-end=\"1402\">Skillnaden mellan 6000X och 9000X Pro<\/h4>\n<p class=\"\" data-start=\"1403\" data-end=\"1565\">6000X har magasin med cementvikt och st\u00f6djer plattladdning. 9000X Pro har st\u00e5lmagasin och tar mindre plats &#8211; perfekt f\u00f6r begr\u00e4nsat utrymme och semikommersiell anv\u00e4ndning. <\/p>\n","protected":false},"excerpt":{"rendered":"<p>En komplett multimaskin f\u00f6r hemmet NordiCore All-In-One MultiMachine 6000X g\u00f6r det enkelt att tr\u00e4na hela kroppen &#8211; utan att kompromissa med funktionen. Skapad f\u00f6r seri\u00f6sa tr\u00e4ningsentusiaster med fokus p\u00e5 kvalitet och utrymmesoptimering. M\u00e5ngsidig och effektiv Motst\u00e5ndet justeras enkelt via det inbyggda viktmagasinet p\u00e5 126 kg. F\u00f6r extra belastning kan Smith-stativet ut\u00f6kas med viktskivor via plattladdning. [&#8230;]\n","protected":false},"featured_media":2339,"comment_status":"open","ping_status":"closed","template":"","meta":[],"product_brand":[],"product_cat":[228,227,164],"product_tag":[],"class_list":{"0":"post-2791","1":"product","2":"type-product","3":"status-publish","4":"has-post-thumbnail","6":"product_cat-allt-i-ett-multimaskiner","7":"product_cat-flera-maskiner","8":"product_cat-styrketraening-sv","9":"product_shipping_class-stora-leveranser","11":"first","12":"onbackorder","13":"sale","14":"taxable","15":"shipping-taxable","16":"purchasable","17":"product-type-variable","18":"wvs-archive-product-wrapper"},"_links":{"self":[{"href":"https:\/\/nordicore.dk\/sv\/wp-json\/wp\/v2\/product\/2791","targetHints":{"allow":["GET"]}}],"collection":[{"href":"https:\/\/nordicore.dk\/sv\/wp-json\/wp\/v2\/product"}],"about":[{"href":"https:\/\/nordicore.dk\/sv\/wp-json\/wp\/v2\/types\/product"}],"replies":[{"embeddable":true,"href":"https:\/\/nordicore.dk\/sv\/wp-json\/wp\/v2\/comments?post=2791"}],"wp:featuredmedia":[{"embeddable":true,"href":"https:\/\/nordicore.dk\/sv\/wp-json\/wp\/v2\/media\/2339"}],"wp:attachment":[{"href":"https:\/\/nordicore.dk\/sv\/wp-json\/wp\/v2\/media?parent=2791"}],"wp:term":[{"taxonomy":"product_brand","embeddable":true,"href":"https:\/\/nordicore.dk\/sv\/wp-json\/wp\/v2\/product_brand?post=2791"},{"taxonomy":"product_cat","embeddable":true,"href":"https:\/\/nordicore.dk\/sv\/wp-json\/wp\/v2\/product_cat?post=2791"},{"taxonomy":"product_tag","embeddable":true,"href":"https:\/\/nordicore.dk\/sv\/wp-json\/wp\/v2\/product_tag?post=2791"}],"curies":[{"name":"wp","href":"https:\/\/api.w.org\/{rel}","templated":true}]}}