{"id":2790,"date":"2025-04-28T16:23:23","date_gmt":"2025-04-28T16:23:23","guid":{"rendered":"https:\/\/nordicore.dk\/vare\/justerbar-viktbaenk-t90\/"},"modified":"2026-02-08T16:33:15","modified_gmt":"2026-02-08T16:33:15","slug":"justerbar-viktbaenk-t90","status":"publish","type":"product","link":"https:\/\/nordicore.dk\/sv\/vare\/justerbar-viktbaenk-t90\/","title":{"rendered":"Justerbar viktb\u00e4nk T90"},"content":{"rendered":"<p class=\"\" data-start=\"174\" data-end=\"393\">NordiCore Adjustable Bench T90 \u00e4r gjord f\u00f6r effektiv hemmatr\u00e4ning. Med 8 justerbara l\u00e4gen f\u00e5r du flexibilitet f\u00f6r platt, lutande och vertikal tr\u00e4ning &#8211; perfekt f\u00f6r \u00f6vningar som b\u00e4nkpress, axelpress med mera. <\/p>\n<p class=\"\" data-start=\"395\" data-end=\"605\">B\u00e4nken kombinerar en stark st\u00e5lkonstruktion med ergonomisk stoppning f\u00f6r optimal komfort och st\u00f6d. Den utrymmesbesparande designen g\u00f6r den l\u00e4tt att f\u00f6rvara, medan halkfria f\u00f6tter s\u00e4kerst\u00e4ller stabilitet p\u00e5 alla ytor. <\/p>\n<p class=\"\" data-start=\"607\" data-end=\"703\">Ett p\u00e5litligt val f\u00f6r dig som vill ha en robust, bekv\u00e4m och m\u00e5ngsidig b\u00e4nk f\u00f6r hemmatr\u00e4ning.<\/p>\n","protected":false},"excerpt":{"rendered":"<p>NordiCore Adjustable Bench T90 \u00e4r gjord f\u00f6r effektiv hemmatr\u00e4ning. Med 8 justerbara l\u00e4gen f\u00e5r du flexibilitet f\u00f6r platt, lutande och vertikal tr\u00e4ning &#8211; perfekt f\u00f6r \u00f6vningar som b\u00e4nkpress, axelpress med mera. B\u00e4nken kombinerar en stark st\u00e5lkonstruktion med ergonomisk stoppning f\u00f6r optimal komfort och st\u00f6d. Den utrymmesbesparande designen g\u00f6r den l\u00e4tt att f\u00f6rvara, medan halkfria f\u00f6tter [&#8230;]\n","protected":false},"featured_media":2254,"comment_status":"open","ping_status":"closed","template":"","meta":[],"product_brand":[],"product_cat":[168,164,167],"product_tag":[],"class_list":{"0":"post-2790","1":"product","2":"type-product","3":"status-publish","4":"has-post-thumbnail","6":"product_cat-justerbara-traeningsbaenkar","7":"product_cat-styrketraening-sv","8":"product_cat-tyngdlyftningsbaenkar","10":"first","11":"instock","12":"sale","13":"taxable","14":"shipping-taxable","15":"purchasable","16":"product-type-simple"},"_links":{"self":[{"href":"https:\/\/nordicore.dk\/sv\/wp-json\/wp\/v2\/product\/2790","targetHints":{"allow":["GET"]}}],"collection":[{"href":"https:\/\/nordicore.dk\/sv\/wp-json\/wp\/v2\/product"}],"about":[{"href":"https:\/\/nordicore.dk\/sv\/wp-json\/wp\/v2\/types\/product"}],"replies":[{"embeddable":true,"href":"https:\/\/nordicore.dk\/sv\/wp-json\/wp\/v2\/comments?post=2790"}],"wp:featuredmedia":[{"embeddable":true,"href":"https:\/\/nordicore.dk\/sv\/wp-json\/wp\/v2\/media\/2254"}],"wp:attachment":[{"href":"https:\/\/nordicore.dk\/sv\/wp-json\/wp\/v2\/media?parent=2790"}],"wp:term":[{"taxonomy":"product_brand","embeddable":true,"href":"https:\/\/nordicore.dk\/sv\/wp-json\/wp\/v2\/product_brand?post=2790"},{"taxonomy":"product_cat","embeddable":true,"href":"https:\/\/nordicore.dk\/sv\/wp-json\/wp\/v2\/product_cat?post=2790"},{"taxonomy":"product_tag","embeddable":true,"href":"https:\/\/nordicore.dk\/sv\/wp-json\/wp\/v2\/product_tag?post=2790"}],"curies":[{"name":"wp","href":"https:\/\/api.w.org\/{rel}","templated":true}]}}