{"id":2789,"date":"2025-04-28T23:46:56","date_gmt":"2025-04-28T23:46:56","guid":{"rendered":"https:\/\/nordicore.dk\/vare\/kurva-2-loepband\/"},"modified":"2025-11-07T20:35:04","modified_gmt":"2025-11-07T20:35:04","slug":"kurva-2-loepband","status":"publish","type":"product","link":"https:\/\/nordicore.dk\/sv\/vare\/kurva-2-loepband\/","title":{"rendered":"Kurva 2 &#8211; L\u00f6pband"},"content":{"rendered":"<h3 data-start=\"769\" data-end=\"1095\"><strong data-start=\"132\" data-end=\"185\">NordiCore Curve 2 &#8211; L\u00f6pning som naturen avsett<\/strong><\/h3>\n<p class=\"\" data-start=\"132\" data-end=\"593\">Upplev friheten i att springa utan gr\u00e4nser med NordiCore Curve 2, ett motorl\u00f6st, sv\u00e4ngt l\u00f6pband som \u00e4r utformat f\u00f6r hemmet. Utan motor eller elektricitet styrs hastigheten enbart av dina egna steg &#8211; g\u00e5, jogga eller spring i din egen naturliga takt. Den kurviga designen ger en mer skonsam och effektiv l\u00f6pupplevelse j\u00e4mf\u00f6rt med traditionella l\u00f6pband och kan \u00f6ka kalorif\u00f6rbr\u00e4nningen med upp till 30%.  <\/p>\n<p class=\"\" data-start=\"595\" data-end=\"659\">Curve 2 kombinerar estetisk nordisk design med funktionalitet:<\/p>\n<ul>\n<li data-start=\"662\" data-end=\"705\">Motorl\u00f6st l\u00f6pband f\u00f6r en naturlig l\u00f6pupplevelse<\/li>\n<li data-start=\"662\" data-end=\"705\">\u00d6kad muskelaktivitet och \u00e4mnesoms\u00e4ttning<\/li>\n<li data-start=\"748\" data-end=\"796\">LCD-display med tid, distans, kalorier med mera.<\/li>\n<li data-start=\"799\" data-end=\"842\">Integrerad telefonh\u00e5llare och transporthjul<\/li>\n<li data-start=\"799\" data-end=\"842\">Elegant handgjord finish i naturmaterial<\/li>\n<\/ul>\n<p class=\"\" data-start=\"139\" data-end=\"449\">\u00c5r 2024 lanserade vi NordiCore Curve 2 &#8211; ett motorl\u00f6st l\u00f6pband som skapats f\u00f6r dem som vill ha en naturlig och motiverande l\u00f6pupplevelse. Curve 2 \u00e4r designat med fokus p\u00e5 att ta frihetsk\u00e4nslan fr\u00e5n utomhusl\u00f6pning direkt in i ditt hem. Ingen motor och inga begr\u00e4nsningar &#8211; bara du, din l\u00f6pning och ett l\u00f6pband som reagerar p\u00e5 varje steg du tar.  <\/p>\n","protected":false},"excerpt":{"rendered":"<p>NordiCore Curve 2 &#8211; L\u00f6pning som naturen avsett Upplev friheten i att springa utan gr\u00e4nser med NordiCore Curve 2, ett motorl\u00f6st, sv\u00e4ngt l\u00f6pband som \u00e4r utformat f\u00f6r hemmet. Utan motor eller elektricitet styrs hastigheten enbart av dina egna steg &#8211; g\u00e5, jogga eller spring i din egen naturliga takt. Den kurviga designen ger en mer [&#8230;]\n","protected":false},"featured_media":4197,"comment_status":"open","ping_status":"closed","template":"","meta":[],"product_brand":[],"product_cat":[192,223],"product_tag":[],"class_list":{"0":"post-2789","1":"product","2":"type-product","3":"status-publish","4":"has-post-thumbnail","6":"product_cat-konditionstraening","7":"product_cat-loepband","8":"product_shipping_class-stora-leveranser","10":"first","11":"instock","12":"sale","13":"taxable","14":"shipping-taxable","15":"purchasable","16":"product-type-variable","17":"wvs-archive-product-wrapper"},"_links":{"self":[{"href":"https:\/\/nordicore.dk\/sv\/wp-json\/wp\/v2\/product\/2789","targetHints":{"allow":["GET"]}}],"collection":[{"href":"https:\/\/nordicore.dk\/sv\/wp-json\/wp\/v2\/product"}],"about":[{"href":"https:\/\/nordicore.dk\/sv\/wp-json\/wp\/v2\/types\/product"}],"replies":[{"embeddable":true,"href":"https:\/\/nordicore.dk\/sv\/wp-json\/wp\/v2\/comments?post=2789"}],"wp:featuredmedia":[{"embeddable":true,"href":"https:\/\/nordicore.dk\/sv\/wp-json\/wp\/v2\/media\/4197"}],"wp:attachment":[{"href":"https:\/\/nordicore.dk\/sv\/wp-json\/wp\/v2\/media?parent=2789"}],"wp:term":[{"taxonomy":"product_brand","embeddable":true,"href":"https:\/\/nordicore.dk\/sv\/wp-json\/wp\/v2\/product_brand?post=2789"},{"taxonomy":"product_cat","embeddable":true,"href":"https:\/\/nordicore.dk\/sv\/wp-json\/wp\/v2\/product_cat?post=2789"},{"taxonomy":"product_tag","embeddable":true,"href":"https:\/\/nordicore.dk\/sv\/wp-json\/wp\/v2\/product_tag?post=2789"}],"curies":[{"name":"wp","href":"https:\/\/api.w.org\/{rel}","templated":true}]}}