{"id":2788,"date":"2025-04-29T00:08:03","date_gmt":"2025-04-29T00:08:03","guid":{"rendered":"https:\/\/nordicore.dk\/vare\/flow-2-pro-vattenroddmaskin\/"},"modified":"2026-03-25T15:04:25","modified_gmt":"2026-03-25T15:04:25","slug":"flow-2-pro-vattenroddmaskin","status":"publish","type":"product","link":"https:\/\/nordicore.dk\/sv\/vare\/flow-2-pro-vattenroddmaskin\/","title":{"rendered":"Flow 2 Pro &#8211; Vattenroddmaskin"},"content":{"rendered":"<h3 data-pm-slice=\"1 1 []\">Upplev tr\u00e4ning i en klass f\u00f6r sig med NordiCore Flow 2 Pro<\/h3>\n<p>NordiCore Flow 2 Pro \u00e4r en vattenroddmaskin d\u00e4r kvalitet och funktionalitet g\u00e5r hand i hand. Med den patenterade Flow Max-vattentanken f\u00e5r du totalt 10 motst\u00e5ndsniv\u00e5er f\u00f6r att s\u00e4kerst\u00e4lla en effektiv tr\u00e4ning p\u00e5 alla niv\u00e5er. Tack vare sin robusta konstruktion och h\u00f6ga kvalitet \u00e4r den idealisk f\u00f6r b\u00e5de privat och kommersiellt bruk.  <\/p>\n<h4>Premiummaterial och exklusiv design<\/h4>\n<ul data-spread=\"false\">\n<li>Tillverkad av exklusiv FSC-certifierad ask, ek eller bok<\/li>\n<li>Behandlad med tv\u00e5 lager handm\u00e5lad lack f\u00f6r en lyxig finish<\/li>\n<li>Sida-vid-sida-display f\u00f6r elegant utseende och komponentskydd<\/li>\n<\/ul>\n<h4>Avancerad teknik och smart utbildning<\/h4>\n<ul data-spread=\"false\">\n<li>Bluetooth-monitor och appkompatibilitet inklusive KinoMap<\/li>\n<li>Fl\u00f6desdator f\u00f6r visning av utbildningsdata och program<\/li>\n<li>F\u00f6rinst\u00e4llda tr\u00e4ningsprogram och m\u00f6jlighet att skapa egna, inklusive intervall- och m\u00e5lstyrd tr\u00e4ning.<\/li>\n<li>Inbyggd h\u00e5llare f\u00f6r surfplatta f\u00f6r tr\u00e4ningsvideor<\/li>\n<\/ul>\n<h4>Enkel att anv\u00e4nda och bekv\u00e4m f\u00f6rvaring<\/h4>\n<ul data-spread=\"false\">\n<li>Levereras till 90 procent monterad &#8211; g\u00f6r bara de sista stegen, vik upp den och du \u00e4r redo att tr\u00e4na<\/li>\n<li>Smart hopf\u00e4llningsfunktion och transporthjul f\u00f6r enkel f\u00f6rvaring<\/li>\n<\/ul>\n<h4>Tekniska egenskaper<\/h4>\n<ul data-spread=\"false\">\n<li>Ergonomiskt handtag och justerbara fotst\u00f6d f\u00f6r optimal tr\u00e4ningsposition<\/li>\n<li>211 cm l\u00e4ngd f\u00f6r bekv\u00e4m tr\u00e4ning &#8211; \u00e4ven f\u00f6r l\u00e5nga personer<\/li>\n<li>Ljudd\u00e4mpande konstruktion med dubbla skenor f\u00f6r en tyst roddupplevelse<\/li>\n<\/ul>\n<h4>Komplett paket &#8211; spara pengar med tillbeh\u00f6r<\/h4>\n<p>F\u00f6r b\u00e4sta m\u00f6jliga upplevelse, k\u00f6p NordiCore Flow 2 Pro med utvalda tillbeh\u00f6r och f\u00e5 en komplett upps\u00e4ttning samtidigt som du sparar pengar. Tillbeh\u00f6ren inkluderar: <\/p>\n<ul data-spread=\"false\">\n<li>Klortabletter f\u00f6r underh\u00e5ll av vattentankar<\/li>\n<li>Skyddsmatta f\u00f6r golvet<\/li>\n<li>Akvarell f\u00f6r en snygg look<\/li>\n<li>Tr\u00e4ningshandskar f\u00f6r b\u00e4ttre grepp och komfort<\/li>\n<li>Pulsb\u00e4lte f\u00f6r exakt m\u00e4tning av hj\u00e4rtfrekvensen<\/li>\n<\/ul>\n<h4>Om NordiCore Flow<\/h4>\n<p>Sedan 2023 har NordiCore satt nya standarder f\u00f6r vattenroddar med Flow-serien, som kombinerar estetik, funktionalitet och exceptionell kvalitet. Med ett patenterat vattenmotst\u00e5ndssystem och partnerskap med ledande tillverkare levererar vi h\u00e5llbara produkter som garanterar en unik roddupplevelse \u00e4ven f\u00f6r de mest kr\u00e4vande anv\u00e4ndarna. <\/p>\n","protected":false},"excerpt":{"rendered":"<p>Upplev tr\u00e4ning i en klass f\u00f6r sig med NordiCore Flow 2 Pro NordiCore Flow 2 Pro \u00e4r en vattenroddmaskin d\u00e4r kvalitet och funktionalitet g\u00e5r hand i hand. Med den patenterade Flow Max-vattentanken f\u00e5r du totalt 10 motst\u00e5ndsniv\u00e5er f\u00f6r att s\u00e4kerst\u00e4lla en effektiv tr\u00e4ning p\u00e5 alla niv\u00e5er. Tack vare sin robusta konstruktion och h\u00f6ga kvalitet \u00e4r [&#8230;]\n","protected":false},"featured_media":2582,"comment_status":"open","ping_status":"closed","template":"","meta":[],"product_brand":[],"product_cat":[192,208,220],"product_tag":[],"class_list":{"0":"post-2788","1":"product","2":"type-product","3":"status-publish","4":"has-post-thumbnail","6":"product_cat-konditionstraening","7":"product_cat-roddmaskiner","8":"product_cat-vattenmaskiner","9":"product_shipping_class-stora-leveranser","11":"first","12":"outofstock","13":"taxable","14":"shipping-taxable","15":"product-type-variable","16":"wvs-archive-product-wrapper"},"_links":{"self":[{"href":"https:\/\/nordicore.dk\/sv\/wp-json\/wp\/v2\/product\/2788","targetHints":{"allow":["GET"]}}],"collection":[{"href":"https:\/\/nordicore.dk\/sv\/wp-json\/wp\/v2\/product"}],"about":[{"href":"https:\/\/nordicore.dk\/sv\/wp-json\/wp\/v2\/types\/product"}],"replies":[{"embeddable":true,"href":"https:\/\/nordicore.dk\/sv\/wp-json\/wp\/v2\/comments?post=2788"}],"wp:featuredmedia":[{"embeddable":true,"href":"https:\/\/nordicore.dk\/sv\/wp-json\/wp\/v2\/media\/2582"}],"wp:attachment":[{"href":"https:\/\/nordicore.dk\/sv\/wp-json\/wp\/v2\/media?parent=2788"}],"wp:term":[{"taxonomy":"product_brand","embeddable":true,"href":"https:\/\/nordicore.dk\/sv\/wp-json\/wp\/v2\/product_brand?post=2788"},{"taxonomy":"product_cat","embeddable":true,"href":"https:\/\/nordicore.dk\/sv\/wp-json\/wp\/v2\/product_cat?post=2788"},{"taxonomy":"product_tag","embeddable":true,"href":"https:\/\/nordicore.dk\/sv\/wp-json\/wp\/v2\/product_tag?post=2788"}],"curies":[{"name":"wp","href":"https:\/\/api.w.org\/{rel}","templated":true}]}}