{"id":2787,"date":"2025-04-29T02:31:27","date_gmt":"2025-04-29T02:31:27","guid":{"rendered":"https:\/\/nordicore.dk\/vare\/flow-deep-sea-blue-akvarellfaerg\/"},"modified":"2025-07-12T01:22:54","modified_gmt":"2025-07-12T01:22:54","slug":"flow-deep-sea-blue-akvarellfaerg","status":"publish","type":"product","link":"https:\/\/nordicore.dk\/sv\/vare\/flow-deep-sea-blue-akvarellfaerg\/","title":{"rendered":"Flow Deep Sea Blue Akvarellf\u00e4rg"},"content":{"rendered":"<p class=\"\" data-start=\"59\" data-end=\"370\">Ge din roddmaskin en helt ny dimension med NordiCore Deep Sea Blue Water Colour. Denna vattenf\u00e4rg f\u00f6rvandlar vattnet i din roddmaskin till en vacker djuphavsbl\u00e5 f\u00e4rg och skapar en inspirerande och motiverande tr\u00e4ningsatmosf\u00e4r. Ett enkelt och effektivt s\u00e4tt att visuellt f\u00f6rh\u00f6ja din tr\u00e4ning och f\u00e5 ut \u00e4nnu mer av din roddmaskin.  <\/p>\n<hr class=\"\" data-start=\"989\" data-end=\"992\">\n<h4 data-start=\"372\" data-end=\"388\"><strong data-start=\"372\" data-end=\"386\">Egenskaper<\/strong><\/h4>\n<ul data-start=\"389\" data-end=\"707\">\n<li class=\"\" data-start=\"389\" data-end=\"458\">\n<p class=\"\" data-start=\"391\" data-end=\"458\"><strong data-start=\"391\" data-end=\"411\">L\u00e5g klorhalt<\/strong> &#8211; h\u00e5ller vattnet rent och fr\u00e4scht under tr\u00e4ningen<\/p>\n<\/li>\n<li class=\"\" data-start=\"459\" data-end=\"536\">\n<p class=\"\" data-start=\"461\" data-end=\"536\"><strong data-start=\"461\" data-end=\"480\">L\u00e5ng h\u00e5llbarhet<\/strong> &#8211; en beh\u00e5llare (20 ml) r\u00e4cker till upp till 5 \u00e5rs tr\u00e4ning<\/p>\n<\/li>\n<li class=\"\" data-start=\"537\" data-end=\"624\">\n<p class=\"\" data-start=\"539\" data-end=\"624\"><strong data-start=\"539\" data-end=\"560\">Snabb aktivering<\/strong> &#8211; tills\u00e4tt 1 ml och upplev den djuphavsbl\u00e5 f\u00e4rgen inom n\u00e5gra dagar<\/p>\n<\/li>\n<li class=\"\" data-start=\"625\" data-end=\"707\">\n<p class=\"\" data-start=\"627\" data-end=\"707\"><strong data-start=\"627\" data-end=\"664\">Ej kompatibel med klortabletter<\/strong> &#8211; f\u00f6r att s\u00e4kerst\u00e4lla en l\u00e5ngvarig f\u00e4rgeffekt<\/p>\n<\/li>\n<\/ul>\n<p class=\"\" data-start=\"709\" data-end=\"979\">Med NordiCore Deep Sea Blue Water Colour f\u00e5r du mer \u00e4n bara ett visuellt element till din roddmaskin &#8211; du f\u00e5r en extra motivationsfaktor som ger din tr\u00e4ning en extra skjuts. L\u00e5t den bl\u00e5 f\u00e4rgen inspirera dig att pressa dig sj\u00e4lv och g\u00f6ra din tr\u00e4ning roligare och intensivare. <\/p>\n","protected":false},"excerpt":{"rendered":"<p>Ge din roddmaskin en helt ny dimension med NordiCore Deep Sea Blue Water Colour. Denna vattenf\u00e4rg f\u00f6rvandlar vattnet i din roddmaskin till en vacker djuphavsbl\u00e5 f\u00e4rg och skapar en inspirerande och motiverande tr\u00e4ningsatmosf\u00e4r. Ett enkelt och effektivt s\u00e4tt att visuellt f\u00f6rh\u00f6ja din tr\u00e4ning och f\u00e5 ut \u00e4nnu mer av din roddmaskin. Egenskaper L\u00e5g klorhalt &#8211; [&#8230;]\n","protected":false},"featured_media":555,"comment_status":"open","ping_status":"closed","template":"","meta":[],"product_brand":[],"product_cat":[171,172],"product_tag":[],"class_list":{"0":"post-2787","1":"product","2":"type-product","3":"status-publish","4":"has-post-thumbnail","6":"product_cat-tillbehoer","7":"product_cat-tillbehoer-foer-roddmaskiner","9":"first","10":"instock","11":"taxable","12":"shipping-taxable","13":"purchasable","14":"product-type-simple"},"_links":{"self":[{"href":"https:\/\/nordicore.dk\/sv\/wp-json\/wp\/v2\/product\/2787","targetHints":{"allow":["GET"]}}],"collection":[{"href":"https:\/\/nordicore.dk\/sv\/wp-json\/wp\/v2\/product"}],"about":[{"href":"https:\/\/nordicore.dk\/sv\/wp-json\/wp\/v2\/types\/product"}],"replies":[{"embeddable":true,"href":"https:\/\/nordicore.dk\/sv\/wp-json\/wp\/v2\/comments?post=2787"}],"wp:featuredmedia":[{"embeddable":true,"href":"https:\/\/nordicore.dk\/sv\/wp-json\/wp\/v2\/media\/555"}],"wp:attachment":[{"href":"https:\/\/nordicore.dk\/sv\/wp-json\/wp\/v2\/media?parent=2787"}],"wp:term":[{"taxonomy":"product_brand","embeddable":true,"href":"https:\/\/nordicore.dk\/sv\/wp-json\/wp\/v2\/product_brand?post=2787"},{"taxonomy":"product_cat","embeddable":true,"href":"https:\/\/nordicore.dk\/sv\/wp-json\/wp\/v2\/product_cat?post=2787"},{"taxonomy":"product_tag","embeddable":true,"href":"https:\/\/nordicore.dk\/sv\/wp-json\/wp\/v2\/product_tag?post=2787"}],"curies":[{"name":"wp","href":"https:\/\/api.w.org\/{rel}","templated":true}]}}