{"id":2786,"date":"2025-04-29T02:33:45","date_gmt":"2025-04-29T02:33:45","guid":{"rendered":"https:\/\/nordicore.dk\/vare\/floede-klor-tabletter\/"},"modified":"2025-07-12T01:22:53","modified_gmt":"2025-07-12T01:22:53","slug":"floede-klor-tabletter","status":"publish","type":"product","link":"https:\/\/nordicore.dk\/sv\/vare\/floede-klor-tabletter\/","title":{"rendered":"Fl\u00f6de Klor tabletter"},"content":{"rendered":"<p class=\"\" data-start=\"64\" data-end=\"419\">H\u00e5ll din vattenmaskin i optimalt skick med NordiCore klortabletter. Dessa tabletter \u00e4r utformade f\u00f6r att effektivt h\u00e5lla vattnet rent och kalkfritt, vilket f\u00f6rhindrar kalkavlagringar som kan p\u00e5verka maskinens prestanda \u00f6ver tid. Med regelbunden anv\u00e4ndning av dessa tabletter kan du se till att din maskin fungerar effektivt och f\u00f6rl\u00e4nga dess livsl\u00e4ngd.  <\/p>\n<hr class=\"\" data-start=\"989\" data-end=\"992\">\n<h4 data-start=\"421\" data-end=\"437\">Egenskaper<\/h4>\n<ul data-start=\"438\" data-end=\"716\">\n<li class=\"\" data-start=\"438\" data-end=\"527\">\n<p class=\"\" data-start=\"440\" data-end=\"527\"><strong data-start=\"440\" data-end=\"469\">Effektivt kalkskydd<\/strong> &#8211; f\u00f6rhindrar kalkavlagringar och s\u00e4kerst\u00e4ller optimal funktion<\/p>\n<\/li>\n<li class=\"\" data-start=\"528\" data-end=\"612\">\n<p class=\"\" data-start=\"530\" data-end=\"612\"><strong data-start=\"530\" data-end=\"555\">L\u00e5ngvarigt skydd<\/strong> &#8211; en tablett var 4-6:e m\u00e5nad f\u00f6r bibeh\u00e5llen vattenkvalitet<\/p>\n<\/li>\n<li class=\"\" data-start=\"613\" data-end=\"665\">\n<p class=\"\" data-start=\"615\" data-end=\"665\"><strong data-start=\"615\" data-end=\"626\">Inneh\u00e5ll<\/strong> &#8211; Varje burk inneh\u00e5ller 10 tabletter<\/p>\n<\/li>\n<li class=\"\" data-start=\"666\" data-end=\"716\">\n<p class=\"\" data-start=\"668\" data-end=\"716\"><strong data-start=\"668\" data-end=\"688\">Aktiv ingrediens<\/strong> &#8211; Natriumdiklorocyanurat<\/p>\n<\/li>\n<\/ul>\n<p class=\"\" data-start=\"718\" data-end=\"980\"><strong data-start=\"718\" data-end=\"743\">S\u00e4kerhetsinformation<\/strong><br data-start=\"743\" data-end=\"746\">Klortabletterna kan vara skadliga om de sv\u00e4ljs och kan orsaka \u00f6gonirritation. Tv\u00e4tta h\u00e4nderna noggrant med tv\u00e5l och vatten efter anv\u00e4ndning. F\u00f6rvara produkten utom r\u00e4ckh\u00e5ll f\u00f6r barn och husdjur och p\u00e5 en sval och torr plats.  <\/p>\n<p class=\"\" data-start=\"982\" data-end=\"1125\">NordiCore Klortabletter h\u00e5ller din vattenmaskin i toppform &#8211; s\u00e5 att du kan fokusera p\u00e5 din tr\u00e4ning och f\u00e5 ut mesta m\u00f6jliga av din maskin.<\/p>\n","protected":false},"excerpt":{"rendered":"<p>H\u00e5ll din vattenmaskin i optimalt skick med NordiCore klortabletter. Dessa tabletter \u00e4r utformade f\u00f6r att effektivt h\u00e5lla vattnet rent och kalkfritt, vilket f\u00f6rhindrar kalkavlagringar som kan p\u00e5verka maskinens prestanda \u00f6ver tid. Med regelbunden anv\u00e4ndning av dessa tabletter kan du se till att din maskin fungerar effektivt och f\u00f6rl\u00e4nga dess livsl\u00e4ngd. Egenskaper Effektivt kalkskydd &#8211; f\u00f6rhindrar [&#8230;]\n","protected":false},"featured_media":556,"comment_status":"open","ping_status":"closed","template":"","meta":[],"product_brand":[],"product_cat":[171,172],"product_tag":[],"class_list":{"0":"post-2786","1":"product","2":"type-product","3":"status-publish","4":"has-post-thumbnail","6":"product_cat-tillbehoer","7":"product_cat-tillbehoer-foer-roddmaskiner","9":"first","10":"instock","11":"taxable","12":"shipping-taxable","13":"purchasable","14":"product-type-simple"},"_links":{"self":[{"href":"https:\/\/nordicore.dk\/sv\/wp-json\/wp\/v2\/product\/2786","targetHints":{"allow":["GET"]}}],"collection":[{"href":"https:\/\/nordicore.dk\/sv\/wp-json\/wp\/v2\/product"}],"about":[{"href":"https:\/\/nordicore.dk\/sv\/wp-json\/wp\/v2\/types\/product"}],"replies":[{"embeddable":true,"href":"https:\/\/nordicore.dk\/sv\/wp-json\/wp\/v2\/comments?post=2786"}],"wp:featuredmedia":[{"embeddable":true,"href":"https:\/\/nordicore.dk\/sv\/wp-json\/wp\/v2\/media\/556"}],"wp:attachment":[{"href":"https:\/\/nordicore.dk\/sv\/wp-json\/wp\/v2\/media?parent=2786"}],"wp:term":[{"taxonomy":"product_brand","embeddable":true,"href":"https:\/\/nordicore.dk\/sv\/wp-json\/wp\/v2\/product_brand?post=2786"},{"taxonomy":"product_cat","embeddable":true,"href":"https:\/\/nordicore.dk\/sv\/wp-json\/wp\/v2\/product_cat?post=2786"},{"taxonomy":"product_tag","embeddable":true,"href":"https:\/\/nordicore.dk\/sv\/wp-json\/wp\/v2\/product_tag?post=2786"}],"curies":[{"name":"wp","href":"https:\/\/api.w.org\/{rel}","templated":true}]}}