{"id":2785,"date":"2025-04-29T16:47:20","date_gmt":"2025-04-29T16:47:20","guid":{"rendered":"https:\/\/nordicore.dk\/vare\/skivstaangssats-105-kg\/"},"modified":"2026-02-04T00:00:49","modified_gmt":"2026-02-04T00:00:49","slug":"skivstaangssats-105-kg","status":"publish","type":"product","link":"https:\/\/nordicore.dk\/sv\/vare\/skivstaangssats-105-kg\/","title":{"rendered":"Skivst\u00e5ngssats &#8211; 105 kg"},"content":{"rendered":"<p class=\"\" data-start=\"186\" data-end=\"514\">NordiCore Skivst\u00e5ngsset &#8211; 105 kg \u00e4r perfekt f\u00f6r effektiv och m\u00e5ngsidig styrketr\u00e4ning hemma. Setet best\u00e5r av en robust 180 cm skivst\u00e5ng och en komplett upps\u00e4ttning plastbelagda viktskivor i cement, vilket g\u00f6r det enkelt att anpassa vikten till din tr\u00e4ningsniv\u00e5 och dina m\u00e5l. Den \u00e4r idealisk f\u00f6r \u00f6vningar som b\u00e4nkpress, marklyft, rows och overheadpress.  <\/p>\n<p class=\"\" data-start=\"516\" data-end=\"639\">L\u00e4gg till hantelst\u00e4nger och curlst\u00e4nger f\u00f6r \u00e4nnu mer variation och funktionalitet &#8211; perfekt f\u00f6r b\u00e5de nyb\u00f6rjare och avancerade anv\u00e4ndare.<\/p>\n<hr class=\"\" data-start=\"989\" data-end=\"992\">\n<h4>Inneh\u00e5ll<\/h4>\n<ul data-start=\"656\" data-end=\"918\">\n<li class=\"\" data-start=\"656\" data-end=\"738\">\n<p class=\"\" data-start=\"658\" data-end=\"738\"><strong data-start=\"658\" data-end=\"693\">1 \u00d7 Skivst\u00e5ng &#8211; 180 cm (\u00d825 mm)<\/strong><br data-start=\"693\" data-end=\"696\">Solid st\u00e5lkonstruktion med stj\u00e4rnl\u00e5s<\/p>\n<\/li>\n<li class=\"\" data-start=\"739\" data-end=\"918\">\n<p class=\"\" data-start=\"741\" data-end=\"772\"><strong data-start=\"741\" data-end=\"770\">Vikt skivor &#8211; 105 kg totalt<\/strong><\/p>\n<ul data-start=\"775\" data-end=\"918\">\n<li class=\"\" data-start=\"775\" data-end=\"790\">\n<p class=\"\" data-start=\"777\" data-end=\"790\">4 \u00d7 1,25 kg<\/p>\n<\/li>\n<li class=\"\" data-start=\"793\" data-end=\"807\">\n<p class=\"\" data-start=\"795\" data-end=\"807\">4 \u00d7 2,5 kg<\/p>\n<\/li>\n<li class=\"\" data-start=\"810\" data-end=\"822\">\n<p class=\"\" data-start=\"812\" data-end=\"822\">4 \u00d7 5 kg<\/p>\n<\/li>\n<li class=\"\" data-start=\"825\" data-end=\"838\">\n<p class=\"\" data-start=\"827\" data-end=\"838\">4 \u00d7 10 kg<\/p>\n<\/li>\n<li class=\"\" data-start=\"841\" data-end=\"918\">\n<p class=\"\" data-start=\"843\" data-end=\"918\">2 \u00d7 15 kg<br data-start=\"852\" data-end=\"855\">Cementk\u00e4rna med slitstark plastbel\u00e4ggning (\u00d826 mm h\u00e5ldiameter)<\/p>\n<p>&nbsp;<\/li>\n<\/ul>\n<\/li>\n<\/ul>\n<hr class=\"\" data-start=\"989\" data-end=\"992\">\n<p>M\u00f6jligheter till expansion<\/p>\n<ul data-start=\"952\" data-end=\"1023\">\n<li class=\"\" data-start=\"952\" data-end=\"983\">\n<p class=\"\" data-start=\"954\" data-end=\"983\">Curlst\u00e5ng &#8211; 120 cm (\u00d825 mm)<\/p>\n<\/li>\n<li class=\"\" data-start=\"984\" data-end=\"1023\">\n<p class=\"\" data-start=\"986\" data-end=\"1023\">Hantelst\u00e4nger &#8211; 2 \u00d7 35 cm (\u00d825 mm)<\/p>\n<\/li>\n<\/ul>\n<hr class=\"\" data-start=\"989\" data-end=\"992\">\n<p>Egenskaper<\/p>\n<ul data-start=\"1043\" data-end=\"1212\">\n<li class=\"\" data-start=\"1043\" data-end=\"1086\">\n<p class=\"\" data-start=\"1045\" data-end=\"1086\">Brusreducerande och golvv\u00e4nlig design<\/p>\n<\/li>\n<li class=\"\" data-start=\"1087\" data-end=\"1151\">\n<p class=\"\" data-start=\"1089\" data-end=\"1151\">L\u00e4tt att kombinera med NordiCore b\u00e4nkar och st\u00e4llningar<\/p>\n<\/li>\n<li class=\"\" data-start=\"1152\" data-end=\"1186\">\n<p class=\"\" data-start=\"1154\" data-end=\"1186\">L\u00e4tt att reng\u00f6ra och f\u00f6rvara<\/p>\n<\/li>\n<\/ul>\n","protected":false},"excerpt":{"rendered":"<p>NordiCore Skivst\u00e5ngsset &#8211; 105 kg \u00e4r perfekt f\u00f6r effektiv och m\u00e5ngsidig styrketr\u00e4ning hemma. Setet best\u00e5r av en robust 180 cm skivst\u00e5ng och en komplett upps\u00e4ttning plastbelagda viktskivor i cement, vilket g\u00f6r det enkelt att anpassa vikten till din tr\u00e4ningsniv\u00e5 och dina m\u00e5l. Den \u00e4r idealisk f\u00f6r \u00f6vningar som b\u00e4nkpress, marklyft, rows och overheadpress. L\u00e4gg till [&#8230;]\n","protected":false},"featured_media":2425,"comment_status":"open","ping_status":"closed","template":"","meta":[],"product_brand":[],"product_cat":[180,211,164],"product_tag":[],"class_list":{"0":"post-2785","1":"product","2":"type-product","3":"status-publish","4":"has-post-thumbnail","6":"product_cat-skivstaangsset","7":"product_cat-standard-skivstaangsset","8":"product_cat-styrketraening-sv","9":"product_shipping_class-stora-leveranser","11":"first","12":"instock","13":"sale","14":"taxable","15":"shipping-taxable","16":"purchasable","17":"product-type-variable","18":"wvs-archive-product-wrapper"},"_links":{"self":[{"href":"https:\/\/nordicore.dk\/sv\/wp-json\/wp\/v2\/product\/2785","targetHints":{"allow":["GET"]}}],"collection":[{"href":"https:\/\/nordicore.dk\/sv\/wp-json\/wp\/v2\/product"}],"about":[{"href":"https:\/\/nordicore.dk\/sv\/wp-json\/wp\/v2\/types\/product"}],"replies":[{"embeddable":true,"href":"https:\/\/nordicore.dk\/sv\/wp-json\/wp\/v2\/comments?post=2785"}],"wp:featuredmedia":[{"embeddable":true,"href":"https:\/\/nordicore.dk\/sv\/wp-json\/wp\/v2\/media\/2425"}],"wp:attachment":[{"href":"https:\/\/nordicore.dk\/sv\/wp-json\/wp\/v2\/media?parent=2785"}],"wp:term":[{"taxonomy":"product_brand","embeddable":true,"href":"https:\/\/nordicore.dk\/sv\/wp-json\/wp\/v2\/product_brand?post=2785"},{"taxonomy":"product_cat","embeddable":true,"href":"https:\/\/nordicore.dk\/sv\/wp-json\/wp\/v2\/product_cat?post=2785"},{"taxonomy":"product_tag","embeddable":true,"href":"https:\/\/nordicore.dk\/sv\/wp-json\/wp\/v2\/product_tag?post=2785"}],"curies":[{"name":"wp","href":"https:\/\/api.w.org\/{rel}","templated":true}]}}