{"id":2763,"date":"2025-04-29T15:01:00","date_gmt":"2025-04-29T15:01:00","guid":{"rendered":"https:\/\/nordicore.dk\/vare\/900s-pro-skidmaskin\/"},"modified":"2026-03-13T13:32:38","modified_gmt":"2026-03-13T13:32:38","slug":"900s-pro-skidmaskin","status":"publish","type":"product","link":"https:\/\/nordicore.dk\/sv\/vare\/900s-pro-skidmaskin\/","title":{"rendered":"900S Pro &#8211; Skidmaskin"},"content":{"rendered":"<h3 data-start=\"298\" data-end=\"658\">Avancerad skidmaskin f\u00f6r hemmabruk och kommersiellt bruk<\/h3>\n<p class=\"\" data-start=\"298\" data-end=\"658\">NordiCore 900S Pro \u00e4r en professionell skidmaskin som kombinerar h\u00f6g prestanda med komplett funktionalitet. Maskinen simulerar den naturliga r\u00f6relsen vid l\u00e4ngdskid\u00e5kning och aktiverar effektivt b\u00e5de \u00f6ver- och underkroppen, vilket g\u00f6r den idealisk f\u00f6r konditions-, uth\u00e5llighets- och explosiv styrketr\u00e4ning. Med robust konstruktion, justerbart luftmotst\u00e5nd och modern teknik \u00e4r den l\u00e4mplig f\u00f6r b\u00e5de kommersiell anv\u00e4ndning och kr\u00e4vande hemmatr\u00e4ning.  <\/p>\n<hr class=\"\" data-start=\"989\" data-end=\"992\">\n<h4 data-start=\"665\" data-end=\"688\">Viktiga funktioner<\/h4>\n<ul data-start=\"689\" data-end=\"1559\">\n<li class=\"\" data-start=\"689\" data-end=\"825\">\n<p class=\"\" data-start=\"691\" data-end=\"825\"><strong data-start=\"691\" data-end=\"715\">10 motst\u00e5ndsniv\u00e5er<\/strong><br data-start=\"715\" data-end=\"718\">Justerbart luftbaserat motst\u00e5nd g\u00f6r att du kan tr\u00e4na allt fr\u00e5n uth\u00e5llighet till explosiv kraft.<\/p>\n<\/li>\n<li class=\"\" data-start=\"827\" data-end=\"967\">\n<p class=\"\" data-start=\"829\" data-end=\"967\"><strong data-start=\"1013\" data-end=\"1048\">Robust och tyst konstruktion<\/strong><br data-start=\"1048\" data-end=\"1051\">En stark ram och tyst drift garanterar tillf\u00f6rlitlig och bekv\u00e4m tr\u00e4ning &#8211; \u00e4ven i mindre utrymmen.<\/p>\n<\/li>\n<li class=\"\" data-start=\"969\" data-end=\"1089\">\n<p class=\"\" data-start=\"971\" data-end=\"1089\"><strong data-start=\"971\" data-end=\"1003\">Ergonomisk tr\u00e4ningsupplevelse<br \/>\n<\/strong>Handtagen \u00e4r utformade med tanke p\u00e5 komfort och korrekta r\u00f6relsem\u00f6nster f\u00f6r en naturlig och effektiv tr\u00e4ning.<\/p>\n<\/li>\n<li class=\"\" data-start=\"1091\" data-end=\"1232\">\n<p class=\"\" data-start=\"1093\" data-end=\"1232\"><strong data-start=\"1093\" data-end=\"1118\">Avancerad LCD-display<\/strong><br data-start=\"1118\" data-end=\"1121\">Visar tid, distans, kalorier, hastighet, puls, SPM, splittid, watt m.m. Inneh\u00e5ller f\u00f6rinst\u00e4llda tr\u00e4ningsprogram och m\u00f6jlighet att skapa egna, inklusive intervall- och m\u00e5ltr\u00e4ning.<\/p>\n<\/li>\n<li class=\"\" data-start=\"1234\" data-end=\"1359\">\n<p class=\"\" data-start=\"1236\" data-end=\"1359\"><strong data-start=\"1236\" data-end=\"1261\">Bluetooth-integration<\/strong><br data-start=\"1261\" data-end=\"1264\">St\u00f6djer KinoMap och andra tr\u00e4ningsappar samt anslutning till pulsb\u00e4lte f\u00f6r noggrann pulsm\u00e4tning.<\/p>\n<\/li>\n<li class=\"\" data-start=\"1361\" data-end=\"1469\">\n<p class=\"\" data-start=\"1363\" data-end=\"1469\"><strong data-start=\"1363\" data-end=\"1385\">Kompakt och portabel<\/strong><br data-start=\"1385\" data-end=\"1388\">F\u00e4llbar design och integrerade transporthjul g\u00f6r den enkel att flytta och f\u00f6rvara.<\/p>\n<\/li>\n<li class=\"\" data-start=\"1471\" data-end=\"1559\">\n<p class=\"\" data-start=\"1473\" data-end=\"1559\"><strong data-start=\"1473\" data-end=\"1499\">Medf\u00f6ljande golvstativ<\/strong><br data-start=\"1499\" data-end=\"1502\">Ger stabil positionering utan behov av v\u00e4ggmontering.<\/p>\n<\/li>\n<\/ul>\n<hr class=\"\" data-start=\"989\" data-end=\"992\">\n<h4 data-start=\"1566\" data-end=\"1598\">Tekniska specifikationer<\/h4>\n<ul data-start=\"1599\" data-end=\"1815\">\n<li class=\"\" data-start=\"1599\" data-end=\"1640\">\n<p class=\"\" data-start=\"1601\" data-end=\"1640\">Luftmotst\u00e5nd med 10 niv\u00e5er<\/p>\n<\/li>\n<li class=\"\" data-start=\"1641\" data-end=\"1685\">\n<p class=\"\" data-start=\"1643\" data-end=\"1685\">LCD-display med Bluetooth-kompatibilitet<\/p>\n<\/li>\n<li class=\"\" data-start=\"1686\" data-end=\"1706\">\n<p class=\"\" data-start=\"1688\" data-end=\"1706\">Totalvikt: 37 kg<\/p>\n<\/li>\n<li class=\"\" data-start=\"1707\" data-end=\"1745\">\n<p class=\"\" data-start=\"1709\" data-end=\"1745\">M\u00e5tt (uppst\u00e4llt): 130 \u00d7 60 \u00d7 214 cm<\/p>\n<\/li>\n<li class=\"\" data-start=\"1746\" data-end=\"1778\">\n<p class=\"\" data-start=\"1748\" data-end=\"1778\">F\u00e4llda m\u00e5tt: 60 \u00d7 60 \u00d7 215 cm<\/p>\n<\/li>\n<li class=\"\" data-start=\"1779\" data-end=\"1815\">\n<p class=\"\" data-start=\"1781\" data-end=\"1815\">Inkluderar golvstativ<\/p>\n<\/li>\n<\/ul>\n<hr class=\"\" data-start=\"989\" data-end=\"992\">\n<h4 data-start=\"1822\" data-end=\"1874\">Professionell kvalitet &#8211; tillg\u00e4nglig f\u00f6r alla<\/h4>\n<p class=\"\" data-start=\"1875\" data-end=\"2117\">NordiCore 900S Pro h\u00e5ller samma standard som marknadens ledande skidmaskiner, men erbjuds till ett mer konkurrenskraftigt pris. Den l\u00e4mpar sig f\u00f6r gym, sjukgymnaster och hemmatr\u00e4ning f\u00f6r anv\u00e4ndare som vill ha h\u00f6g kvalitet utan kompromisser. <\/p>\n","protected":false},"excerpt":{"rendered":"<p>Avancerad skidmaskin f\u00f6r hemmabruk och kommersiellt bruk NordiCore 900S Pro \u00e4r en professionell skidmaskin som kombinerar h\u00f6g prestanda med komplett funktionalitet. Maskinen simulerar den naturliga r\u00f6relsen vid l\u00e4ngdskid\u00e5kning och aktiverar effektivt b\u00e5de \u00f6ver- och underkroppen, vilket g\u00f6r den idealisk f\u00f6r konditions-, uth\u00e5llighets- och explosiv styrketr\u00e4ning. Med robust konstruktion, justerbart luftmotst\u00e5nd och modern teknik \u00e4r den [&#8230;]\n","protected":false},"featured_media":2415,"comment_status":"open","ping_status":"closed","template":"","meta":[],"product_brand":[],"product_cat":[192,212],"product_tag":[],"class_list":{"0":"post-2763","1":"product","2":"type-product","3":"status-publish","4":"has-post-thumbnail","6":"product_cat-konditionstraening","7":"product_cat-skidmaskiner","8":"product_shipping_class-stora-leveranser","10":"first","11":"outofstock","12":"sale","13":"taxable","14":"shipping-taxable","15":"purchasable","16":"product-type-simple"},"_links":{"self":[{"href":"https:\/\/nordicore.dk\/sv\/wp-json\/wp\/v2\/product\/2763","targetHints":{"allow":["GET"]}}],"collection":[{"href":"https:\/\/nordicore.dk\/sv\/wp-json\/wp\/v2\/product"}],"about":[{"href":"https:\/\/nordicore.dk\/sv\/wp-json\/wp\/v2\/types\/product"}],"replies":[{"embeddable":true,"href":"https:\/\/nordicore.dk\/sv\/wp-json\/wp\/v2\/comments?post=2763"}],"wp:featuredmedia":[{"embeddable":true,"href":"https:\/\/nordicore.dk\/sv\/wp-json\/wp\/v2\/media\/2415"}],"wp:attachment":[{"href":"https:\/\/nordicore.dk\/sv\/wp-json\/wp\/v2\/media?parent=2763"}],"wp:term":[{"taxonomy":"product_brand","embeddable":true,"href":"https:\/\/nordicore.dk\/sv\/wp-json\/wp\/v2\/product_brand?post=2763"},{"taxonomy":"product_cat","embeddable":true,"href":"https:\/\/nordicore.dk\/sv\/wp-json\/wp\/v2\/product_cat?post=2763"},{"taxonomy":"product_tag","embeddable":true,"href":"https:\/\/nordicore.dk\/sv\/wp-json\/wp\/v2\/product_tag?post=2763"}],"curies":[{"name":"wp","href":"https:\/\/api.w.org\/{rel}","templated":true}]}}