{"id":2762,"date":"2025-04-29T12:18:34","date_gmt":"2025-04-29T12:18:34","guid":{"rendered":"https:\/\/nordicore.dk\/vare\/skivstaangsuppsaettning-30-kg\/"},"modified":"2025-11-20T09:54:42","modified_gmt":"2025-11-20T09:54:42","slug":"skivstaangsuppsaettning-30-kg","status":"publish","type":"product","link":"https:\/\/nordicore.dk\/sv\/vare\/skivstaangsuppsaettning-30-kg\/","title":{"rendered":"Skivst\u00e5ngsupps\u00e4ttning 30 kg"},"content":{"rendered":"<p class=\"\" data-start=\"208\" data-end=\"511\">F\u00e5 en flexibel och effektiv styrketr\u00e4ning hemma med detta 30 kg skivst\u00e5ngsset. Setet best\u00e5r av tv\u00e5 hantlar som enkelt kan monteras ihop till en skivst\u00e5ng med hj\u00e4lp av den medf\u00f6ljande mellanst\u00e5ngen. Det ger m\u00f6jlighet till varierad tr\u00e4ning av hela \u00f6verkroppen &#8211; inklusive br\u00f6st, rygg, axlar, biceps och triceps.  <\/p>\n<p class=\"\" data-start=\"513\" data-end=\"693\">Mellanst\u00e5ngen har ett mjukt grepp f\u00f6r extra komfort under tr\u00e4ningen och vikten kan enkelt justeras genom att l\u00e4gga till eller ta bort skivor &#8211; s\u00e5 att du alltid kan anpassa belastningen till tr\u00e4ningen.<\/p>\n<hr class=\"\" data-start=\"989\" data-end=\"992\">\n<h4 data-start=\"695\" data-end=\"913\">Specifikationer:<\/h4>\n<p data-start=\"695\" data-end=\"913\">&#8211; Totalvikt: 30 kg<br data-start=\"737\" data-end=\"740\">&#8211; 2 x hantelst\u00e4nger<br data-start=\"762\" data-end=\"765\">&#8211; 1 x mellanst\u00e5ng (f\u00f6r montering som skivst\u00e5ng)<br data-start=\"810\" data-end=\"813\">&#8211; 4 x 2,5 kg viktskivor<br data-start=\"836\" data-end=\"839\">&#8211; 4 x 2 kg viktskivor<br data-start=\"860\" data-end=\"863\" data-is-only-node=\"\">&#8211; 4 x 1,5 kg viktskivor<br data-start=\"886\" data-end=\"889\">&#8211; 4 x 1,25 kg viktskivor<\/p>\n<p class=\"\" data-start=\"915\" data-end=\"970\">En platsbesparande l\u00f6sning f\u00f6r b\u00e5de nyb\u00f6rjare och avancerade anv\u00e4ndare.<\/p>\n","protected":false},"excerpt":{"rendered":"<p>F\u00e5 en flexibel och effektiv styrketr\u00e4ning hemma med detta 30 kg skivst\u00e5ngsset. Setet best\u00e5r av tv\u00e5 hantlar som enkelt kan monteras ihop till en skivst\u00e5ng med hj\u00e4lp av den medf\u00f6ljande mellanst\u00e5ngen. Det ger m\u00f6jlighet till varierad tr\u00e4ning av hela \u00f6verkroppen &#8211; inklusive br\u00f6st, rygg, axlar, biceps och triceps. Mellanst\u00e5ngen har ett mjukt grepp f\u00f6r extra [&#8230;]\n","protected":false},"featured_media":2386,"comment_status":"open","ping_status":"closed","template":"","meta":[],"product_brand":[],"product_cat":[165,180,211,164],"product_tag":[],"class_list":{"0":"post-2762","1":"product","2":"type-product","3":"status-publish","4":"has-post-thumbnail","6":"product_cat-hantlar","7":"product_cat-skivstaangsset","8":"product_cat-standard-skivstaangsset","9":"product_cat-styrketraening-sv","11":"first","12":"instock","13":"sale","14":"taxable","15":"shipping-taxable","16":"purchasable","17":"product-type-simple"},"_links":{"self":[{"href":"https:\/\/nordicore.dk\/sv\/wp-json\/wp\/v2\/product\/2762","targetHints":{"allow":["GET"]}}],"collection":[{"href":"https:\/\/nordicore.dk\/sv\/wp-json\/wp\/v2\/product"}],"about":[{"href":"https:\/\/nordicore.dk\/sv\/wp-json\/wp\/v2\/types\/product"}],"replies":[{"embeddable":true,"href":"https:\/\/nordicore.dk\/sv\/wp-json\/wp\/v2\/comments?post=2762"}],"wp:featuredmedia":[{"embeddable":true,"href":"https:\/\/nordicore.dk\/sv\/wp-json\/wp\/v2\/media\/2386"}],"wp:attachment":[{"href":"https:\/\/nordicore.dk\/sv\/wp-json\/wp\/v2\/media?parent=2762"}],"wp:term":[{"taxonomy":"product_brand","embeddable":true,"href":"https:\/\/nordicore.dk\/sv\/wp-json\/wp\/v2\/product_brand?post=2762"},{"taxonomy":"product_cat","embeddable":true,"href":"https:\/\/nordicore.dk\/sv\/wp-json\/wp\/v2\/product_cat?post=2762"},{"taxonomy":"product_tag","embeddable":true,"href":"https:\/\/nordicore.dk\/sv\/wp-json\/wp\/v2\/product_tag?post=2762"}],"curies":[{"name":"wp","href":"https:\/\/api.w.org\/{rel}","templated":true}]}}