{"id":2761,"date":"2025-04-29T22:36:29","date_gmt":"2025-04-29T22:36:29","guid":{"rendered":"https:\/\/nordicore.dk\/vare\/justerbart-hopprep-med-kullagersystem\/"},"modified":"2025-11-20T09:55:27","modified_gmt":"2025-11-20T09:55:27","slug":"justerbart-hopprep-med-kullagersystem","status":"publish","type":"product","link":"https:\/\/nordicore.dk\/sv\/vare\/justerbart-hopprep-med-kullagersystem\/","title":{"rendered":"Justerbart hopprep med kullagersystem"},"content":{"rendered":"<p class=\"\" data-start=\"224\" data-end=\"509\">NordiCore Skipping Rope \u00e4r ett robust och m\u00e5ngsidigt tr\u00e4ningsredskap som \u00e4r utformat f\u00f6r intensiv konditionstr\u00e4ning, boxning, crossfit och daglig konditionstr\u00e4ning. Den PVC-belagda inre st\u00e5lkabeln ger en j\u00e4mn och snabb rotation &#8211; utan vridning och motst\u00e5nd &#8211; tack vare ett professionellt kullagersystem. <\/p>\n<p class=\"\" data-start=\"511\" data-end=\"725\">De ergonomiska EVA-skumhandtagen ger ett fast och svettabsorberande grepp som f\u00f6rblir bekv\u00e4mt &#8211; \u00e4ven under l\u00e4ngre tr\u00e4ningspass. Repet m\u00e4ter 280 cm och kan enkelt justeras f\u00f6r att passa b\u00e5de barn och vuxna. <\/p>\n<hr class=\"\" data-start=\"989\" data-end=\"992\">\n<h4>Funktioner:<\/h4>\n<ul data-start=\"744\" data-end=\"1022\">\n<li class=\"\" data-start=\"744\" data-end=\"779\">\n<p class=\"\" data-start=\"746\" data-end=\"779\">Justerbar l\u00e4ngd: Upp till 280 cm<\/p>\n<\/li>\n<li class=\"\" data-start=\"780\" data-end=\"830\">\n<p class=\"\" data-start=\"782\" data-end=\"830\">St\u00e5lvajer med PVC-bel\u00e4ggning f\u00f6r l\u00e5ng h\u00e5llbarhet<\/p>\n<\/li>\n<li class=\"\" data-start=\"831\" data-end=\"878\">\n<p class=\"\" data-start=\"833\" data-end=\"878\">Kullagersystem f\u00f6r j\u00e4mn och snabb rotation<\/p>\n<\/li>\n<li class=\"\" data-start=\"879\" data-end=\"929\">\n<p class=\"\" data-start=\"881\" data-end=\"929\">Svettabsorberande handtag med halkfritt grepp<\/p>\n<\/li>\n<li class=\"\" data-start=\"930\" data-end=\"990\">\n<p class=\"\" data-start=\"932\" data-end=\"990\">L\u00e4mplig f\u00f6r cardio-, boxnings-, MMA- och funktionell tr\u00e4ning<\/p>\n<\/li>\n<li class=\"\" data-start=\"991\" data-end=\"1022\">\n<p class=\"\" data-start=\"993\" data-end=\"1022\">F\u00f6r nyb\u00f6rjare och avancerade anv\u00e4ndare<\/p>\n<\/li>\n<\/ul>\n<p class=\"\" data-start=\"1024\" data-end=\"1182\">Tr\u00e4na kondition, smidighet och koordination &#8211; var du \u00e4n befinner dig.<br data-start=\"1086\" data-end=\"1089\"><strong data-start=\"1089\" data-end=\"1112\">NordiCore Hopprep<\/strong> \u00e4r det sj\u00e4lvklara valet f\u00f6r effektiv hemmatr\u00e4ning och h\u00f6gintensiv tr\u00e4ning.<\/p>\n","protected":false},"excerpt":{"rendered":"<p>NordiCore Skipping Rope \u00e4r ett robust och m\u00e5ngsidigt tr\u00e4ningsredskap som \u00e4r utformat f\u00f6r intensiv konditionstr\u00e4ning, boxning, crossfit och daglig konditionstr\u00e4ning. Den PVC-belagda inre st\u00e5lkabeln ger en j\u00e4mn och snabb rotation &#8211; utan vridning och motst\u00e5nd &#8211; tack vare ett professionellt kullagersystem. De ergonomiska EVA-skumhandtagen ger ett fast och svettabsorberande grepp som f\u00f6rblir bekv\u00e4mt &#8211; \u00e4ven [&#8230;]\n","protected":false},"featured_media":2439,"comment_status":"open","ping_status":"closed","template":"","meta":[],"product_brand":[],"product_cat":[210,171],"product_tag":[],"class_list":{"0":"post-2761","1":"product","2":"type-product","3":"status-publish","4":"has-post-thumbnail","6":"product_cat-hopprep","7":"product_cat-tillbehoer","8":"product_shipping_class-stora-leveranser","10":"first","11":"instock","12":"sale","13":"taxable","14":"shipping-taxable","15":"purchasable","16":"product-type-simple"},"_links":{"self":[{"href":"https:\/\/nordicore.dk\/sv\/wp-json\/wp\/v2\/product\/2761","targetHints":{"allow":["GET"]}}],"collection":[{"href":"https:\/\/nordicore.dk\/sv\/wp-json\/wp\/v2\/product"}],"about":[{"href":"https:\/\/nordicore.dk\/sv\/wp-json\/wp\/v2\/types\/product"}],"replies":[{"embeddable":true,"href":"https:\/\/nordicore.dk\/sv\/wp-json\/wp\/v2\/comments?post=2761"}],"wp:featuredmedia":[{"embeddable":true,"href":"https:\/\/nordicore.dk\/sv\/wp-json\/wp\/v2\/media\/2439"}],"wp:attachment":[{"href":"https:\/\/nordicore.dk\/sv\/wp-json\/wp\/v2\/media?parent=2761"}],"wp:term":[{"taxonomy":"product_brand","embeddable":true,"href":"https:\/\/nordicore.dk\/sv\/wp-json\/wp\/v2\/product_brand?post=2761"},{"taxonomy":"product_cat","embeddable":true,"href":"https:\/\/nordicore.dk\/sv\/wp-json\/wp\/v2\/product_cat?post=2761"},{"taxonomy":"product_tag","embeddable":true,"href":"https:\/\/nordicore.dk\/sv\/wp-json\/wp\/v2\/product_tag?post=2761"}],"curies":[{"name":"wp","href":"https:\/\/api.w.org\/{rel}","templated":true}]}}