{"id":2760,"date":"2025-05-14T02:26:22","date_gmt":"2025-05-14T02:26:22","guid":{"rendered":"https:\/\/nordicore.dk\/vare\/500ar-roddmaskin-med-luftkonditionering\/"},"modified":"2026-03-30T13:09:59","modified_gmt":"2026-03-30T13:09:59","slug":"500ar-roddmaskin-med-luftkonditionering","status":"publish","type":"product","link":"https:\/\/nordicore.dk\/sv\/vare\/500ar-roddmaskin-med-luftkonditionering\/","title":{"rendered":"500AR &#8211; Roddmaskin med luftkonditionering"},"content":{"rendered":"<p class=\"\" data-start=\"199\" data-end=\"380\">NordiCore 500AR \u00e4r en luftroddmaskin som l\u00e4mpar sig f\u00f6r b\u00e5de privat och professionellt bruk. Den ger en j\u00e4mn och realistisk roddr\u00f6relse med enkel anv\u00e4ndning och solid konstruktion.<\/p>\n<h4 class=\"\" data-start=\"382\" data-end=\"402\"><strong data-start=\"387\" data-end=\"402\">Funktioner:<\/strong><\/h4>\n<ul data-start=\"404\" data-end=\"1025\">\n<li class=\"\" data-start=\"404\" data-end=\"506\">\n<p class=\"\" data-start=\"406\" data-end=\"506\"><strong data-start=\"503\" data-end=\"545\">Hi-Fi LCD-display<br \/>\n<\/strong>Stor 100 \u00d7 80 mm display som visar tid, distans, kalorier, hastighet, hj\u00e4rtfrekvens, SPM, splittid, watt m.m. Inneh\u00e5ller f\u00f6rinst\u00e4llda tr\u00e4ningsprogram och m\u00f6jlighet att skapa egna, inklusive intervall- och m\u00e5ltr\u00e4ning.<\/p>\n<\/li>\n<li><strong data-start=\"918\" data-end=\"943\">Bluetooth-anslutning<\/strong><br data-start=\"943\" data-end=\"946\" \/>St\u00f6djer KinoMap och andra tr\u00e4ningsappar samt anslutning till pulsb\u00e4lte f\u00f6r noggrann pulsm\u00e4tning.<\/li>\n<li class=\"\" data-start=\"508\" data-end=\"612\">\n<p class=\"\" data-start=\"510\" data-end=\"612\"><strong data-start=\"510\" data-end=\"534\">10 motst\u00e5ndsniv\u00e5er<\/strong><br data-start=\"534\" data-end=\"537\" \/>Luftmotst\u00e5nd som enkelt kan anpassas till din niv\u00e5 och typ av tr\u00e4ning &#8211; l\u00e4mplig f\u00f6r b\u00e5de l\u00e4tt konditionstr\u00e4ning och intensiv tr\u00e4ning.<\/p>\n<\/li>\n<li class=\"\" data-start=\"614\" data-end=\"711\">\n<p class=\"\" data-start=\"616\" data-end=\"711\"><strong data-start=\"616\" data-end=\"643\">Hopf\u00e4llbar design<\/strong><br data-start=\"643\" data-end=\"646\" \/>L\u00e4tt att f\u00f6rvara &#8211; perfekt f\u00f6r hemmet d\u00e4r utrymmet \u00e4r begr\u00e4nsat.<\/p>\n<\/li>\n<li data-start=\"614\" data-end=\"711\"><strong data-start=\"434\" data-end=\"451\">Transporthjul<\/strong><br data-start=\"451\" data-end=\"454\" \/>Integrerade hjul g\u00f6r det enkelt att flytta roddmaskinen efter behov.<\/li>\n<li class=\"\" data-start=\"713\" data-end=\"812\">\n<p class=\"\" data-start=\"715\" data-end=\"812\"><strong data-start=\"715\" data-end=\"738\">Solid byggkvalitet<\/strong><br data-start=\"738\" data-end=\"741\" \/>Tillverkad av aluminiumstegar och kraftig plast &#8211; max anv\u00e4ndarvikt: 150 kg.<\/p>\n<\/li>\n<li class=\"\" data-start=\"814\" data-end=\"914\">\n<p class=\"\" data-start=\"816\" data-end=\"914\"><strong data-start=\"816\" data-end=\"841\">Ergonomisk design<\/strong><br data-start=\"841\" data-end=\"844\" \/>Handtag och fotst\u00f6d \u00e4r utformade med tanke p\u00e5 komfort och justering.<\/p>\n<\/li>\n<\/ul>\n<p data-start=\"94\" data-end=\"240\">NordiCore 500AR \u00e4r f\u00f6r dig som vill ha h\u00f6gkvalitativ tr\u00e4ningsutrustning som t\u00e5l daglig anv\u00e4ndning. Den \u00e4r l\u00e4mplig f\u00f6r b\u00e5de hemmamilj\u00f6 och professionell milj\u00f6 &#8211; utan att kompromissa med funktionalitet eller h\u00e5llbarhet.<\/p>\n","protected":false},"excerpt":{"rendered":"<p><br data-mce-bogus=\"1\"><\/p>\n","protected":false},"featured_media":4304,"comment_status":"open","ping_status":"closed","template":"","meta":[],"product_brand":[],"product_cat":[192,208,209],"product_tag":[],"class_list":{"0":"post-2760","1":"product","2":"type-product","3":"status-publish","4":"has-post-thumbnail","6":"product_cat-konditionstraening","7":"product_cat-roddmaskiner","8":"product_cat-roddmaskiner-med-luft","9":"product_shipping_class-stora-leveranser","11":"first","12":"outofstock","13":"sale","14":"taxable","15":"shipping-taxable","16":"purchasable","17":"product-type-simple"},"_links":{"self":[{"href":"https:\/\/nordicore.dk\/sv\/wp-json\/wp\/v2\/product\/2760","targetHints":{"allow":["GET"]}}],"collection":[{"href":"https:\/\/nordicore.dk\/sv\/wp-json\/wp\/v2\/product"}],"about":[{"href":"https:\/\/nordicore.dk\/sv\/wp-json\/wp\/v2\/types\/product"}],"replies":[{"embeddable":true,"href":"https:\/\/nordicore.dk\/sv\/wp-json\/wp\/v2\/comments?post=2760"}],"wp:featuredmedia":[{"embeddable":true,"href":"https:\/\/nordicore.dk\/sv\/wp-json\/wp\/v2\/media\/4304"}],"wp:attachment":[{"href":"https:\/\/nordicore.dk\/sv\/wp-json\/wp\/v2\/media?parent=2760"}],"wp:term":[{"taxonomy":"product_brand","embeddable":true,"href":"https:\/\/nordicore.dk\/sv\/wp-json\/wp\/v2\/product_brand?post=2760"},{"taxonomy":"product_cat","embeddable":true,"href":"https:\/\/nordicore.dk\/sv\/wp-json\/wp\/v2\/product_cat?post=2760"},{"taxonomy":"product_tag","embeddable":true,"href":"https:\/\/nordicore.dk\/sv\/wp-json\/wp\/v2\/product_tag?post=2760"}],"curies":[{"name":"wp","href":"https:\/\/api.w.org\/{rel}","templated":true}]}}