{"id":2759,"date":"2025-04-29T16:54:52","date_gmt":"2025-04-29T16:54:52","guid":{"rendered":"https:\/\/nordicore.dk\/vare\/curlstaang-120-cm\/"},"modified":"2025-07-18T17:22:13","modified_gmt":"2025-07-18T17:22:13","slug":"curlstaang-120-cm","status":"publish","type":"product","link":"https:\/\/nordicore.dk\/sv\/vare\/curlstaang-120-cm\/","title":{"rendered":"Curlst\u00e5ng &#8211; 120 cm"},"content":{"rendered":"<p class=\"\" data-start=\"1354\" data-end=\"1581\">NordiCore curlst\u00e5ng \u00e4r utformad med ett vinklat grepp som minskar belastningen p\u00e5 handleder och armb\u00e5gar under \u00f6vningar som bicepscurls och triceps extensions. Ett sj\u00e4lvklart val f\u00f6r fokuserad armtr\u00e4ning med maximal komfort och effektivitet. <\/p>\n<ul data-start=\"1583\" data-end=\"1743\">\n<li class=\"\" data-start=\"1583\" data-end=\"1601\">\n<p class=\"\" data-start=\"1585\" data-end=\"1601\">L\u00e4ngd: 120 cm<\/p>\n<\/li>\n<li class=\"\" data-start=\"1602\" data-end=\"1616\">\n<p class=\"\" data-start=\"1604\" data-end=\"1616\">Vikt: 5,5 kg<\/p>\n<\/li>\n<li class=\"\" data-start=\"1617\" data-end=\"1636\">\n<p class=\"\" data-start=\"1619\" data-end=\"1636\">Diameter: 25 mm<\/p>\n<\/li>\n<li class=\"\" data-start=\"1637\" data-end=\"1660\">\n<p class=\"\" data-start=\"1639\" data-end=\"1660\">Inkl. 2 stj\u00e4rnl\u00e5s<\/p>\n<\/li>\n<li class=\"\" data-start=\"1661\" data-end=\"1692\">\n<p class=\"\" data-start=\"1663\" data-end=\"1692\">Passar skivor med vikt 25 mm+.<\/p>\n<\/li>\n<li class=\"\" data-start=\"1693\" data-end=\"1721\">\n<p class=\"\" data-start=\"1695\" data-end=\"1721\">Max. belastning: 150 kg<\/p>\n<\/li>\n<\/ul>\n","protected":false},"excerpt":{"rendered":"<p>NordiCore curlst\u00e5ng \u00e4r utformad med ett vinklat grepp som minskar belastningen p\u00e5 handleder och armb\u00e5gar under \u00f6vningar som bicepscurls och triceps extensions. Ett sj\u00e4lvklart val f\u00f6r fokuserad armtr\u00e4ning med maximal komfort och effektivitet. L\u00e4ngd: 120 cm Vikt: 5,5 kg Diameter: 25 mm Inkl. 2 stj\u00e4rnl\u00e5s Passar skivor med vikt 25 mm+. Max. belastning: 150 kg<\/p>\n","protected":false},"featured_media":2432,"comment_status":"open","ping_status":"closed","template":"","meta":[],"product_brand":[],"product_cat":[169,202,164],"product_tag":[],"class_list":{"0":"post-2759","1":"product","2":"type-product","3":"status-publish","4":"has-post-thumbnail","6":"product_cat-skivstaenger","7":"product_cat-standard-skivstaenger","8":"product_cat-styrketraening-sv","10":"first","11":"instock","12":"taxable","13":"shipping-taxable","14":"purchasable","15":"product-type-simple"},"_links":{"self":[{"href":"https:\/\/nordicore.dk\/sv\/wp-json\/wp\/v2\/product\/2759","targetHints":{"allow":["GET"]}}],"collection":[{"href":"https:\/\/nordicore.dk\/sv\/wp-json\/wp\/v2\/product"}],"about":[{"href":"https:\/\/nordicore.dk\/sv\/wp-json\/wp\/v2\/types\/product"}],"replies":[{"embeddable":true,"href":"https:\/\/nordicore.dk\/sv\/wp-json\/wp\/v2\/comments?post=2759"}],"wp:featuredmedia":[{"embeddable":true,"href":"https:\/\/nordicore.dk\/sv\/wp-json\/wp\/v2\/media\/2432"}],"wp:attachment":[{"href":"https:\/\/nordicore.dk\/sv\/wp-json\/wp\/v2\/media?parent=2759"}],"wp:term":[{"taxonomy":"product_brand","embeddable":true,"href":"https:\/\/nordicore.dk\/sv\/wp-json\/wp\/v2\/product_brand?post=2759"},{"taxonomy":"product_cat","embeddable":true,"href":"https:\/\/nordicore.dk\/sv\/wp-json\/wp\/v2\/product_cat?post=2759"},{"taxonomy":"product_tag","embeddable":true,"href":"https:\/\/nordicore.dk\/sv\/wp-json\/wp\/v2\/product_tag?post=2759"}],"curies":[{"name":"wp","href":"https:\/\/api.w.org\/{rel}","templated":true}]}}