{"id":2758,"date":"2025-04-29T21:53:31","date_gmt":"2025-04-29T21:53:31","guid":{"rendered":"https:\/\/nordicore.dk\/vare\/hantelstaang-35-cm\/"},"modified":"2025-07-18T17:24:28","modified_gmt":"2025-07-18T17:24:28","slug":"hantelstaang-35-cm","status":"publish","type":"product","link":"https:\/\/nordicore.dk\/sv\/vare\/hantelstaang-35-cm\/","title":{"rendered":"Hantelst\u00e5ng &#8211; 35 cm"},"content":{"rendered":"<p class=\"\" data-start=\"220\" data-end=\"577\">NordiCore 35 cm hantelst\u00e5ng \u00e4r en praktisk l\u00f6sning f\u00f6r styrketr\u00e4ning med viktskivor hemma. Den \u00e4r idealisk f\u00f6r \u00f6vningar som axelpress, bicepscurls och triceps extensions d\u00e4r du vill ha exakt kontroll \u00f6ver belastningen. St\u00e5ngen passar viktskivor med en minsta h\u00e5ldiameter p\u00e5 25 mm och levereras med tv\u00e5 stj\u00e4rnl\u00e5s som h\u00e5ller skivorna s\u00e4kert p\u00e5 plats under tr\u00e4ningen.<\/p>\n<ul data-start=\"579\" data-end=\"761\">\n<li class=\"\" data-start=\"579\" data-end=\"596\">\n<p class=\"\" data-start=\"581\" data-end=\"596\">L\u00e4ngd: 35 cm<\/p>\n<\/li>\n<li class=\"\" data-start=\"597\" data-end=\"613\">\n<p class=\"\" data-start=\"599\" data-end=\"613\">Vikt: 1,5 kg<\/p>\n<\/li>\n<li class=\"\" data-start=\"614\" data-end=\"633\">\n<p class=\"\" data-start=\"616\" data-end=\"633\">Diameter: 25 mm<\/p>\n<\/li>\n<li class=\"\" data-start=\"634\" data-end=\"657\">\n<p class=\"\" data-start=\"636\" data-end=\"657\">Inkl. 2 stj\u00e4rnl\u00e5s<\/p>\n<\/li>\n<li class=\"\" data-start=\"658\" data-end=\"689\">\n<p class=\"\" data-start=\"660\" data-end=\"689\">L\u00e4mplig f\u00f6r skivor med en vikt p\u00e5 minst 25 mm<\/p>\n<\/li>\n<li>Material: st\u00e5lr\u00f6r med plastbel\u00e4ggning<\/li>\n<li class=\"\" data-start=\"690\" data-end=\"718\">\n<p class=\"\" data-start=\"692\" data-end=\"718\">Max. belastning: 100 kg<\/p>\n<\/li>\n<\/ul>\n","protected":false},"excerpt":{"rendered":"<p>NordiCore 35 cm hantelst\u00e5ng \u00e4r en praktisk l\u00f6sning f\u00f6r styrketr\u00e4ning med viktskivor hemma. Den \u00e4r idealisk f\u00f6r \u00f6vningar som axelpress, bicepscurls och triceps extensions d\u00e4r du vill ha exakt kontroll \u00f6ver belastningen. St\u00e5ngen passar viktskivor med en minsta h\u00e5ldiameter p\u00e5 25 mm och levereras med tv\u00e5 stj\u00e4rnl\u00e5s som h\u00e5ller skivorna s\u00e4kert p\u00e5 plats under tr\u00e4ningen. [&#8230;]\n","protected":false},"featured_media":2434,"comment_status":"open","ping_status":"closed","template":"","meta":[],"product_brand":[],"product_cat":[169,202,164],"product_tag":[],"class_list":{"0":"post-2758","1":"product","2":"type-product","3":"status-publish","4":"has-post-thumbnail","6":"product_cat-skivstaenger","7":"product_cat-standard-skivstaenger","8":"product_cat-styrketraening-sv","10":"first","11":"instock","12":"taxable","13":"shipping-taxable","14":"purchasable","15":"product-type-simple"},"_links":{"self":[{"href":"https:\/\/nordicore.dk\/sv\/wp-json\/wp\/v2\/product\/2758","targetHints":{"allow":["GET"]}}],"collection":[{"href":"https:\/\/nordicore.dk\/sv\/wp-json\/wp\/v2\/product"}],"about":[{"href":"https:\/\/nordicore.dk\/sv\/wp-json\/wp\/v2\/types\/product"}],"replies":[{"embeddable":true,"href":"https:\/\/nordicore.dk\/sv\/wp-json\/wp\/v2\/comments?post=2758"}],"wp:featuredmedia":[{"embeddable":true,"href":"https:\/\/nordicore.dk\/sv\/wp-json\/wp\/v2\/media\/2434"}],"wp:attachment":[{"href":"https:\/\/nordicore.dk\/sv\/wp-json\/wp\/v2\/media?parent=2758"}],"wp:term":[{"taxonomy":"product_brand","embeddable":true,"href":"https:\/\/nordicore.dk\/sv\/wp-json\/wp\/v2\/product_brand?post=2758"},{"taxonomy":"product_cat","embeddable":true,"href":"https:\/\/nordicore.dk\/sv\/wp-json\/wp\/v2\/product_cat?post=2758"},{"taxonomy":"product_tag","embeddable":true,"href":"https:\/\/nordicore.dk\/sv\/wp-json\/wp\/v2\/product_tag?post=2758"}],"curies":[{"name":"wp","href":"https:\/\/api.w.org\/{rel}","templated":true}]}}