{"id":2757,"date":"2025-04-29T22:23:59","date_gmt":"2025-04-29T22:23:59","guid":{"rendered":"https:\/\/nordicore.dk\/vare\/justerbar-handtraenare-5-till-60-kg\/"},"modified":"2025-12-13T00:05:25","modified_gmt":"2025-12-13T00:05:25","slug":"justerbar-handtraenare-5-till-60-kg","status":"publish","type":"product","link":"https:\/\/nordicore.dk\/sv\/vare\/justerbar-handtraenare-5-till-60-kg\/","title":{"rendered":"Justerbar handtr\u00e4nare &#8211; 5 till 60 kg"},"content":{"rendered":"<p class=\"\" data-start=\"234\" data-end=\"533\">NordiCore Adjustable Hand Trainer \u00e4r ett kompakt och m\u00e5ngsidigt verktyg f\u00f6r dig som vill st\u00e4rka grepp, underarmar och fingrar. Det justerbara motst\u00e5ndet fr\u00e5n 5 till 60 kg g\u00f6r den l\u00e4mplig f\u00f6r b\u00e5de nyb\u00f6rjare och erfarna anv\u00e4ndare &#8211; oavsett om m\u00e5let \u00e4r rehabilitering, \u00f6kad greppstyrka eller f\u00f6rb\u00e4ttrad fingerkontroll. <\/p>\n<p class=\"\" data-start=\"535\" data-end=\"753\">Med sin ergonomiska design och halkfria yta f\u00e5r du ett s\u00e4kert och bekv\u00e4mt grepp, \u00e4ven under l\u00e4ngre tr\u00e4ningspass.<\/p>\n<hr class=\"\" data-start=\"989\" data-end=\"992\">\n<h4 class=\"\" data-start=\"755\" data-end=\"782\">Funktioner:<\/h4>\n<ul data-start=\"783\" data-end=\"1093\">\n<li class=\"\" data-start=\"783\" data-end=\"817\">\n<p class=\"\" data-start=\"785\" data-end=\"817\">Justerbart motst\u00e5nd fr\u00e5n 5-60 kg<\/p>\n<\/li>\n<li class=\"\" data-start=\"818\" data-end=\"862\">\n<p class=\"\" data-start=\"820\" data-end=\"862\">Ergonomiskt handtag med bekv\u00e4mt grepp<\/p>\n<\/li>\n<li class=\"\" data-start=\"927\" data-end=\"970\">\n<p class=\"\" data-start=\"929\" data-end=\"970\">Tr\u00e4na hand, fingrar, underarmar och handleder<\/p>\n<\/li>\n<li class=\"\" data-start=\"971\" data-end=\"1026\">\n<p class=\"\" data-start=\"973\" data-end=\"1026\">L\u00e4mplig f\u00f6r sport, musik, kl\u00e4ttring och rehabilitering<\/p>\n<\/li>\n<li class=\"\" data-start=\"1027\" data-end=\"1071\">\n<p class=\"\" data-start=\"1029\" data-end=\"1071\">Kompakt design &#8211; l\u00e4tt att ta med sig \u00f6verallt<\/p>\n<\/li>\n<\/ul>\n","protected":false},"excerpt":{"rendered":"<p>NordiCore Adjustable Hand Trainer \u00e4r ett kompakt och m\u00e5ngsidigt verktyg f\u00f6r dig som vill st\u00e4rka grepp, underarmar och fingrar. Det justerbara motst\u00e5ndet fr\u00e5n 5 till 60 kg g\u00f6r den l\u00e4mplig f\u00f6r b\u00e5de nyb\u00f6rjare och erfarna anv\u00e4ndare &#8211; oavsett om m\u00e5let \u00e4r rehabilitering, \u00f6kad greppstyrka eller f\u00f6rb\u00e4ttrad fingerkontroll. Med sin ergonomiska design och halkfria yta f\u00e5r [&#8230;]\n","protected":false},"featured_media":2435,"comment_status":"open","ping_status":"closed","template":"","meta":[],"product_brand":[],"product_cat":[207,171],"product_tag":[],"class_list":{"0":"post-2757","1":"product","2":"type-product","3":"status-publish","4":"has-post-thumbnail","6":"product_cat-handtraenare","7":"product_cat-tillbehoer","9":"first","10":"instock","11":"sale","12":"taxable","13":"shipping-taxable","14":"purchasable","15":"product-type-simple"},"_links":{"self":[{"href":"https:\/\/nordicore.dk\/sv\/wp-json\/wp\/v2\/product\/2757","targetHints":{"allow":["GET"]}}],"collection":[{"href":"https:\/\/nordicore.dk\/sv\/wp-json\/wp\/v2\/product"}],"about":[{"href":"https:\/\/nordicore.dk\/sv\/wp-json\/wp\/v2\/types\/product"}],"replies":[{"embeddable":true,"href":"https:\/\/nordicore.dk\/sv\/wp-json\/wp\/v2\/comments?post=2757"}],"wp:featuredmedia":[{"embeddable":true,"href":"https:\/\/nordicore.dk\/sv\/wp-json\/wp\/v2\/media\/2435"}],"wp:attachment":[{"href":"https:\/\/nordicore.dk\/sv\/wp-json\/wp\/v2\/media?parent=2757"}],"wp:term":[{"taxonomy":"product_brand","embeddable":true,"href":"https:\/\/nordicore.dk\/sv\/wp-json\/wp\/v2\/product_brand?post=2757"},{"taxonomy":"product_cat","embeddable":true,"href":"https:\/\/nordicore.dk\/sv\/wp-json\/wp\/v2\/product_cat?post=2757"},{"taxonomy":"product_tag","embeddable":true,"href":"https:\/\/nordicore.dk\/sv\/wp-json\/wp\/v2\/product_tag?post=2757"}],"curies":[{"name":"wp","href":"https:\/\/api.w.org\/{rel}","templated":true}]}}