{"id":2753,"date":"2025-04-29T12:47:35","date_gmt":"2025-04-29T12:47:35","guid":{"rendered":"https:\/\/nordicore.dk\/vare\/900a-pro-luftcykel\/"},"modified":"2026-03-27T05:04:39","modified_gmt":"2026-03-27T05:04:39","slug":"900a-pro-luftcykel","status":"publish","type":"product","link":"https:\/\/nordicore.dk\/sv\/vare\/900a-pro-luftcykel\/","title":{"rendered":"900A Pro &#8211; Airbike"},"content":{"rendered":"<h3 data-start=\"0\" data-end=\"58\">NordiCore 900A Pro AirBike &#8211; N\u00e4r bara det b\u00e4sta \u00e4r tillr\u00e4ckligt<\/h3>\n<p class=\"\" data-start=\"60\" data-end=\"454\">NordiCore 900A Pro AirBike \u00e4r utformad f\u00f6r dem som kr\u00e4ver det ultimata inom konditionstr\u00e4ning. Med en extra robust, f\u00f6rst\u00e4rkt st\u00e5lkonstruktion \u00e4r denna airbike byggd f\u00f6r intensiv anv\u00e4ndning &#8211; perfekt f\u00f6r CrossFit, kommersiella gym, kampsportsklubbar och CrossFit-boxar. Oavsett om du \u00e4r en professionell idrottsman eller en fritidscyklist \u00e4r det h\u00e4r en maskin som ger resultat, g\u00e5ng p\u00e5 g\u00e5ng.  <\/p>\n<h3 data-start=\"456\" data-end=\"497\">O\u00e4ndligt motst\u00e5nd &#8211; du s\u00e4tter gr\u00e4nsen<\/h3>\n<p class=\"\" data-start=\"499\" data-end=\"789\">Till skillnad fr\u00e5n traditionella motionscyklar har NordiCore 900A Pro ett luftbaserat motst\u00e5ndssystem d\u00e4r mer motst\u00e5nd genereras ju h\u00e5rdare du trampar och trycker p\u00e5 handtagen. Det inneb\u00e4r att motst\u00e5ndet \u00e4r obegr\u00e4nsat &#8211; perfekt f\u00f6r b\u00e5de h\u00f6gintensiv tr\u00e4ning och skonsam rehabilitering. <\/p>\n<ul data-start=\"791\" data-end=\"1207\">\n<li class=\"\" data-start=\"791\" data-end=\"913\">\n<p class=\"\" data-start=\"793\" data-end=\"913\">Handtagen r\u00f6r sig i takt med dina ben f\u00f6r en helkroppstr\u00e4ning som aktiverar b\u00e5de \u00f6ver- och underkroppen.<\/p>\n<\/li>\n<li class=\"\" data-start=\"914\" data-end=\"1045\">\n<p class=\"\" data-start=\"916\" data-end=\"1045\">Pedalerna arbetar i symbios med luftmotst\u00e5ndssystemet s\u00e5 att du kan styra intensiteten &#8211; fr\u00e5n en l\u00e4tt uppv\u00e4rmning till maximal sprint.<\/p>\n<\/li>\n<li class=\"\" data-start=\"1046\" data-end=\"1207\">\n<p class=\"\" data-start=\"1048\" data-end=\"1207\">Det kraftfulla luftmotst\u00e5ndssystemet har en diameter p\u00e5 70 cm och \u00e4r tillverkat av h\u00f6gkvalitativt rostfritt st\u00e5l, vilket skapar extra starka motst\u00e5ndsniv\u00e5er.<\/p>\n<\/li>\n<\/ul>\n<hr class=\"\" data-start=\"989\" data-end=\"992\">\n<h4 data-start=\"1209\" data-end=\"1270\">Remdrift f\u00f6r en tyst och underh\u00e5llsfri upplevelse<\/h4>\n<p class=\"\" data-start=\"1272\" data-end=\"1400\">Till skillnad fr\u00e5n traditionella airbikes som anv\u00e4nder kedjedrift \u00e4r NordiCore 900A Pro utrustad med ett avancerat remdrivningssystem.<\/p>\n<ul data-start=\"1402\" data-end=\"1659\">\n<li class=\"\" data-start=\"1402\" data-end=\"1501\">\n<p class=\"\" data-start=\"1404\" data-end=\"1501\">Tyst drift &#8211; Mindre buller \u00e4n kedjedrag f\u00f6r en bekv\u00e4mare tr\u00e4ningsupplevelse.<\/p>\n<\/li>\n<li class=\"\" data-start=\"1502\" data-end=\"1584\">\n<p class=\"\" data-start=\"1504\" data-end=\"1584\">L\u00e5gt underh\u00e5llsbehov &#8211; inget behov av sm\u00f6rjning eller sp\u00e4nning som f\u00f6r kedjor.<\/p>\n<\/li>\n<li class=\"\" data-start=\"1585\" data-end=\"1659\">\n<p class=\"\" data-start=\"1587\" data-end=\"1659\">Mjuka och smidiga r\u00f6relser &#8211; ger ett j\u00e4mnare motst\u00e5nd utan ryck.<\/p>\n<\/li>\n<\/ul>\n<hr class=\"\" data-start=\"989\" data-end=\"992\">\n<h4>Utformad f\u00f6r funktionalitet och komfort<\/h4>\n<p class=\"\" data-start=\"1705\" data-end=\"1809\">NordiCore 900A Pro \u00e4r inte bara kraftfull &#8211; den \u00e4r ocks\u00e5 utformad med anv\u00e4ndarv\u00e4nlighet och komfort i \u00e5tanke.<\/p>\n<ul data-start=\"1811\" data-end=\"2729\">\n<li class=\"\" data-start=\"1811\" data-end=\"1897\">\n<p class=\"\" data-start=\"1813\" data-end=\"1897\"><strong>F\u00f6rst\u00e4rkta handtag<\/strong> &#8211; F\u00f6r \u00f6kad stabilitet och komfort \u00e4ven under de mest kr\u00e4vande tr\u00e4ningspassen.<\/p>\n<\/li>\n<li class=\"\" data-start=\"1898\" data-end=\"1995\">\n<p class=\"\" data-start=\"1900\" data-end=\"1995\">Justerbar <strong data-start=\"1900\" data-end=\"1919\">sits<\/strong> &#8211; Justerbar upp\u00e5t, ned\u00e5t, fram\u00e5t och bak\u00e5t f\u00f6r att passa alla anv\u00e4ndare.<\/p>\n<\/li>\n<li class=\"\" data-start=\"1996\" data-end=\"2112\">\n<p class=\"\" data-start=\"1998\" data-end=\"2112\"><strong data-start=\"1998\" data-end=\"2020\">Inbyggd dator<\/strong> &#8211; H\u00e5ll koll p\u00e5 din tr\u00e4ning med realtidsdata f\u00f6r tid, hastighet, distans, watt, hj\u00e4rtfrekvens, varvtal med mera.<\/p>\n<\/li>\n<li class=\"\" data-start=\"1996\" data-end=\"2112\">\n<p class=\"\" data-start=\"1998\" data-end=\"2112\"><strong data-start=\"1998\" data-end=\"2020\">Pulsm\u00e4tning &#8211;<\/strong> St\u00f6djer anslutning av pulsb\u00e4lte via Bluetooth f\u00f6r noggrann pulsm\u00e4tning<\/p>\n<\/li>\n<li class=\"\" data-start=\"2113\" data-end=\"2236\">\n<p class=\"\" data-start=\"2115\" data-end=\"2236\"><strong data-start=\"2115\" data-end=\"2137\">Tr\u00e4ningsprogram<\/strong> &#8211; V\u00e4lj bland f\u00f6rinst\u00e4llda program eller skapa dina egna med intervall- och m\u00e5lstyrd tr\u00e4ning f\u00f6r maximal variation.<\/p>\n<\/li>\n<li class=\"\" data-start=\"2237\" data-end=\"2312\">\n<p class=\"\" data-start=\"2239\" data-end=\"2312\"><strong data-start=\"2239\" data-end=\"2260\">H\u00e5llare f\u00f6r vattenflaska<\/strong> &#8211; H\u00e5ll v\u00e4tskebalansen under dina intensiva tr\u00e4ningspass.<\/p>\n<\/li>\n<li class=\"\" data-start=\"2313\" data-end=\"2383\">\n<p class=\"\" data-start=\"2315\" data-end=\"2383\"><strong data-start=\"2315\" data-end=\"2332\">Transporthjul<\/strong> &#8211; g\u00f6r det enkelt att flytta runt cykeln efter behov.<\/p>\n<\/li>\n<li class=\"\" data-start=\"2384\" data-end=\"2502\">\n<p class=\"\" data-start=\"2386\" data-end=\"2502\"><strong data-start=\"2386\" data-end=\"2415\">H\u00e5llare f\u00f6r telefon\/surfplatta<\/strong> &#8211; H\u00e5ll motivationen uppe genom att titta p\u00e5 videor eller f\u00f6lja tr\u00e4ningsappar under tr\u00e4ningspasset.<\/p>\n<\/li>\n<li class=\"\" data-start=\"2503\" data-end=\"2643\">\n<p class=\"\" data-start=\"2505\" data-end=\"2643\"><strong>Halkfria pedaler<\/strong> &#8211; maximalt grepp och komfort oavsett om du tr\u00e4nar med gympaskor eller cykelskor.<\/p>\n<\/li>\n<li class=\"\" data-start=\"2644\" data-end=\"2729\">\n<p class=\"\" data-start=\"2646\" data-end=\"2729\"><strong data-start=\"2646\" data-end=\"2659\">Fotst\u00f6d<\/strong> &#8211; G\u00f6r att du kan vila benen n\u00e4r du tr\u00e4nar med enbart \u00f6verkroppen.<\/p>\n<\/li>\n<\/ul>\n<hr class=\"\" data-start=\"989\" data-end=\"992\">\n<h4 data-start=\"2731\" data-end=\"2788\">Vad \u00e4r skillnaden mellan NordiCore 600A och 900A Pro?<\/h4>\n<div class=\"group pointer-events-none relative flex justify-center *:pointer-events-auto\">\n<div class=\"tableContainer horzScrollShadows relative\">\n<table class=\"min-w-full\" data-start=\"2790\" data-end=\"3698\">\n<thead data-start=\"2790\" data-end=\"2877\">\n<tr data-start=\"2790\" data-end=\"2877\">\n<th data-start=\"2790\" data-end=\"2815\">Funktionalitet<\/th>\n<th data-start=\"2815\" data-end=\"2844\">NordiCore 600A AirBike<\/th>\n<th data-start=\"2844\" data-end=\"2877\">NordiCore 900A AirBike Pro<\/th>\n<\/tr>\n<\/thead>\n<tbody data-start=\"2966\" data-end=\"3698\">\n<tr data-start=\"2966\" data-end=\"3055\">\n<td class=\"max-w-[calc(var(--thread-content-max-width)*2\/3)]\" data-start=\"2966\" data-end=\"2992\"><strong data-start=\"2968\" data-end=\"2987\">Motst\u00e5ndssystem<\/strong><\/td>\n<td class=\"max-w-[calc(var(--thread-content-max-width)*2\/3)]\" data-start=\"2992\" data-end=\"3021\">Luftmotst\u00e5nd<\/td>\n<td class=\"max-w-[calc(var(--thread-content-max-width)*2\/3)]\" data-start=\"3021\" data-end=\"3055\">Luftmotst\u00e5nd (f\u00f6rb\u00e4ttrat system)<\/td>\n<\/tr>\n<tr data-start=\"3056\" data-end=\"3152\">\n<td class=\"max-w-[calc(var(--thread-content-max-width)*2\/3)]\" data-start=\"3056\" data-end=\"3082\"><strong data-start=\"3058\" data-end=\"3074\">Konstruktion<\/strong><\/td>\n<td class=\"max-w-[calc(var(--thread-content-max-width)*2\/3)]\" data-start=\"3082\" data-end=\"3111\">Ram av st\u00e5l<\/td>\n<td class=\"max-w-[calc(var(--thread-content-max-width)*2\/3)]\" data-start=\"3111\" data-end=\"3152\">F\u00f6rst\u00e4rkt st\u00e5lram, \u00f6kad stabilitet<\/td>\n<\/tr>\n<tr data-start=\"3153\" data-end=\"3241\">\n<td class=\"max-w-[calc(var(--thread-content-max-width)*2\/3)]\" data-start=\"3153\" data-end=\"3179\"><strong data-start=\"3155\" data-end=\"3169\">Drivsystem<\/strong><\/td>\n<td class=\"max-w-[calc(var(--thread-content-max-width)*2\/3)]\" data-start=\"3179\" data-end=\"3208\">Kedjedrivning<\/td>\n<td class=\"max-w-[calc(var(--thread-content-max-width)*2\/3)]\" data-start=\"3208\" data-end=\"3241\">Remdrivning<\/td>\n<\/tr>\n<tr data-start=\"3242\" data-end=\"3330\">\n<td class=\"max-w-[calc(var(--thread-content-max-width)*2\/3)]\" data-start=\"3242\" data-end=\"3268\"><strong data-start=\"3244\" data-end=\"3267\">Pedaler med halkskydd<\/strong><\/td>\n<td class=\"max-w-[calc(var(--thread-content-max-width)*2\/3)]\" data-start=\"3268\" data-end=\"3297\">Ja, ja, ja<\/td>\n<td class=\"max-w-[calc(var(--thread-content-max-width)*2\/3)]\" data-start=\"3297\" data-end=\"3330\">Ja, ja, ja, ja<\/td>\n<\/tr>\n<tr data-start=\"3331\" data-end=\"3425\">\n<td class=\"max-w-[calc(var(--thread-content-max-width)*2\/3)]\" data-start=\"3331\" data-end=\"3357\"><strong data-start=\"3333\" data-end=\"3344\">Handtag<\/strong><\/td>\n<td class=\"max-w-[calc(var(--thread-content-max-width)*2\/3)]\" data-start=\"3357\" data-end=\"3388\">Ergonomiska standardhandtag<\/td>\n<td class=\"max-w-[calc(var(--thread-content-max-width)*2\/3)]\" data-start=\"3388\" data-end=\"3425\">F\u00f6rst\u00e4rkta handtag<\/td>\n<\/tr>\n<tr data-start=\"3426\" data-end=\"3520\">\n<td class=\"max-w-[calc(var(--thread-content-max-width)*2\/3)]\" data-start=\"3426\" data-end=\"3452\"><strong data-start=\"3428\" data-end=\"3443\">Komfort i s\u00e4tet<\/strong><\/td>\n<td class=\"max-w-[calc(var(--thread-content-max-width)*2\/3)]\" data-start=\"3452\" data-end=\"3481\">Justerbart komforts\u00e4te<\/td>\n<td class=\"max-w-[calc(var(--thread-content-max-width)*2\/3)]\" data-start=\"3481\" data-end=\"3520\">F\u00f6rb\u00e4ttrad sits med extra stoppning<\/td>\n<\/tr>\n<tr data-start=\"3521\" data-end=\"3609\">\n<td class=\"max-w-[calc(var(--thread-content-max-width)*2\/3)]\" data-start=\"3521\" data-end=\"3547\"><strong data-start=\"3523\" data-end=\"3531\">Vikt (kg)<\/strong><\/td>\n<td class=\"max-w-[calc(var(--thread-content-max-width)*2\/3)]\" data-start=\"3547\" data-end=\"3576\">49 kg<\/td>\n<td class=\"max-w-[calc(var(--thread-content-max-width)*2\/3)]\" data-start=\"3576\" data-end=\"3609\">57 kg<\/td>\n<\/tr>\n<tr data-start=\"3610\" data-end=\"3698\">\n<td class=\"max-w-[calc(var(--thread-content-max-width)*2\/3)]\" data-start=\"3610\" data-end=\"3636\"><strong data-start=\"3612\" data-end=\"3627\">M\u00e5tt (LxBxH)<\/strong><\/td>\n<td class=\"max-w-[calc(var(--thread-content-max-width)*2\/3)]\" data-start=\"3636\" data-end=\"3665\">1340 \u00d7 590 \u00d7 1250 mm<\/td>\n<td class=\"max-w-[calc(var(--thread-content-max-width)*2\/3)]\" data-start=\"3665\" data-end=\"3698\">1380 \u00d7 550 \u00d7 1350 mm<\/td>\n<\/tr>\n<\/tbody>\n<\/table>\n<\/div>\n<\/div>\n<p class=\"\" data-start=\"3989\" data-end=\"4088\">Om du vill ha en airbike som aldrig g\u00f6r dig besviken \u00e4r NordiCore 900A Pro det sj\u00e4lvklara valet.<\/p>\n","protected":false},"excerpt":{"rendered":"<p>NordiCore 900A Pro AirBike &#8211; N\u00e4r bara det b\u00e4sta \u00e4r tillr\u00e4ckligt NordiCore 900A Pro AirBike \u00e4r utformad f\u00f6r dem som kr\u00e4ver det ultimata inom konditionstr\u00e4ning. Med en extra robust, f\u00f6rst\u00e4rkt st\u00e5lkonstruktion \u00e4r denna airbike byggd f\u00f6r intensiv anv\u00e4ndning &#8211; perfekt f\u00f6r CrossFit, kommersiella gym, kampsportsklubbar och CrossFit-boxar. Oavsett om du \u00e4r en professionell idrottsman eller [&#8230;]\n","protected":false},"featured_media":2644,"comment_status":"open","ping_status":"closed","template":"","meta":[],"product_brand":[],"product_cat":[192,194,193],"product_tag":[],"class_list":{"0":"post-2753","1":"product","2":"type-product","3":"status-publish","4":"has-post-thumbnail","6":"product_cat-konditionstraening","7":"product_cat-luftcyklar","8":"product_cat-traeningscyklar","9":"product_shipping_class-stora-leveranser","11":"first","12":"outofstock","13":"sale","14":"taxable","15":"shipping-taxable","16":"purchasable","17":"product-type-simple"},"_links":{"self":[{"href":"https:\/\/nordicore.dk\/sv\/wp-json\/wp\/v2\/product\/2753","targetHints":{"allow":["GET"]}}],"collection":[{"href":"https:\/\/nordicore.dk\/sv\/wp-json\/wp\/v2\/product"}],"about":[{"href":"https:\/\/nordicore.dk\/sv\/wp-json\/wp\/v2\/types\/product"}],"replies":[{"embeddable":true,"href":"https:\/\/nordicore.dk\/sv\/wp-json\/wp\/v2\/comments?post=2753"}],"wp:featuredmedia":[{"embeddable":true,"href":"https:\/\/nordicore.dk\/sv\/wp-json\/wp\/v2\/media\/2644"}],"wp:attachment":[{"href":"https:\/\/nordicore.dk\/sv\/wp-json\/wp\/v2\/media?parent=2753"}],"wp:term":[{"taxonomy":"product_brand","embeddable":true,"href":"https:\/\/nordicore.dk\/sv\/wp-json\/wp\/v2\/product_brand?post=2753"},{"taxonomy":"product_cat","embeddable":true,"href":"https:\/\/nordicore.dk\/sv\/wp-json\/wp\/v2\/product_cat?post=2753"},{"taxonomy":"product_tag","embeddable":true,"href":"https:\/\/nordicore.dk\/sv\/wp-json\/wp\/v2\/product_tag?post=2753"}],"curies":[{"name":"wp","href":"https:\/\/api.w.org\/{rel}","templated":true}]}}