{"id":2751,"date":"2025-04-29T16:54:08","date_gmt":"2025-04-29T16:54:08","guid":{"rendered":"https:\/\/nordicore.dk\/vare\/skivstaang-180-cm\/"},"modified":"2025-11-20T09:55:28","modified_gmt":"2025-11-20T09:55:28","slug":"skivstaang-180-cm","status":"publish","type":"product","link":"https:\/\/nordicore.dk\/sv\/vare\/skivstaang-180-cm\/","title":{"rendered":"Skivst\u00e5ng &#8211; 180 cm"},"content":{"rendered":"<p class=\"\" data-start=\"244\" data-end=\"571\">NordiCore 180 cm skivst\u00e5ng \u00e4r ett bra val f\u00f6r hemmatr\u00e4ning. Med en l\u00e4ngd och vikt som passar perfekt f\u00f6r \u00f6vningar som b\u00e4nkpress, kn\u00e4b\u00f6j och marklyft \u00e4r den idealisk f\u00f6r b\u00e5de nyb\u00f6rjare och erfarna anv\u00e4ndare. Den passar viktskivor med en h\u00e5ldiameter p\u00e5 25 mm+ och levereras med tv\u00e5 stj\u00e4rnl\u00e5s f\u00f6r att s\u00e4kerst\u00e4lla stabil fixering under tr\u00e4ning.<\/p>\n<ul data-start=\"573\" data-end=\"734\">\n<li class=\"\" data-start=\"573\" data-end=\"591\">\n<p class=\"\" data-start=\"575\" data-end=\"591\">L\u00e4ngd: 180 cm<\/p>\n<\/li>\n<li class=\"\" data-start=\"592\" data-end=\"607\">\n<p class=\"\" data-start=\"594\" data-end=\"607\">Vikt: 11 kg<\/p>\n<\/li>\n<li class=\"\" data-start=\"608\" data-end=\"627\">\n<p class=\"\" data-start=\"610\" data-end=\"627\">Diameter: 25 mm<\/p>\n<\/li>\n<li class=\"\" data-start=\"628\" data-end=\"651\">\n<p class=\"\" data-start=\"630\" data-end=\"651\">Inkl. 2 stj\u00e4rnl\u00e5s<\/p>\n<\/li>\n<li class=\"\" data-start=\"652\" data-end=\"680\">\n<p class=\"\" data-start=\"654\" data-end=\"680\">Max. belastning: 200 kg<\/p>\n<\/li>\n<li class=\"\" data-start=\"681\" data-end=\"712\">\n<p class=\"\" data-start=\"683\" data-end=\"712\">Passar skivor med vikt 25 mm+.<\/p>\n<\/li>\n<\/ul>\n","protected":false},"excerpt":{"rendered":"<p>NordiCore 180 cm skivst\u00e5ng \u00e4r ett bra val f\u00f6r hemmatr\u00e4ning. Med en l\u00e4ngd och vikt som passar perfekt f\u00f6r \u00f6vningar som b\u00e4nkpress, kn\u00e4b\u00f6j och marklyft \u00e4r den idealisk f\u00f6r b\u00e5de nyb\u00f6rjare och erfarna anv\u00e4ndare. Den passar viktskivor med en h\u00e5ldiameter p\u00e5 25 mm+ och levereras med tv\u00e5 stj\u00e4rnl\u00e5s f\u00f6r att s\u00e4kerst\u00e4lla stabil fixering under tr\u00e4ning. [&#8230;]\n","protected":false},"featured_media":2430,"comment_status":"open","ping_status":"closed","template":"","meta":[],"product_brand":[],"product_cat":[169,202,164],"product_tag":[],"class_list":{"0":"post-2751","1":"product","2":"type-product","3":"status-publish","4":"has-post-thumbnail","6":"product_cat-skivstaenger","7":"product_cat-standard-skivstaenger","8":"product_cat-styrketraening-sv","10":"first","11":"instock","12":"taxable","13":"shipping-taxable","14":"purchasable","15":"product-type-simple"},"_links":{"self":[{"href":"https:\/\/nordicore.dk\/sv\/wp-json\/wp\/v2\/product\/2751","targetHints":{"allow":["GET"]}}],"collection":[{"href":"https:\/\/nordicore.dk\/sv\/wp-json\/wp\/v2\/product"}],"about":[{"href":"https:\/\/nordicore.dk\/sv\/wp-json\/wp\/v2\/types\/product"}],"replies":[{"embeddable":true,"href":"https:\/\/nordicore.dk\/sv\/wp-json\/wp\/v2\/comments?post=2751"}],"wp:featuredmedia":[{"embeddable":true,"href":"https:\/\/nordicore.dk\/sv\/wp-json\/wp\/v2\/media\/2430"}],"wp:attachment":[{"href":"https:\/\/nordicore.dk\/sv\/wp-json\/wp\/v2\/media?parent=2751"}],"wp:term":[{"taxonomy":"product_brand","embeddable":true,"href":"https:\/\/nordicore.dk\/sv\/wp-json\/wp\/v2\/product_brand?post=2751"},{"taxonomy":"product_cat","embeddable":true,"href":"https:\/\/nordicore.dk\/sv\/wp-json\/wp\/v2\/product_cat?post=2751"},{"taxonomy":"product_tag","embeddable":true,"href":"https:\/\/nordicore.dk\/sv\/wp-json\/wp\/v2\/product_tag?post=2751"}],"curies":[{"name":"wp","href":"https:\/\/api.w.org\/{rel}","templated":true}]}}