{"id":2747,"date":"2025-04-29T03:36:29","date_gmt":"2025-04-29T03:36:29","guid":{"rendered":"https:\/\/nordicore.dk\/vare\/traeningsgolv-50x50x2-cm-gummi\/"},"modified":"2025-12-19T12:31:55","modified_gmt":"2025-12-19T12:31:55","slug":"traeningsgolv-50x50x2-cm-gummi","status":"publish","type":"product","link":"https:\/\/nordicore.dk\/sv\/vare\/traeningsgolv-50x50x2-cm-gummi\/","title":{"rendered":"Tr\u00e4ningsgolv 50x50x2 cm &#8211; Gummi"},"content":{"rendered":"<p class=\"\" data-start=\"422\" data-end=\"618\">Skydda ditt golv och f\u00f6rb\u00e4ttra din tr\u00e4ningsmilj\u00f6 med NordiCore Rubber Fitness Floor. Denna slitstarka gummimatta p\u00e5 50\u00d750 cm och 20 mm tjocklek \u00e4r perfekt f\u00f6r b\u00e5de hemmagym och professionella fitnesscenter. <\/p>\n<hr class=\"\" data-start=\"989\" data-end=\"992\">\n<h4 data-start=\"620\" data-end=\"633\"><strong data-start=\"620\" data-end=\"631\">F\u00f6rm\u00e5ner och f\u00f6rdelar<\/strong><\/h4>\n<ul>\n<li data-start=\"620\" data-end=\"633\"><strong data-start=\"441\" data-end=\"461\">Enkel installation<\/strong> &#8211; ligger stabilt p\u00e5 golvet utan behov av lim eller f\u00e4stanordningar<\/li>\n<li><strong data-start=\"530\" data-end=\"567\">St\u00f6td\u00e4mpande och ljudd\u00e4mpande<\/strong> &#8211; D\u00e4mpar st\u00f6tar och minskar buller fr\u00e5n tunga lyft<\/li>\n<li><strong data-start=\"619\" data-end=\"641\">Halkfri yta<\/strong> &#8211; ger en s\u00e4ker och stabil yta under tr\u00e4ningen<\/li>\n<li><strong data-start=\"700\" data-end=\"723\">Robust och slitstark<\/strong> &#8211; 2 cm tjocklek skyddar golvet och klarar intensiv anv\u00e4ndning<\/li>\n<li><strong data-start=\"791\" data-end=\"807\">Minimal lukt<\/strong> &#8211; Tillverkad av h\u00f6gkvalitativt gummi med minskad luktol\u00e4genhet<\/li>\n<\/ul>\n<p class=\"\" data-start=\"801\" data-end=\"862\">Perfekt f\u00f6r att skydda golvet vid tunga lyft och maskiner.<\/p>\n","protected":false},"excerpt":{"rendered":"<p>Skydda ditt golv och f\u00f6rb\u00e4ttra din tr\u00e4ningsmilj\u00f6 med NordiCore Rubber Fitness Floor. Denna slitstarka gummimatta p\u00e5 50\u00d750 cm och 20 mm tjocklek \u00e4r perfekt f\u00f6r b\u00e5de hemmagym och professionella fitnesscenter. F\u00f6rm\u00e5ner och f\u00f6rdelar Enkel installation &#8211; ligger stabilt p\u00e5 golvet utan behov av lim eller f\u00e4stanordningar St\u00f6td\u00e4mpande och ljudd\u00e4mpande &#8211; D\u00e4mpar st\u00f6tar och minskar buller [&#8230;]\n","protected":false},"featured_media":2381,"comment_status":"open","ping_status":"closed","template":"","meta":[],"product_brand":[],"product_cat":[199,171,173,198],"product_tag":[],"class_list":{"0":"post-2747","1":"product","2":"type-product","3":"status-publish","4":"has-post-thumbnail","6":"product_cat-fitnessgolv","7":"product_cat-tillbehoer","8":"product_cat-tillbehoer-foer-multimaskiner","9":"product_cat-underlaegg","11":"first","12":"instock","13":"taxable","14":"shipping-taxable","15":"purchasable","16":"product-type-variable","17":"wvs-archive-product-wrapper"},"_links":{"self":[{"href":"https:\/\/nordicore.dk\/sv\/wp-json\/wp\/v2\/product\/2747","targetHints":{"allow":["GET"]}}],"collection":[{"href":"https:\/\/nordicore.dk\/sv\/wp-json\/wp\/v2\/product"}],"about":[{"href":"https:\/\/nordicore.dk\/sv\/wp-json\/wp\/v2\/types\/product"}],"replies":[{"embeddable":true,"href":"https:\/\/nordicore.dk\/sv\/wp-json\/wp\/v2\/comments?post=2747"}],"wp:featuredmedia":[{"embeddable":true,"href":"https:\/\/nordicore.dk\/sv\/wp-json\/wp\/v2\/media\/2381"}],"wp:attachment":[{"href":"https:\/\/nordicore.dk\/sv\/wp-json\/wp\/v2\/media?parent=2747"}],"wp:term":[{"taxonomy":"product_brand","embeddable":true,"href":"https:\/\/nordicore.dk\/sv\/wp-json\/wp\/v2\/product_brand?post=2747"},{"taxonomy":"product_cat","embeddable":true,"href":"https:\/\/nordicore.dk\/sv\/wp-json\/wp\/v2\/product_cat?post=2747"},{"taxonomy":"product_tag","embeddable":true,"href":"https:\/\/nordicore.dk\/sv\/wp-json\/wp\/v2\/product_tag?post=2747"}],"curies":[{"name":"wp","href":"https:\/\/api.w.org\/{rel}","templated":true}]}}