{"id":2746,"date":"2025-04-29T03:11:56","date_gmt":"2025-04-29T03:11:56","guid":{"rendered":"https:\/\/nordicore.dk\/vare\/traeningsgolv-4-st-63x63x1-cm-skumgummi\/"},"modified":"2026-03-18T21:44:34","modified_gmt":"2026-03-18T21:44:34","slug":"traeningsgolv-4-st-63x63x1-cm-skumgummi","status":"publish","type":"product","link":"https:\/\/nordicore.dk\/sv\/vare\/traeningsgolv-4-st-63x63x1-cm-skumgummi\/","title":{"rendered":"Tr\u00e4ningsgolv 4 st. 63\u00d763&#215;1 cm &#8211; Skumgummi"},"content":{"rendered":"<p class=\"\" data-start=\"151\" data-end=\"357\">NordiCore Foam Fitness Floor skyddar ditt golv fr\u00e5n repor och skador samtidigt som det skapar en stabil och s\u00e4ker tr\u00e4ningsyta. Perfekt f\u00f6r hemmagym, fitnesscenter och andra tr\u00e4ningsytor. <\/p>\n<hr class=\"\" data-start=\"989\" data-end=\"992\">\n<h4 data-start=\"359\" data-end=\"379\">Viktiga egenskaper:<\/h4>\n<ul data-start=\"380\" data-end=\"834\">\n<li class=\"\" data-start=\"380\" data-end=\"473\">\n<p class=\"\" data-start=\"382\" data-end=\"473\"><strong data-start=\"382\" data-end=\"406\">Slitstarkt material<\/strong> &#8211; Flexibelt och slitstarkt skumgummi som \u00e4r motst\u00e5ndskraftigt mot repor och n\u00f6tning.<\/p>\n<\/li>\n<li class=\"\" data-start=\"474\" data-end=\"576\">\n<p class=\"\" data-start=\"476\" data-end=\"576\"><strong data-start=\"476\" data-end=\"515\">St\u00f6td\u00e4mpande och bullerd\u00e4mpande &#8211; reducerar<\/strong> effektivt buller och st\u00f6tar vid anv\u00e4ndning av tung utrustning.<\/p>\n<\/li>\n<li class=\"\" data-start=\"577\" data-end=\"661\">\n<p class=\"\" data-start=\"579\" data-end=\"661\"><strong data-start=\"579\" data-end=\"602\">Halkfri baksida<\/strong> &#8211; \u00f6kar friktionen och s\u00e4kerst\u00e4ller att golvet h\u00e5lls p\u00e5 plats.<\/p>\n<\/li>\n<li class=\"\" data-start=\"662\" data-end=\"739\">\n<p class=\"\" data-start=\"664\" data-end=\"739\"><strong data-start=\"664\" data-end=\"693\">L\u00e4tt att reng\u00f6ra och anv\u00e4nda<\/strong> &#8211; L\u00e4tt att montera och reng\u00f6ra med en fuktig trasa.<\/p>\n<\/li>\n<li class=\"\" data-start=\"740\" data-end=\"834\">\n<p class=\"\" data-start=\"742\" data-end=\"834\"><strong data-start=\"742\" data-end=\"773\">M\u00e5ngsidig<\/strong> &#8211; Perfekt f\u00f6r hemmet, gymmet, garaget och mycket mer.<\/p>\n<\/li>\n<\/ul>\n<hr class=\"\" data-start=\"989\" data-end=\"992\">\n<h4 data-start=\"836\" data-end=\"856\">Specifikationer:<\/h4>\n<ul data-start=\"857\" data-end=\"953\">\n<li class=\"\" data-start=\"857\" data-end=\"874\">\n<p class=\"\" data-start=\"859\" data-end=\"874\">f\u00e4rg: Svart<\/p>\n<\/li>\n<li class=\"\" data-start=\"875\" data-end=\"901\">\n<p class=\"\" data-start=\"877\" data-end=\"901\">Material: Skumgummi<\/p>\n<\/li>\n<li class=\"\" data-start=\"902\" data-end=\"931\">\n<p class=\"\" data-start=\"904\" data-end=\"931\">M\u00e5tt: 63 x 63 cm (B x L)<\/p>\n<\/li>\n<li class=\"\" data-start=\"932\" data-end=\"953\">\n<p class=\"\" data-start=\"934\" data-end=\"953\">Tjocklek: 10 mm<\/p>\n<\/li>\n<\/ul>\n<hr class=\"\" data-start=\"989\" data-end=\"992\">\n<h4 data-start=\"955\" data-end=\"977\">F\u00f6rpackningen inneh\u00e5ller:<\/h4>\n<ul data-start=\"978\" data-end=\"1008\">\n<li class=\"\" data-start=\"978\" data-end=\"995\">\n<p class=\"\" data-start=\"980\" data-end=\"995\">4 x Fitnessgolv<\/p>\n<\/li>\n<li class=\"\" data-start=\"996\" data-end=\"1008\">\n<p class=\"\" data-start=\"998\" data-end=\"1008\">8 x kanter<\/p>\n<\/li>\n<\/ul>\n","protected":false},"excerpt":{"rendered":"<p>NordiCore Foam Fitness Floor skyddar ditt golv fr\u00e5n repor och skador samtidigt som det skapar en stabil och s\u00e4ker tr\u00e4ningsyta. Perfekt f\u00f6r hemmagym, fitnesscenter och andra tr\u00e4ningsytor. Viktiga egenskaper: Slitstarkt material &#8211; Flexibelt och slitstarkt skumgummi som \u00e4r motst\u00e5ndskraftigt mot repor och n\u00f6tning. St\u00f6td\u00e4mpande och bullerd\u00e4mpande &#8211; reducerar effektivt buller och st\u00f6tar vid anv\u00e4ndning av [&#8230;]\n","protected":false},"featured_media":2322,"comment_status":"open","ping_status":"closed","template":"","meta":[],"product_brand":[],"product_cat":[199,171,198],"product_tag":[],"class_list":{"0":"post-2746","1":"product","2":"type-product","3":"status-publish","4":"has-post-thumbnail","6":"product_cat-fitnessgolv","7":"product_cat-tillbehoer","8":"product_cat-underlaegg","10":"first","11":"instock","12":"sale","13":"taxable","14":"shipping-taxable","15":"purchasable","16":"product-type-variable","17":"wvs-archive-product-wrapper"},"_links":{"self":[{"href":"https:\/\/nordicore.dk\/sv\/wp-json\/wp\/v2\/product\/2746","targetHints":{"allow":["GET"]}}],"collection":[{"href":"https:\/\/nordicore.dk\/sv\/wp-json\/wp\/v2\/product"}],"about":[{"href":"https:\/\/nordicore.dk\/sv\/wp-json\/wp\/v2\/types\/product"}],"replies":[{"embeddable":true,"href":"https:\/\/nordicore.dk\/sv\/wp-json\/wp\/v2\/comments?post=2746"}],"wp:featuredmedia":[{"embeddable":true,"href":"https:\/\/nordicore.dk\/sv\/wp-json\/wp\/v2\/media\/2322"}],"wp:attachment":[{"href":"https:\/\/nordicore.dk\/sv\/wp-json\/wp\/v2\/media?parent=2746"}],"wp:term":[{"taxonomy":"product_brand","embeddable":true,"href":"https:\/\/nordicore.dk\/sv\/wp-json\/wp\/v2\/product_brand?post=2746"},{"taxonomy":"product_cat","embeddable":true,"href":"https:\/\/nordicore.dk\/sv\/wp-json\/wp\/v2\/product_cat?post=2746"},{"taxonomy":"product_tag","embeddable":true,"href":"https:\/\/nordicore.dk\/sv\/wp-json\/wp\/v2\/product_tag?post=2746"}],"curies":[{"name":"wp","href":"https:\/\/api.w.org\/{rel}","templated":true}]}}