{"id":2745,"date":"2025-04-29T02:53:33","date_gmt":"2025-04-29T02:53:33","guid":{"rendered":"https:\/\/nordicore.dk\/vare\/anslut-baelte-foer-hjaertfrekvens\/"},"modified":"2025-07-12T01:20:42","modified_gmt":"2025-07-12T01:20:42","slug":"anslut-baelte-foer-hjaertfrekvens","status":"publish","type":"product","link":"https:\/\/nordicore.dk\/sv\/vare\/anslut-baelte-foer-hjaertfrekvens\/","title":{"rendered":"Anslut b\u00e4lte f\u00f6r hj\u00e4rtfrekvens"},"content":{"rendered":"<p class=\"\" data-start=\"180\" data-end=\"423\">NordiCore Heart Rate Belt Connect erbjuder exakt och tillf\u00f6rlitlig pulsm\u00e4tning f\u00f6r alla typer av tr\u00e4ning. Det \u00e4r kompatibelt med tr\u00e4ningsappar som KinoMap och tr\u00e4ningsutrustning och g\u00f6r att du kan m\u00e4ta din puls p\u00e5 ett effektivt s\u00e4tt &#8211; b\u00e5de p\u00e5 utrustningen och via appar. <\/p>\n<hr class=\"\" data-start=\"989\" data-end=\"992\">\n<h4 data-start=\"425\" data-end=\"445\">Viktiga egenskaper:<\/h4>\n<ul data-start=\"446\" data-end=\"759\">\n<li class=\"\" data-start=\"446\" data-end=\"538\">\n<p class=\"\" data-start=\"448\" data-end=\"538\"><strong data-start=\"448\" data-end=\"489\">Kompatibel<\/strong> med appar och tr\u00e4ningsutrustning &#8211; Anslut till appar som KinoMap och tr\u00e4ningsutrustning.<\/p>\n<\/li>\n<li class=\"\" data-start=\"539\" data-end=\"600\">\n<p class=\"\" data-start=\"541\" data-end=\"600\"><strong data-start=\"541\" data-end=\"564\">L\u00e5ng batteritid<\/strong> &#8211; upp till 300 timmar p\u00e5 en laddning.<\/p>\n<\/li>\n<li class=\"\" data-start=\"601\" data-end=\"672\">\n<p class=\"\" data-start=\"603\" data-end=\"672\"><strong data-start=\"603\" data-end=\"628\">Tre \u00f6verf\u00f6ringsv\u00e4gar<\/strong> &#8211; f\u00f6r optimal anslutningsm\u00f6jlighet och flexibilitet.<\/p>\n<\/li>\n<li class=\"\" data-start=\"673\" data-end=\"759\">\n<p class=\"\" data-start=\"675\" data-end=\"759\"><strong data-start=\"675\" data-end=\"702\">Exakt och stabil m\u00e4tning<\/strong> &#8211; perfekt f\u00f6r l\u00f6pning, cykling, styrketr\u00e4ning och mycket mer.<\/p>\n<\/li>\n<\/ul>\n<p class=\"\" data-start=\"761\" data-end=\"886\">NordiCore Heart Rate Belt Connect \u00e4r utformad f\u00f6r b\u00e5de hemmabruk och fitnessentusiaster som vill ha exakta data f\u00f6r sin tr\u00e4ning.<\/p>\n","protected":false},"excerpt":{"rendered":"<p>NordiCore Heart Rate Belt Connect erbjuder exakt och tillf\u00f6rlitlig pulsm\u00e4tning f\u00f6r alla typer av tr\u00e4ning. Det \u00e4r kompatibelt med tr\u00e4ningsappar som KinoMap och tr\u00e4ningsutrustning och g\u00f6r att du kan m\u00e4ta din puls p\u00e5 ett effektivt s\u00e4tt &#8211; b\u00e5de p\u00e5 utrustningen och via appar. Viktiga egenskaper: Kompatibel med appar och tr\u00e4ningsutrustning &#8211; Anslut till appar som [&#8230;]\n","protected":false},"featured_media":4244,"comment_status":"open","ping_status":"closed","template":"","meta":[],"product_brand":[],"product_cat":[197,171,172],"product_tag":[],"class_list":{"0":"post-2745","1":"product","2":"type-product","3":"status-publish","4":"has-post-thumbnail","6":"product_cat-baelten-foer-hjaertfrekvens","7":"product_cat-tillbehoer","8":"product_cat-tillbehoer-foer-roddmaskiner","10":"first","11":"instock","12":"taxable","13":"shipping-taxable","14":"purchasable","15":"product-type-simple"},"_links":{"self":[{"href":"https:\/\/nordicore.dk\/sv\/wp-json\/wp\/v2\/product\/2745","targetHints":{"allow":["GET"]}}],"collection":[{"href":"https:\/\/nordicore.dk\/sv\/wp-json\/wp\/v2\/product"}],"about":[{"href":"https:\/\/nordicore.dk\/sv\/wp-json\/wp\/v2\/types\/product"}],"replies":[{"embeddable":true,"href":"https:\/\/nordicore.dk\/sv\/wp-json\/wp\/v2\/comments?post=2745"}],"wp:featuredmedia":[{"embeddable":true,"href":"https:\/\/nordicore.dk\/sv\/wp-json\/wp\/v2\/media\/4244"}],"wp:attachment":[{"href":"https:\/\/nordicore.dk\/sv\/wp-json\/wp\/v2\/media?parent=2745"}],"wp:term":[{"taxonomy":"product_brand","embeddable":true,"href":"https:\/\/nordicore.dk\/sv\/wp-json\/wp\/v2\/product_brand?post=2745"},{"taxonomy":"product_cat","embeddable":true,"href":"https:\/\/nordicore.dk\/sv\/wp-json\/wp\/v2\/product_cat?post=2745"},{"taxonomy":"product_tag","embeddable":true,"href":"https:\/\/nordicore.dk\/sv\/wp-json\/wp\/v2\/product_tag?post=2745"}],"curies":[{"name":"wp","href":"https:\/\/api.w.org\/{rel}","templated":true}]}}