{"id":2744,"date":"2025-04-29T12:15:33","date_gmt":"2025-04-29T12:15:33","guid":{"rendered":"https:\/\/nordicore.dk\/vare\/staell-foer-justerbara-hantlar\/"},"modified":"2025-11-20T09:54:42","modified_gmt":"2025-11-20T09:54:42","slug":"staell-foer-justerbara-hantlar","status":"publish","type":"product","link":"https:\/\/nordicore.dk\/sv\/vare\/staell-foer-justerbara-hantlar\/","title":{"rendered":"St\u00e4ll f\u00f6r justerbara hantlar"},"content":{"rendered":"<p class=\"\" data-start=\"226\" data-end=\"482\">H\u00e5ll ditt tr\u00e4ningsomr\u00e5de organiserat och funktionellt med detta robusta st\u00e4ll f\u00f6r hantlar. St\u00e4llet passar v\u00e5ra justerbara hantlar &#8211; b\u00e5de NC24 (24 kg) och N40 (40 kg) &#8211; och s\u00e4kerst\u00e4ller stabil f\u00f6rvaring med praktiska remmar som h\u00e5ller vikterna s\u00e4kert p\u00e5 plats. <\/p>\n<p class=\"\" data-start=\"484\" data-end=\"654\">Den robusta konstruktionen och den enkla designen g\u00f6r stativet till ett naturligt komplement till din utrustning. Hantlarna finns alltid n\u00e4ra till hands &#8211; utan att ta upp plats eller skapa oreda. <\/p>\n<hr class=\"\" data-start=\"989\" data-end=\"992\">\n<h4>Inneh\u00e5ll<\/h4>\n<ul>\n<li>1 x stativ<\/li>\n<li>  2 x remmar<\/li>\n<\/ul>\n","protected":false},"excerpt":{"rendered":"<p>H\u00e5ll ditt tr\u00e4ningsomr\u00e5de organiserat och funktionellt med detta robusta st\u00e4ll f\u00f6r hantlar. St\u00e4llet passar v\u00e5ra justerbara hantlar &#8211; b\u00e5de NC24 (24 kg) och N40 (40 kg) &#8211; och s\u00e4kerst\u00e4ller stabil f\u00f6rvaring med praktiska remmar som h\u00e5ller vikterna s\u00e4kert p\u00e5 plats. Den robusta konstruktionen och den enkla designen g\u00f6r stativet till ett naturligt komplement till din [&#8230;]\n","protected":false},"featured_media":2385,"comment_status":"open","ping_status":"closed","template":"","meta":[],"product_brand":[],"product_cat":[171,196],"product_tag":[],"class_list":{"0":"post-2744","1":"product","2":"type-product","3":"status-publish","4":"has-post-thumbnail","6":"product_cat-tillbehoer","7":"product_cat-tillbehoer-foer-justerbara-hantlar","9":"first","10":"instock","11":"sale","12":"taxable","13":"shipping-taxable","14":"purchasable","15":"product-type-simple"},"_links":{"self":[{"href":"https:\/\/nordicore.dk\/sv\/wp-json\/wp\/v2\/product\/2744","targetHints":{"allow":["GET"]}}],"collection":[{"href":"https:\/\/nordicore.dk\/sv\/wp-json\/wp\/v2\/product"}],"about":[{"href":"https:\/\/nordicore.dk\/sv\/wp-json\/wp\/v2\/types\/product"}],"replies":[{"embeddable":true,"href":"https:\/\/nordicore.dk\/sv\/wp-json\/wp\/v2\/comments?post=2744"}],"wp:featuredmedia":[{"embeddable":true,"href":"https:\/\/nordicore.dk\/sv\/wp-json\/wp\/v2\/media\/2385"}],"wp:attachment":[{"href":"https:\/\/nordicore.dk\/sv\/wp-json\/wp\/v2\/media?parent=2744"}],"wp:term":[{"taxonomy":"product_brand","embeddable":true,"href":"https:\/\/nordicore.dk\/sv\/wp-json\/wp\/v2\/product_brand?post=2744"},{"taxonomy":"product_cat","embeddable":true,"href":"https:\/\/nordicore.dk\/sv\/wp-json\/wp\/v2\/product_cat?post=2744"},{"taxonomy":"product_tag","embeddable":true,"href":"https:\/\/nordicore.dk\/sv\/wp-json\/wp\/v2\/product_tag?post=2744"}],"curies":[{"name":"wp","href":"https:\/\/api.w.org\/{rel}","templated":true}]}}