{"id":2732,"date":"2025-04-29T16:04:32","date_gmt":"2025-04-29T16:04:32","guid":{"rendered":"https:\/\/nordicore.dk\/vare\/standard-viktplattor\/"},"modified":"2025-11-20T09:55:33","modified_gmt":"2025-11-20T09:55:33","slug":"standard-viktplattor","status":"publish","type":"product","link":"https:\/\/nordicore.dk\/sv\/vare\/standard-viktplattor\/","title":{"rendered":"Standard viktplattor"},"content":{"rendered":"<p class=\"\" data-start=\"229\" data-end=\"400\">NordiCore standardviktskivor \u00e4r ett bra val f\u00f6r hemmatr\u00e4ning. De har en h\u00f6gh\u00e5llfast cementk\u00e4rna som \u00e4r belagd med plast f\u00f6r att skydda golvet och d\u00e4mpa ljud &#8211; perfekt f\u00f6r inomhusbruk. <\/p>\n<p class=\"\" data-start=\"402\" data-end=\"633\">Skivorna passar skivst\u00e4nger med upp till 26 mm h\u00e5ldiameter och finns i storlekar fr\u00e5n 1,25 till 20 kg, s\u00e4ljs styckvis eller i par. De \u00e4r l\u00e4tta att hantera, l\u00e4tta att reng\u00f6ra och l\u00e4mpar sig f\u00f6r allt fr\u00e5n styrketr\u00e4ning till grundl\u00e4ggande konditionstr\u00e4ning. <\/p>\n<p class=\"\" data-start=\"402\" data-end=\"633\">Ett utm\u00e4rkt val f\u00f6r nyb\u00f6rjare som vill komma ig\u00e5ng med hemmatr\u00e4ning utan att spr\u00e4cka budgeten och ett milj\u00f6v\u00e4nligt alternativ till j\u00e4rnskivor.<\/p>\n<hr class=\"\" data-start=\"989\" data-end=\"992\">\n<h4 class=\"\" data-start=\"708\" data-end=\"730\">Produktinformation<\/h4>\n<ul data-start=\"731\" data-end=\"1054\">\n<li class=\"\" data-start=\"731\" data-end=\"799\">\n<p class=\"\" data-start=\"733\" data-end=\"799\">V\u00e4lj mellan: 1,25 kg &#8211; 2,5 kg &#8211; 5 kg &#8211; 10 kg &#8211; 15 kg &#8211; 20 kg<\/p>\n<\/li>\n<li class=\"\" data-start=\"800\" data-end=\"866\">\n<p class=\"\" data-start=\"802\" data-end=\"866\">H\u00e5ldiameter: 26 mm<\/p>\n<\/li>\n<li class=\"\" data-start=\"867\" data-end=\"931\">\n<p class=\"\" data-start=\"869\" data-end=\"931\">Konstruktion: Cementk\u00e4rna med skyddande plastbel\u00e4ggning<\/p>\n<\/li>\n<li class=\"\" data-start=\"932\" data-end=\"970\">\n<p class=\"\" data-start=\"934\" data-end=\"970\">S\u00e4ljs individuellt eller som set<\/p>\n<\/li>\n<li class=\"\" data-start=\"971\" data-end=\"1015\">\n<p class=\"\" data-start=\"973\" data-end=\"1015\">Bullerd\u00e4mpande och golvv\u00e4nlig yta<\/p>\n<\/li>\n<li class=\"\" data-start=\"1016\" data-end=\"1054\">\n<p class=\"\" data-start=\"1018\" data-end=\"1054\">L\u00e4tt att reng\u00f6ra och underh\u00e5lla<\/p>\n<\/li>\n<\/ul>\n","protected":false},"excerpt":{"rendered":"<p>NordiCore standardviktskivor \u00e4r ett bra val f\u00f6r hemmatr\u00e4ning. De har en h\u00f6gh\u00e5llfast cementk\u00e4rna som \u00e4r belagd med plast f\u00f6r att skydda golvet och d\u00e4mpa ljud &#8211; perfekt f\u00f6r inomhusbruk. Skivorna passar skivst\u00e4nger med upp till 26 mm h\u00e5ldiameter och finns i storlekar fr\u00e5n 1,25 till 20 kg, s\u00e4ljs styckvis eller i par. De \u00e4r l\u00e4tta [&#8230;]\n","protected":false},"featured_media":2418,"comment_status":"open","ping_status":"closed","template":"","meta":[],"product_brand":[],"product_cat":[191,164,179],"product_tag":[],"class_list":{"0":"post-2732","1":"product","2":"type-product","3":"status-publish","4":"has-post-thumbnail","6":"product_cat-skivor-med-standardvikt","7":"product_cat-styrketraening-sv","8":"product_cat-viktskivor","10":"first","11":"instock","12":"sale","13":"taxable","14":"shipping-taxable","15":"purchasable","16":"product-type-variable","17":"wvs-archive-product-wrapper"},"_links":{"self":[{"href":"https:\/\/nordicore.dk\/sv\/wp-json\/wp\/v2\/product\/2732","targetHints":{"allow":["GET"]}}],"collection":[{"href":"https:\/\/nordicore.dk\/sv\/wp-json\/wp\/v2\/product"}],"about":[{"href":"https:\/\/nordicore.dk\/sv\/wp-json\/wp\/v2\/types\/product"}],"replies":[{"embeddable":true,"href":"https:\/\/nordicore.dk\/sv\/wp-json\/wp\/v2\/comments?post=2732"}],"wp:featuredmedia":[{"embeddable":true,"href":"https:\/\/nordicore.dk\/sv\/wp-json\/wp\/v2\/media\/2418"}],"wp:attachment":[{"href":"https:\/\/nordicore.dk\/sv\/wp-json\/wp\/v2\/media?parent=2732"}],"wp:term":[{"taxonomy":"product_brand","embeddable":true,"href":"https:\/\/nordicore.dk\/sv\/wp-json\/wp\/v2\/product_brand?post=2732"},{"taxonomy":"product_cat","embeddable":true,"href":"https:\/\/nordicore.dk\/sv\/wp-json\/wp\/v2\/product_cat?post=2732"},{"taxonomy":"product_tag","embeddable":true,"href":"https:\/\/nordicore.dk\/sv\/wp-json\/wp\/v2\/product_tag?post=2732"}],"curies":[{"name":"wp","href":"https:\/\/api.w.org\/{rel}","templated":true}]}}