{"id":2730,"date":"2025-04-29T03:24:11","date_gmt":"2025-04-29T03:24:11","guid":{"rendered":"https:\/\/nordicore.dk\/vare\/t-bar-rodd\/"},"modified":"2025-07-12T01:20:34","modified_gmt":"2025-07-12T01:20:34","slug":"t-bar-rodd","status":"publish","type":"product","link":"https:\/\/nordicore.dk\/sv\/vare\/t-bar-rodd\/","title":{"rendered":"T-bar rodd"},"content":{"rendered":"<p>Tillbeh\u00f6r till din NordiCore MultiMachine eller andra tr\u00e4ningsmaskiner. Perfekt f\u00f6r \u00f6vningar som T-Bar Row som st\u00e4rker rygg, axlar och armar. Perfekt f\u00f6r b\u00e5de hemmatr\u00e4ning och kommersiella tr\u00e4ningscenter.  <\/p>\n<ul>\n<li>M\u00e5tt: 60\u00d729 (LxH)<\/li>\n<li>H\u00e5ldiameter: 55 mm<\/li>\n<li>Kompatibel med alla \u00d850 mm skivst\u00e4nger.<\/li>\n<\/ul>\n","protected":false},"excerpt":{"rendered":"<p>Tillbeh\u00f6r till din NordiCore MultiMachine eller andra tr\u00e4ningsmaskiner. Perfekt f\u00f6r \u00f6vningar som T-Bar Row som st\u00e4rker rygg, axlar och armar. Perfekt f\u00f6r b\u00e5de hemmatr\u00e4ning och kommersiella tr\u00e4ningscenter. M\u00e5tt: 60\u00d729 (LxH) H\u00e5ldiameter: 55 mm Kompatibel med alla \u00d850 mm skivst\u00e4nger.<\/p>\n","protected":false},"featured_media":791,"comment_status":"open","ping_status":"closed","template":"","meta":[],"product_brand":[],"product_cat":[171,173],"product_tag":[],"class_list":{"0":"post-2730","1":"product","2":"type-product","3":"status-publish","4":"has-post-thumbnail","6":"product_cat-tillbehoer","7":"product_cat-tillbehoer-foer-multimaskiner","9":"first","10":"instock","11":"taxable","12":"shipping-taxable","13":"purchasable","14":"product-type-simple"},"_links":{"self":[{"href":"https:\/\/nordicore.dk\/sv\/wp-json\/wp\/v2\/product\/2730","targetHints":{"allow":["GET"]}}],"collection":[{"href":"https:\/\/nordicore.dk\/sv\/wp-json\/wp\/v2\/product"}],"about":[{"href":"https:\/\/nordicore.dk\/sv\/wp-json\/wp\/v2\/types\/product"}],"replies":[{"embeddable":true,"href":"https:\/\/nordicore.dk\/sv\/wp-json\/wp\/v2\/comments?post=2730"}],"wp:featuredmedia":[{"embeddable":true,"href":"https:\/\/nordicore.dk\/sv\/wp-json\/wp\/v2\/media\/791"}],"wp:attachment":[{"href":"https:\/\/nordicore.dk\/sv\/wp-json\/wp\/v2\/media?parent=2730"}],"wp:term":[{"taxonomy":"product_brand","embeddable":true,"href":"https:\/\/nordicore.dk\/sv\/wp-json\/wp\/v2\/product_brand?post=2730"},{"taxonomy":"product_cat","embeddable":true,"href":"https:\/\/nordicore.dk\/sv\/wp-json\/wp\/v2\/product_cat?post=2730"},{"taxonomy":"product_tag","embeddable":true,"href":"https:\/\/nordicore.dk\/sv\/wp-json\/wp\/v2\/product_tag?post=2730"}],"curies":[{"name":"wp","href":"https:\/\/api.w.org\/{rel}","templated":true}]}}