{"id":2729,"date":"2025-04-29T12:21:43","date_gmt":"2025-04-29T12:21:43","guid":{"rendered":"https:\/\/nordicore.dk\/vare\/pt1200-multi-weight-bench-pro\/"},"modified":"2025-11-20T09:54:41","modified_gmt":"2025-11-20T09:54:41","slug":"pt1200-multi-weight-bench-pro","status":"publish","type":"product","link":"https:\/\/nordicore.dk\/sv\/vare\/pt1200-multi-weight-bench-pro\/","title":{"rendered":"PT1200 &#8211; Multi Weight Bench Pro"},"content":{"rendered":"<p class=\"\" data-start=\"203\" data-end=\"428\">NordiCore PT1200 Multi Weight Bench \u00e4r en stabil och m\u00e5ngsidig viktb\u00e4nk som \u00e4r utformad f\u00f6r b\u00e5de hemmagym och kommersiell anv\u00e4ndning. Med ett brett utbud av justeringsalternativ och h\u00f6g lastkapacitet ger den h\u00e4r b\u00e4nken den n\u00f6dv\u00e4ndiga grunden f\u00f6r seri\u00f6s styrketr\u00e4ning. <\/p>\n<hr class=\"\" data-start=\"989\" data-end=\"992\">\n<h4 data-start=\"430\" data-end=\"801\">Funktioner:<\/h4>\n<ul>\n<li data-start=\"430\" data-end=\"801\">13 ryggst\u00f6dsinst\u00e4llningar, 3 sittpositioner och 5 armcurlniv\u00e5er &#8211; f\u00f6r exakt anpassning till tr\u00e4ningen<\/li>\n<li data-start=\"430\" data-end=\"801\">Stiftbaserat justeringssystem f\u00f6r snabb och s\u00e4ker anpassning<\/li>\n<li data-start=\"430\" data-end=\"801\">Avtagbar armcurl- och bentr\u00e4nare med vikth\u00e5llare och medf\u00f6ljande rak dragst\u00e5ng<\/li>\n<li data-start=\"430\" data-end=\"801\">  Lastkapacitet upp till 500 kg<\/li>\n<li data-start=\"430\" data-end=\"801\">  Integrerade hjul f\u00f6r enkel f\u00f6rflyttning<\/li>\n<\/ul>\n<p class=\"\" data-start=\"803\" data-end=\"913\">L\u00e4mpar sig f\u00f6r allt fr\u00e5n tunga lyft till funktionell tr\u00e4ning och rehabilitering &#8211; en komplett l\u00f6sning f\u00f6r kr\u00e4vande anv\u00e4ndare.<\/p>\n","protected":false},"excerpt":{"rendered":"<p>NordiCore PT1200 Multi Weight Bench \u00e4r en stabil och m\u00e5ngsidig viktb\u00e4nk som \u00e4r utformad f\u00f6r b\u00e5de hemmagym och kommersiell anv\u00e4ndning. Med ett brett utbud av justeringsalternativ och h\u00f6g lastkapacitet ger den h\u00e4r b\u00e4nken den n\u00f6dv\u00e4ndiga grunden f\u00f6r seri\u00f6s styrketr\u00e4ning. Funktioner: 13 ryggst\u00f6dsinst\u00e4llningar, 3 sittpositioner och 5 armcurlniv\u00e5er &#8211; f\u00f6r exakt anpassning till tr\u00e4ningen Stiftbaserat justeringssystem [&#8230;]\n","protected":false},"featured_media":2396,"comment_status":"open","ping_status":"closed","template":"","meta":[],"product_brand":[],"product_cat":[164,167],"product_tag":[],"class_list":{"0":"post-2729","1":"product","2":"type-product","3":"status-publish","4":"has-post-thumbnail","6":"product_cat-styrketraening-sv","7":"product_cat-tyngdlyftningsbaenkar","9":"first","10":"instock","11":"sale","12":"taxable","13":"shipping-taxable","14":"purchasable","15":"product-type-simple"},"_links":{"self":[{"href":"https:\/\/nordicore.dk\/sv\/wp-json\/wp\/v2\/product\/2729","targetHints":{"allow":["GET"]}}],"collection":[{"href":"https:\/\/nordicore.dk\/sv\/wp-json\/wp\/v2\/product"}],"about":[{"href":"https:\/\/nordicore.dk\/sv\/wp-json\/wp\/v2\/types\/product"}],"replies":[{"embeddable":true,"href":"https:\/\/nordicore.dk\/sv\/wp-json\/wp\/v2\/comments?post=2729"}],"wp:featuredmedia":[{"embeddable":true,"href":"https:\/\/nordicore.dk\/sv\/wp-json\/wp\/v2\/media\/2396"}],"wp:attachment":[{"href":"https:\/\/nordicore.dk\/sv\/wp-json\/wp\/v2\/media?parent=2729"}],"wp:term":[{"taxonomy":"product_brand","embeddable":true,"href":"https:\/\/nordicore.dk\/sv\/wp-json\/wp\/v2\/product_brand?post=2729"},{"taxonomy":"product_cat","embeddable":true,"href":"https:\/\/nordicore.dk\/sv\/wp-json\/wp\/v2\/product_cat?post=2729"},{"taxonomy":"product_tag","embeddable":true,"href":"https:\/\/nordicore.dk\/sv\/wp-json\/wp\/v2\/product_tag?post=2729"}],"curies":[{"name":"wp","href":"https:\/\/api.w.org\/{rel}","templated":true}]}}