{"id":2724,"date":"2025-04-29T03:27:25","date_gmt":"2025-04-29T03:27:25","guid":{"rendered":"https:\/\/nordicore.dk\/vare\/handtag-foer-roer\/"},"modified":"2025-11-20T09:54:43","modified_gmt":"2025-11-20T09:54:43","slug":"handtag-foer-roer","status":"publish","type":"product","link":"https:\/\/nordicore.dk\/sv\/vare\/handtag-foer-roer\/","title":{"rendered":"Handtag f\u00f6r r\u00f6r"},"content":{"rendered":"<p>Tillbeh\u00f6r till din NordiCore MultiMachine eller andra tr\u00e4ningsmaskiner. Perfekt f\u00f6r tr\u00e4nings\u00f6vningar som t.ex. sittande rodd. Det slitstarka roddhandtaget har en gummerad yta f\u00f6r ett s\u00e4kert grepp, medan den \u00f6vre delen roterar f\u00f6r en j\u00e4mn och naturlig r\u00f6relse som \u00e4r skonsam f\u00f6r handleder och leder.  <\/p>\n","protected":false},"excerpt":{"rendered":"<p>Tillbeh\u00f6r till din NordiCore MultiMachine eller andra tr\u00e4ningsmaskiner. Perfekt f\u00f6r tr\u00e4nings\u00f6vningar som t.ex. sittande rodd. Det slitstarka roddhandtaget har en gummerad yta f\u00f6r ett s\u00e4kert grepp, medan den \u00f6vre delen roterar f\u00f6r en j\u00e4mn och naturlig r\u00f6relse som \u00e4r skonsam f\u00f6r handleder och leder.<\/p>\n","protected":false},"featured_media":793,"comment_status":"open","ping_status":"closed","template":"","meta":[],"product_brand":[],"product_cat":[171,173],"product_tag":[],"class_list":{"0":"post-2724","1":"product","2":"type-product","3":"status-publish","4":"has-post-thumbnail","6":"product_cat-tillbehoer","7":"product_cat-tillbehoer-foer-multimaskiner","9":"first","10":"instock","11":"taxable","12":"shipping-taxable","13":"purchasable","14":"product-type-simple"},"_links":{"self":[{"href":"https:\/\/nordicore.dk\/sv\/wp-json\/wp\/v2\/product\/2724","targetHints":{"allow":["GET"]}}],"collection":[{"href":"https:\/\/nordicore.dk\/sv\/wp-json\/wp\/v2\/product"}],"about":[{"href":"https:\/\/nordicore.dk\/sv\/wp-json\/wp\/v2\/types\/product"}],"replies":[{"embeddable":true,"href":"https:\/\/nordicore.dk\/sv\/wp-json\/wp\/v2\/comments?post=2724"}],"wp:featuredmedia":[{"embeddable":true,"href":"https:\/\/nordicore.dk\/sv\/wp-json\/wp\/v2\/media\/793"}],"wp:attachment":[{"href":"https:\/\/nordicore.dk\/sv\/wp-json\/wp\/v2\/media?parent=2724"}],"wp:term":[{"taxonomy":"product_brand","embeddable":true,"href":"https:\/\/nordicore.dk\/sv\/wp-json\/wp\/v2\/product_brand?post=2724"},{"taxonomy":"product_cat","embeddable":true,"href":"https:\/\/nordicore.dk\/sv\/wp-json\/wp\/v2\/product_cat?post=2724"},{"taxonomy":"product_tag","embeddable":true,"href":"https:\/\/nordicore.dk\/sv\/wp-json\/wp\/v2\/product_tag?post=2724"}],"curies":[{"name":"wp","href":"https:\/\/api.w.org\/{rel}","templated":true}]}}