{"id":2723,"date":"2025-04-28T18:32:23","date_gmt":"2025-04-28T18:32:23","guid":{"rendered":"https:\/\/nordicore.dk\/vare\/skivstaangsuppsaettning-pro-105-kg\/"},"modified":"2025-07-22T16:23:16","modified_gmt":"2025-07-22T16:23:16","slug":"skivstaangsuppsaettning-pro-105-kg","status":"publish","type":"product","link":"https:\/\/nordicore.dk\/sv\/vare\/skivstaangsuppsaettning-pro-105-kg\/","title":{"rendered":"Skivst\u00e5ngsupps\u00e4ttning Pro &#8211; 105 kg"},"content":{"rendered":"<p class=\"\" data-start=\"138\" data-end=\"371\">Ett professionellt skivst\u00e5ngsset som \u00e4r perfekt f\u00f6r b\u00e5de hemmatr\u00e4ning och fitnesscenter. NordiCore 105 kg Barbell Set Pro levereras komplett med viktskivor, olympisk skivst\u00e5ng, l\u00e5s och skivst\u00e5ngsdynor s\u00e5 att du kan b\u00f6rja med effektiv styrketr\u00e4ning direkt. <\/p>\n<hr class=\"\" data-start=\"989\" data-end=\"992\">\n<h4 data-start=\"373\" data-end=\"394\">Inneh\u00e5ll i satsen:<\/h4>\n<ul data-start=\"395\" data-end=\"646\">\n<li class=\"\" data-start=\"395\" data-end=\"436\">\n<p class=\"\" data-start=\"397\" data-end=\"436\">1 x 220 cm olympisk skivst\u00e5ng &#8211; 16 kg, \u00d850 mm<\/p>\n<\/li>\n<li class=\"\" data-start=\"437\" data-end=\"459\">\n<p class=\"\" data-start=\"439\" data-end=\"459\">2 x 20 kg viktskivor<\/p>\n<\/li>\n<li class=\"\" data-start=\"460\" data-end=\"482\">\n<p class=\"\" data-start=\"462\" data-end=\"482\">2 x 15 kg viktskivor<\/p>\n<\/li>\n<li class=\"\" data-start=\"483\" data-end=\"505\">\n<p class=\"\" data-start=\"485\" data-end=\"505\">2 x 10 kg viktskivor<\/p>\n<\/li>\n<li class=\"\" data-start=\"506\" data-end=\"527\">\n<p class=\"\" data-start=\"508\" data-end=\"527\">2 x 5 kg viktskivor<\/p>\n<\/li>\n<li class=\"\" data-start=\"528\" data-end=\"551\">\n<p class=\"\" data-start=\"530\" data-end=\"551\">2 x 2,5 kg viktskivor<\/p>\n<\/li>\n<li class=\"\" data-start=\"552\" data-end=\"589\">\n<p class=\"\" data-start=\"554\" data-end=\"589\">1 x kudde f\u00f6r v\u00e4ggst\u00e5ng (slumpm\u00e4ssig f\u00e4rg)<\/p>\n<\/li>\n<li class=\"\" data-start=\"590\" data-end=\"629\">\n<p class=\"\" data-start=\"592\" data-end=\"629\">2 x snabbl\u00e5sbara k\u00e4ftar (slumpm\u00e4ssig f\u00e4rg)<\/p>\n<\/li>\n<li class=\"\" data-start=\"630\" data-end=\"646\">\n<p class=\"\" data-start=\"632\" data-end=\"646\">2 x fj\u00e4derl\u00e5s<\/p>\n<\/li>\n<\/ul>\n<hr class=\"\" data-start=\"989\" data-end=\"992\">\n<h4 data-start=\"648\" data-end=\"663\">Funktioner:<\/h4>\n<ul data-start=\"664\" data-end=\"981\">\n<li class=\"\" data-start=\"664\" data-end=\"725\">\n<p class=\"\" data-start=\"666\" data-end=\"725\">Tillverkad av massivt gjutj\u00e4rn med slitstark gummibel\u00e4ggning<\/p>\n<\/li>\n<li class=\"\" data-start=\"791\" data-end=\"877\">\n<p class=\"\" data-start=\"793\" data-end=\"877\">Tri-grip-handtag p\u00e5 viktskivorna f\u00f6r enkel och s\u00e4ker hantering<\/p>\n<\/li>\n<li class=\"\" data-start=\"791\" data-end=\"877\">\n<p class=\"\" data-start=\"793\" data-end=\"877\">Val mellan svarta eller f\u00e4rgkodade viktplattor<\/p>\n<\/li>\n<li class=\"\" data-start=\"849\" data-end=\"917\">\n<p class=\"\" data-start=\"851\" data-end=\"917\">F\u00e4rgkodade skivor f\u00f6r snabb och enkel identifiering (om tillval)<\/p>\n<\/li>\n<li class=\"\" data-start=\"918\" data-end=\"981\">\n<p class=\"\" data-start=\"920\" data-end=\"981\">Perfekt f\u00f6r styrketr\u00e4ning, tyngdlyftning och funktionell tr\u00e4ning<\/p>\n<\/li>\n<\/ul>\n<p class=\"\" data-start=\"983\" data-end=\"1064\">Ett komplett set f\u00f6r dig som vill tr\u00e4na tungt och s\u00e4kert &#8211; hemma eller p\u00e5 gymmet.<\/p>\n","protected":false},"excerpt":{"rendered":"<p>Ett professionellt skivst\u00e5ngsset som \u00e4r perfekt f\u00f6r b\u00e5de hemmatr\u00e4ning och fitnesscenter. NordiCore 105 kg Barbell Set Pro levereras komplett med viktskivor, olympisk skivst\u00e5ng, l\u00e5s och skivst\u00e5ngsdynor s\u00e5 att du kan b\u00f6rja med effektiv styrketr\u00e4ning direkt. Inneh\u00e5ll i satsen: 1 x 220 cm olympisk skivst\u00e5ng &#8211; 16 kg, \u00d850 mm 2 x 20 kg viktskivor 2 [&#8230;]\n","protected":false},"featured_media":2273,"comment_status":"open","ping_status":"closed","template":"","meta":[],"product_brand":[],"product_cat":[182,181,180,164,179],"product_tag":[],"class_list":{"0":"post-2723","1":"product","2":"type-product","3":"status-publish","4":"has-post-thumbnail","6":"product_cat-olympisk-vaeggstaangssats","7":"product_cat-olympiska-viktskivor","8":"product_cat-skivstaangsset","9":"product_cat-styrketraening-sv","10":"product_cat-viktskivor","11":"product_shipping_class-stora-leveranser","13":"first","14":"instock","15":"sale","16":"taxable","17":"shipping-taxable","18":"purchasable","19":"product-type-variable","20":"wvs-archive-product-wrapper"},"_links":{"self":[{"href":"https:\/\/nordicore.dk\/sv\/wp-json\/wp\/v2\/product\/2723","targetHints":{"allow":["GET"]}}],"collection":[{"href":"https:\/\/nordicore.dk\/sv\/wp-json\/wp\/v2\/product"}],"about":[{"href":"https:\/\/nordicore.dk\/sv\/wp-json\/wp\/v2\/types\/product"}],"replies":[{"embeddable":true,"href":"https:\/\/nordicore.dk\/sv\/wp-json\/wp\/v2\/comments?post=2723"}],"wp:featuredmedia":[{"embeddable":true,"href":"https:\/\/nordicore.dk\/sv\/wp-json\/wp\/v2\/media\/2273"}],"wp:attachment":[{"href":"https:\/\/nordicore.dk\/sv\/wp-json\/wp\/v2\/media?parent=2723"}],"wp:term":[{"taxonomy":"product_brand","embeddable":true,"href":"https:\/\/nordicore.dk\/sv\/wp-json\/wp\/v2\/product_brand?post=2723"},{"taxonomy":"product_cat","embeddable":true,"href":"https:\/\/nordicore.dk\/sv\/wp-json\/wp\/v2\/product_cat?post=2723"},{"taxonomy":"product_tag","embeddable":true,"href":"https:\/\/nordicore.dk\/sv\/wp-json\/wp\/v2\/product_tag?post=2723"}],"curies":[{"name":"wp","href":"https:\/\/api.w.org\/{rel}","templated":true}]}}