{"id":2722,"date":"2025-04-29T02:43:06","date_gmt":"2025-04-29T02:43:06","guid":{"rendered":"https:\/\/nordicore.dk\/vare\/traeningshandskar\/"},"modified":"2025-11-08T00:55:28","modified_gmt":"2025-11-08T00:55:28","slug":"traeningshandskar","status":"publish","type":"product","link":"https:\/\/nordicore.dk\/sv\/vare\/traeningshandskar\/","title":{"rendered":"Tr\u00e4ningshandskar"},"content":{"rendered":"<p class=\"\" data-start=\"533\" data-end=\"736\">NordiCore Training Gloves ger ett s\u00e4kert grepp f\u00f6r alla tr\u00e4ningsaktiviteter. Tillverkade av nylon som andas och med ergonomiskt vadderade zoner f\u00f6r st\u00f6d och komfort. Justerbart kardborreband ger en stabil passform under tr\u00e4ningen.  <\/p>\n<hr class=\"\" data-start=\"989\" data-end=\"992\">\n<h4 data-start=\"738\" data-end=\"750\">F\u00f6rdelar:<\/h4>\n<ul data-start=\"751\" data-end=\"863\">\n<li class=\"\" data-start=\"751\" data-end=\"790\">\n<p class=\"\" data-start=\"753\" data-end=\"790\">Ergonomiskt vadderade zoner f\u00f6r st\u00f6d och komfort.<\/p>\n<\/li>\n<li class=\"\" data-start=\"791\" data-end=\"823\">\n<p class=\"\" data-start=\"793\" data-end=\"823\">Andningsbart och elastiskt material.<\/p>\n<\/li>\n<li class=\"\" data-start=\"824\" data-end=\"863\">\n<p class=\"\" data-start=\"826\" data-end=\"863\">Justerbar kardborre f\u00f6r perfekt passform.<\/p>\n<\/li>\n<\/ul>\n","protected":false},"excerpt":{"rendered":"<p>NordiCore Training Gloves ger ett s\u00e4kert grepp f\u00f6r alla tr\u00e4ningsaktiviteter. Tillverkade av nylon som andas och med ergonomiskt vadderade zoner f\u00f6r st\u00f6d och komfort. Justerbart kardborreband ger en stabil passform under tr\u00e4ningen. F\u00f6rdelar: Ergonomiskt vadderade zoner f\u00f6r st\u00f6d och komfort. Andningsbart och elastiskt material. Justerbar kardborre f\u00f6r perfekt passform.<\/p>\n","protected":false},"featured_media":4239,"comment_status":"open","ping_status":"closed","template":"","meta":[],"product_brand":[],"product_cat":[171,172,174],"product_tag":[],"class_list":{"0":"post-2722","1":"product","2":"type-product","3":"status-publish","4":"has-post-thumbnail","6":"product_cat-tillbehoer","7":"product_cat-tillbehoer-foer-roddmaskiner","8":"product_cat-traeningshandskar","10":"first","11":"instock","12":"taxable","13":"shipping-taxable","14":"purchasable","15":"product-type-simple"},"_links":{"self":[{"href":"https:\/\/nordicore.dk\/sv\/wp-json\/wp\/v2\/product\/2722","targetHints":{"allow":["GET"]}}],"collection":[{"href":"https:\/\/nordicore.dk\/sv\/wp-json\/wp\/v2\/product"}],"about":[{"href":"https:\/\/nordicore.dk\/sv\/wp-json\/wp\/v2\/types\/product"}],"replies":[{"embeddable":true,"href":"https:\/\/nordicore.dk\/sv\/wp-json\/wp\/v2\/comments?post=2722"}],"wp:featuredmedia":[{"embeddable":true,"href":"https:\/\/nordicore.dk\/sv\/wp-json\/wp\/v2\/media\/4239"}],"wp:attachment":[{"href":"https:\/\/nordicore.dk\/sv\/wp-json\/wp\/v2\/media?parent=2722"}],"wp:term":[{"taxonomy":"product_brand","embeddable":true,"href":"https:\/\/nordicore.dk\/sv\/wp-json\/wp\/v2\/product_brand?post=2722"},{"taxonomy":"product_cat","embeddable":true,"href":"https:\/\/nordicore.dk\/sv\/wp-json\/wp\/v2\/product_cat?post=2722"},{"taxonomy":"product_tag","embeddable":true,"href":"https:\/\/nordicore.dk\/sv\/wp-json\/wp\/v2\/product_tag?post=2722"}],"curies":[{"name":"wp","href":"https:\/\/api.w.org\/{rel}","templated":true}]}}