{"id":2721,"date":"2025-04-29T02:38:07","date_gmt":"2025-04-29T02:38:07","guid":{"rendered":"https:\/\/nordicore.dk\/vare\/floedesskyddsmatta\/"},"modified":"2025-11-20T09:54:41","modified_gmt":"2025-11-20T09:54:41","slug":"floedesskyddsmatta","status":"publish","type":"product","link":"https:\/\/nordicore.dk\/sv\/vare\/floedesskyddsmatta\/","title":{"rendered":"Fl\u00f6desskyddsmatta"},"content":{"rendered":"<p class=\"\" data-start=\"152\" data-end=\"369\">NordiCore Protection Mat \u00e4r speciellt utformad f\u00f6r Flow Vandromachine och ger ett stabilt skydd mot slitage, repor och ljud. Med en tjocklek p\u00e5 0,5 cm skapar den en stabil grund f\u00f6r ett bekv\u00e4mare tr\u00e4ningspass. <\/p>\n<hr class=\"\" data-start=\"989\" data-end=\"992\">\n<h4 data-start=\"371\" data-end=\"415\">F\u00f6rdelar med NordiCore skyddsmatta:<\/h4>\n<ul data-start=\"416\" data-end=\"836\">\n<li class=\"\" data-start=\"416\" data-end=\"533\">\n<p class=\"\" data-start=\"418\" data-end=\"533\"><strong data-start=\"418\" data-end=\"440\">Optimal storlek:<\/strong> 220 x 60 cm passar perfekt under din Flow Vandromaskin f\u00f6r stabilitet och full t\u00e4ckning.<\/p>\n<\/li>\n<li class=\"\" data-start=\"534\" data-end=\"621\">\n<p class=\"\" data-start=\"536\" data-end=\"621\"><strong data-start=\"536\" data-end=\"557\">Skyddar golvet:<\/strong> Det halkfria och slitstarka materialet f\u00f6rhindrar m\u00e4rken och repor.<\/p>\n<\/li>\n<li class=\"\" data-start=\"622\" data-end=\"735\">\n<p class=\"\" data-start=\"624\" data-end=\"735\"><strong data-start=\"624\" data-end=\"658\">Minskar b<\/strong> uller och vibrationer: D\u00e4mpar buller och vibrationer, vilket skapar en mer bekv\u00e4m tr\u00e4ningsmilj\u00f6.<\/p>\n<\/li>\n<li class=\"\" data-start=\"736\" data-end=\"836\">\n<p class=\"\" data-start=\"738\" data-end=\"836\"><strong data-start=\"738\" data-end=\"773\">Slitstarka och l\u00e4ttsk\u00f6tta:<\/strong> Slitstarka material som \u00e4r l\u00e4tta att reng\u00f6ra och t\u00e5l daglig anv\u00e4ndning.<\/p>\n<\/li>\n<\/ul>\n<p class=\"\" data-start=\"838\" data-end=\"947\">NordiCore Protection Mat \u00e4r den perfekta l\u00f6sningen f\u00f6r att skydda golvet och f\u00f6rb\u00e4ttra din tr\u00e4ningsupplevelse.<\/p>\n","protected":false},"excerpt":{"rendered":"<p>NordiCore Protection Mat \u00e4r speciellt utformad f\u00f6r Flow Vandromachine och ger ett stabilt skydd mot slitage, repor och ljud. Med en tjocklek p\u00e5 0,5 cm skapar den en stabil grund f\u00f6r ett bekv\u00e4mare tr\u00e4ningspass. F\u00f6rdelar med NordiCore skyddsmatta: Optimal storlek: 220 x 60 cm passar perfekt under din Flow Vandromaskin f\u00f6r stabilitet och full t\u00e4ckning. [&#8230;]\n","protected":false},"featured_media":553,"comment_status":"open","ping_status":"closed","template":"","meta":[],"product_brand":[],"product_cat":[171,172],"product_tag":[],"class_list":{"0":"post-2721","1":"product","2":"type-product","3":"status-publish","4":"has-post-thumbnail","6":"product_cat-tillbehoer","7":"product_cat-tillbehoer-foer-roddmaskiner","9":"first","10":"instock","11":"taxable","12":"shipping-taxable","13":"purchasable","14":"product-type-simple"},"_links":{"self":[{"href":"https:\/\/nordicore.dk\/sv\/wp-json\/wp\/v2\/product\/2721","targetHints":{"allow":["GET"]}}],"collection":[{"href":"https:\/\/nordicore.dk\/sv\/wp-json\/wp\/v2\/product"}],"about":[{"href":"https:\/\/nordicore.dk\/sv\/wp-json\/wp\/v2\/types\/product"}],"replies":[{"embeddable":true,"href":"https:\/\/nordicore.dk\/sv\/wp-json\/wp\/v2\/comments?post=2721"}],"wp:featuredmedia":[{"embeddable":true,"href":"https:\/\/nordicore.dk\/sv\/wp-json\/wp\/v2\/media\/553"}],"wp:attachment":[{"href":"https:\/\/nordicore.dk\/sv\/wp-json\/wp\/v2\/media?parent=2721"}],"wp:term":[{"taxonomy":"product_brand","embeddable":true,"href":"https:\/\/nordicore.dk\/sv\/wp-json\/wp\/v2\/product_brand?post=2721"},{"taxonomy":"product_cat","embeddable":true,"href":"https:\/\/nordicore.dk\/sv\/wp-json\/wp\/v2\/product_cat?post=2721"},{"taxonomy":"product_tag","embeddable":true,"href":"https:\/\/nordicore.dk\/sv\/wp-json\/wp\/v2\/product_tag?post=2721"}],"curies":[{"name":"wp","href":"https:\/\/api.w.org\/{rel}","templated":true}]}}